{"id":662,"date":"2019-10-17T09:23:05","date_gmt":"2019-10-17T09:23:05","guid":{"rendered":"https:\/\/beta.nuovamenon.com\/azienda\/"},"modified":"2023-09-04T11:59:46","modified_gmt":"2023-09-04T11:59:46","slug":"unternehmen","status":"publish","type":"page","link":"https:\/\/nuovamenon.com\/de\/unternehmen\/","title":{"rendered":"UNTERNEHMEN"},"content":{"rendered":"\n\t<section class=\"section\" id=\"section_1769683197\">\n\t\t<div class=\"section-bg fill\" >\n\t\t\t<img loading=\"lazy\" decoding=\"async\" width=\"1920\" height=\"1081\" src=\"https:\/\/nuovamenon.com\/wp-content\/uploads\/2019\/10\/azienda_testa.jpg\" class=\"bg attachment-original size-original\" alt=\"\" \/>\t\t\t\t\t\t\n\t\t\t\n\n\t\t<\/div>\n\n\t\t\n\n\t\t<div class=\"section-content relative\">\n\t\t\t\n\n  <div class=\"banner has-hover\" id=\"banner-1828850781\">\n          <div class=\"banner-inner fill\">\n        <div class=\"banner-bg fill\" >\n            <img loading=\"lazy\" decoding=\"async\" width=\"1920\" height=\"400\" src=\"https:\/\/nuovamenon.com\/wp-content\/uploads\/2019\/10\/sfumatura.png\" class=\"bg attachment-original size-original\" alt=\"\" \/>                                    \n                    <\/div>\n\t\t\n        <div class=\"banner-layers container\">\n            <div class=\"fill banner-link\"><\/div>            \n   <div id=\"text-box-508716205\" class=\"text-box banner-layer x50 md-x50 lg-x50 y0 md-y0 lg-y0 res-text\">\n                                <div class=\"text-box-content text dark\">\n              \n              <div class=\"text-inner text-center\">\n                  \n\t<div class=\"img has-hover x md-x lg-x y md-y lg-y\" id=\"image_1911149342\">\n\t\t\t\t\t\t\t\t<div class=\"img-inner image-cover dark\" style=\"padding-top:61px;\">\n\t\t\t<img loading=\"lazy\" decoding=\"async\" width=\"21\" height=\"61\" src=\"https:\/\/nuovamenon.com\/wp-content\/uploads\/2022\/02\/freccia2.png\" class=\"attachment-original size-original\" alt=\"\" \/>\t\t\t\t\t\t\n\t\t\t\t\t<\/div>\n\t\t\t\t\t\t\t\t\n<style>\n#image_1911149342 {\n  width: 2%;\n}\n<\/style>\n\t<\/div>\n\t\n<h4 class=\"titolettobanner\">UNTERNEHMEN<\/h4>\n<h1 class=\"titolibanner\">Qualit\u00e4t, vollst\u00e4ndige Kundenzufriedenheit und strenge Made in Italy Disziplin<\/h1>\n              <\/div>\n           <\/div>\n                            \n<style>\n#text-box-508716205 {\n  width: 86%;\n}\n#text-box-508716205 .text-box-content {\n  font-size: 100%;\n}\n<\/style>\n    <\/div>\n \n        <\/div>\n      <\/div>\n\n            \n<style>\n#banner-1828850781 {\n  padding-top: 680px;\n  background-color: rgba(255, 255, 255, 0);\n}\n<\/style>\n  <\/div>\n\n\n\t\t<\/div>\n\n\t\t\n<style>\n#section_1769683197 {\n  padding-top: 0px;\n  padding-bottom: 0px;\n  min-height: 680px;\n}\n<\/style>\n\t<\/section>\n\t\n\n\t<section class=\"section\" id=\"section_413401208\">\n\t\t<div class=\"section-bg fill\" >\n\t\t\t<img loading=\"lazy\" decoding=\"async\" width=\"1920\" height=\"707\" src=\"https:\/\/nuovamenon.com\/wp-content\/uploads\/2019\/10\/azienda_testa2.jpg\" class=\"bg attachment- size-\" alt=\"\" \/>\t\t\t\t\t\t<div class=\"section-bg-overlay absolute fill\"><\/div>\n\t\t\t\n\n\t\t<\/div>\n\n\t\t\n\n\t\t<div class=\"section-content relative\">\n\t\t\t\n<div class=\"row\"  id=\"row-2068080775\">\n\n\t<div id=\"col-185671777\" class=\"col small-12 large-12\"  >\n\t\t\t\t<div class=\"col-inner\"  >\n\t\t\t\n\t\t\t\n<h2 class=\"titolibanner\" style=\"color: #e2ff00; text-align: center;\">\u00dcber ein Jahrhundert Geschichte, als Beweis der Unternehmensstabilit\u00e4t, und Zeugnis des Einfallsreichtums und der au\u00dferordentlichen technischen Erfahrung im Bereich des Maschinenbaus.<\/h2>\n\t\t<\/div>\n\t\t\t\t\t<\/div>\n\n\t\n<\/div>\n\t\t<\/div>\n\n\t\t\n<style>\n#section_413401208 {\n  padding-top: 30px;\n  padding-bottom: 30px;\n  min-height: 504px;\n}\n#section_413401208 .section-bg-overlay {\n  background-color: rgba(0,0,0,.5);\n}\n<\/style>\n\t<\/section>\n\t\n\n\t<section class=\"section\" id=\"section_1124921926\">\n\t\t<div class=\"section-bg fill\" >\n\t\t\t\t\t\t\t\t\t\n\t\t\t\n\n\t\t<\/div>\n\n\t\t\n\n\t\t<div class=\"section-content relative\">\n\t\t\t\n<div class=\"row align-center\"  id=\"row-2018195138\">\n\n\t<div id=\"col-1206994317\" class=\"col small-12 large-12\"  >\n\t\t\t\t<div class=\"col-inner text-center\"  >\n\t\t\t\n\t\t\t\n<h2 class=\"titolibanner\" style=\"text-align: center;\">QUALIT\u00c4T, ZUVERL\u00c4SSIGKEIT, VERANTWORTUNG<\/h2>\n\t\t<\/div>\n\t\t\t\t\t<\/div>\n\n\t\n\n\t<div id=\"col-2124340191\" class=\"col medium-6 small-12 large-6\"  >\n\t\t\t\t<div class=\"col-inner\"  >\n\t\t\t\n\t\t\t\n<p class=\"regular\">Die Unternehmensphilosophie von New Menon basiert auf einem konsolidierten und pr\u00e4zisen Wertesatz. Eine Reihe grundlegender Prinzipien, die f\u00fcr das Unternehmen den Kompass zur Ausrichtung der Gesch\u00e4ftst\u00e4tigkeit darstellen.<\/p>\n<p class=\"regular\">Von der Vorrangstellung der <b>Qualit\u00e4t als generelles Ziel der Unternehmensstrategien bis hin zu Zuverl\u00e4ssigkeit, Ehrlichkeit und Transparenz als zentrale Verhaltensregeln<\/b>, sowohl zwischenmenschlich als auch gegen\u00fcber den Stakeholdern. Von der Wichtigkeit einer guten Zusammenarbeit und Einsatzbereitschaft, als Schl\u00fcssel f\u00fcr eine erfolgreiche Arbeit als Team, bis hin zum Bewusstsein der gro\u00dfen Verantwortung, welche eine Gesch\u00e4ftst\u00e4tigkeit gegen\u00fcber<\/p>\n\t\t<\/div>\n\t\t\t\t\t<\/div>\n\n\t\n\n\t<div id=\"col-1802008741\" class=\"col medium-6 small-12 large-6\"  >\n\t\t\t\t<div class=\"col-inner\"  >\n\t\t\t\n\t\t\t\n<p class=\"regular\">den Menschen, dem Territorium, der Gesellschaft und der Umwelt mit sich bringt. Aus diesen Werten heraus bilden sich auch die Mission und Vision des Unternehmens, <b>die in der Qualit\u00e4t des Produkts und in der vollst\u00e4ndigen Zufriedenheit des Kunden das Endziel des unternehmerischen Handelns identifizieren<\/b>, und somit die einzigen Faktoren sind, die echten Wert und Wohlbefinden f\u00fcr das Unternehmen, die Mitarbeiter, die Kunden und die Gesellschaft erzeugen k\u00f6nnen. Dies ist der Kurs, den Nuova Menon f\u00fcr die Zukunft beibehalten will.<\/p>\n<p>&nbsp;<\/p>\n\t\t<\/div>\n\t\t\t\t\t<\/div>\n\n\t\n<\/div>\n\t\t<\/div>\n\n\t\t\n<style>\n#section_1124921926 {\n  padding-top: 60px;\n  padding-bottom: 60px;\n  min-height: 360px;\n}\n<\/style>\n\t<\/section>\n\t\n\n\t<section class=\"section\" id=\"section_169499522\">\n\t\t<div class=\"section-bg fill\" >\n\t\t\t\t\t\t\t\t\t\n\t\t\t\n\n\t\t<\/div>\n\n\t\t\n\n\t\t<div class=\"section-content relative\">\n\t\t\t\n  <div class=\"banner-grid-wrapper\">\n  <div id=\"banner-grid-46407119\" class=\"banner-grid row row-grid hide-for-small row-collapse row-full-width\" data-packery-options=\"\">\n                      \n<div class=\"col grid-col large-6 grid-col-1-2\" ><div class=\"col-inner\">\n\n  <div class=\"banner has-hover\" id=\"banner-439851159\">\n          <div class=\"banner-inner fill\">\n        <div class=\"banner-bg fill\" >\n            <img loading=\"lazy\" decoding=\"async\" width=\"960\" height=\"291\" src=\"https:\/\/nuovamenon.com\/wp-content\/uploads\/2019\/10\/azienda_1.jpg\" class=\"bg attachment-original size-original\" alt=\"\" \/>                                    \n                    <\/div>\n\t\t\n        <div class=\"banner-layers container\">\n            <div class=\"fill banner-link\"><\/div>            \n        <\/div>\n      <\/div>\n\n            \n<style>\n#banner-439851159 {\n  padding-top: 500px;\n}\n#banner-439851159 .banner-bg img {\n  object-position: 43% 52%;\n}\n<\/style>\n  <\/div>\n\n\n<\/div><\/div>\n<div class=\"col grid-col large-6 grid-col-1\" ><div class=\"col-inner\">\n\n  <div class=\"banner has-hover\" id=\"banner-749548118\">\n          <div class=\"banner-inner fill\">\n        <div class=\"banner-bg fill\" >\n            <img loading=\"lazy\" decoding=\"async\" width=\"960\" height=\"578\" src=\"https:\/\/nuovamenon.com\/wp-content\/uploads\/2019\/10\/azienda_2.jpg\" class=\"bg attachment-original size-original\" alt=\"\" \/>                                    \n                    <\/div>\n\t\t\n        <div class=\"banner-layers container\">\n            <div class=\"fill banner-link\"><\/div>            \n        <\/div>\n      <\/div>\n\n            \n<style>\n#banner-749548118 {\n  padding-top: 500px;\n}\n#banner-749548118 .banner-bg img {\n  object-position: 52% 53%;\n}\n<\/style>\n  <\/div>\n\n\n<\/div><\/div>\n<div class=\"col grid-col large-6 grid-col-1-2\" ><div class=\"col-inner\">\n\n  <div class=\"banner has-hover\" id=\"banner-2018698692\">\n          <div class=\"banner-inner fill\">\n        <div class=\"banner-bg fill\" >\n            <img loading=\"lazy\" decoding=\"async\" width=\"960\" height=\"289\" src=\"https:\/\/nuovamenon.com\/wp-content\/uploads\/2019\/10\/lavorazioni_3.jpg\" class=\"bg attachment-original size-original\" alt=\"\" \/>                                    \n                    <\/div>\n\t\t\n        <div class=\"banner-layers container\">\n            <div class=\"fill banner-link\"><\/div>            \n        <\/div>\n      <\/div>\n\n            \n<style>\n#banner-2018698692 {\n  padding-top: 206px;\n  background-color: rgb(255,255,255);\n}\n<\/style>\n  <\/div>\n\n\n<\/div><\/div>\n            <\/div>\n    <style>\n    #banner-grid-46407119 .grid-col-1{height: 417px}\n    #banner-grid-46407119 .grid-col-1-2{height: 208.5px}\n    #banner-grid-46407119 .grid-col-1-3{height:139px}\n    #banner-grid-46407119 .grid-col-2-3{height: 278px}\n    #banner-grid-46407119 .grid-col-1-4{height: 104.25px}\n    #banner-grid-46407119 .grid-col-3-4{height: 312.75px}\n\n\n    \n    \n\n  <\/style>\n    <\/div>\n  \n  <div class=\"banner-grid-wrapper\">\n  <div id=\"banner-grid-2107869019\" class=\"banner-grid row row-grid show-for-small row-collapse row-full-width\" data-packery-options=\"\">\n                      \n<div class=\"col grid-col small-12 large-6 grid-col-1-2\" ><div class=\"col-inner\">\n\n  <div class=\"banner has-hover\" id=\"banner-798896162\">\n          <div class=\"banner-inner fill\">\n        <div class=\"banner-bg fill\" >\n            <img loading=\"lazy\" decoding=\"async\" width=\"960\" height=\"291\" src=\"https:\/\/nuovamenon.com\/wp-content\/uploads\/2019\/10\/azienda_1.jpg\" class=\"bg attachment-original size-original\" alt=\"\" \/>                                    \n                    <\/div>\n\t\t\n        <div class=\"banner-layers container\">\n            <div class=\"fill banner-link\"><\/div>            \n        <\/div>\n      <\/div>\n\n            \n<style>\n#banner-798896162 {\n  padding-top: 500px;\n}\n#banner-798896162 .banner-bg img {\n  object-position: 26% 65%;\n}\n<\/style>\n  <\/div>\n\n\n<\/div><\/div>\n<div class=\"col grid-col small-12 large-6 grid-col-1-2\" ><div class=\"col-inner\">\n\n  <div class=\"banner has-hover\" id=\"banner-1481252588\">\n          <div class=\"banner-inner fill\">\n        <div class=\"banner-bg fill\" >\n            <img loading=\"lazy\" decoding=\"async\" width=\"960\" height=\"578\" src=\"https:\/\/nuovamenon.com\/wp-content\/uploads\/2019\/10\/azienda_2.jpg\" class=\"bg attachment-original size-original\" alt=\"\" \/>                                    \n                    <\/div>\n\t\t\n        <div class=\"banner-layers container\">\n            <div class=\"fill banner-link\"><\/div>            \n        <\/div>\n      <\/div>\n\n            \n<style>\n#banner-1481252588 {\n  padding-top: 500px;\n}\n#banner-1481252588 .banner-bg img {\n  object-position: 52% 53%;\n}\n<\/style>\n  <\/div>\n\n\n<\/div><\/div>\n<div class=\"col grid-col small-12 large-6 grid-col-1-2\" ><div class=\"col-inner\">\n\n  <div class=\"banner has-hover\" id=\"banner-1081995445\">\n          <div class=\"banner-inner fill\">\n        <div class=\"banner-bg fill\" >\n            <img loading=\"lazy\" decoding=\"async\" width=\"960\" height=\"289\" src=\"https:\/\/nuovamenon.com\/wp-content\/uploads\/2019\/10\/lavorazioni_3.jpg\" class=\"bg attachment-original size-original\" alt=\"\" \/>                                    \n                    <\/div>\n\t\t\n        <div class=\"banner-layers container\">\n            <div class=\"fill banner-link\"><\/div>            \n        <\/div>\n      <\/div>\n\n            \n<style>\n#banner-1081995445 {\n  padding-top: 206px;\n  background-color: rgb(255,255,255);\n}\n<\/style>\n  <\/div>\n\n\n<\/div><\/div>\n            <\/div>\n    <style>\n    #banner-grid-2107869019 .grid-col-1{height: 417px}\n    #banner-grid-2107869019 .grid-col-1-2{height: 208.5px}\n    #banner-grid-2107869019 .grid-col-1-3{height:139px}\n    #banner-grid-2107869019 .grid-col-2-3{height: 278px}\n    #banner-grid-2107869019 .grid-col-1-4{height: 104.25px}\n    #banner-grid-2107869019 .grid-col-3-4{height: 312.75px}\n\n\n    \n    \n\n  <\/style>\n    <\/div>\n  \n\t\t<\/div>\n\n\t\t\n<style>\n#section_169499522 {\n  padding-top: 0px;\n  padding-bottom: 0px;\n  min-height: 415px;\n}\n<\/style>\n\t<\/section>\n\t\n\n\t<section class=\"section dark\" id=\"section_1117897104\">\n\t\t<div class=\"section-bg fill\" >\n\t\t\t<img loading=\"lazy\" decoding=\"async\" width=\"1920\" height=\"700\" src=\"https:\/\/nuovamenon.com\/wp-content\/uploads\/2019\/10\/bg_graduato-1.jpg\" class=\"bg attachment-original size-original\" alt=\"\" \/>\t\t\t\t\t\t\n\t\t\t\n\n\t\t<\/div>\n\n\t\t\n\n\t\t<div class=\"section-content relative\">\n\t\t\t\n<div class=\"row\"  id=\"row-1936050982\">\n\n\t<div id=\"col-1575979874\" class=\"col medium-4 small-12 large-4\"  >\n\t\t\t\t<div class=\"col-inner text-center\"  >\n\t\t\t\n\t\t\t\n\n  <div class=\"banner has-hover\" id=\"banner-1371620579\">\n          <div class=\"banner-inner fill\">\n        <div class=\"banner-bg fill\" >\n            <img decoding=\"async\" src=\"https:\/\/nuovamenon.com\/wp-content\/uploads\/2019\/11\/cerchio-1.svg\" class=\"bg attachment-original size-original\" alt=\"\" \/>                                    \n                    <\/div>\n\t\t\n        <div class=\"banner-layers container\">\n            <div class=\"fill banner-link\"><\/div>            \n   <div id=\"text-box-1120894443\" class=\"text-box banner-layer x50 md-x50 lg-x50 y50 md-y50 lg-y50 res-text\">\n                                <div class=\"text-box-content text dark\">\n              \n              <div class=\"text-inner text-center\">\n                  \n<div class=\"counter\" data-start=\"0\" data-decimals=\"0\" data-duration=\"5\" data-suffix=\"%\" data-scroll=\"false\" data-end=\"100\"><\/div>\n              <\/div>\n           <\/div>\n                            \n<style>\n#text-box-1120894443 {\n  width: 60%;\n}\n#text-box-1120894443 .text-box-content {\n  font-size: 100%;\n}\n<\/style>\n    <\/div>\n \n        <\/div>\n      <\/div>\n\n            \n<style>\n#banner-1371620579 {\n  padding-top: 99.99%;\n  background-color: rgba(255, 255, 255, 0);\n}\n<\/style>\n  <\/div>\n\n\n<h2 class=\"titolibanner\" style=\"text-align: center;\"><span style=\"color: #e2ff00;\">Made in Italy<\/span><\/h2>\n\t\t<\/div>\n\t\t\t\t\n<style>\n#col-1575979874 > .col-inner {\n  padding: 25px 0px 0px 0px;\n}\n<\/style>\n\t<\/div>\n\n\t\n\n\t<div id=\"col-608037792\" class=\"col medium-2 small-12 large-2\"  >\n\t\t\t\t<div class=\"col-inner\"  >\n\t\t\t\n\t\t\t\n\t\t<\/div>\n\t\t\t\t\t<\/div>\n\n\t\n\n\t<div id=\"col-1976698151\" class=\"col medium-6 small-12 large-6\"  >\n\t\t\t\t<div class=\"col-inner\"  >\n\t\t\t\n\t\t\t\n<div id=\"col-299228787\" class=\"col medium-6 small-12 large-6\">\n<div class=\"col-inner\">\n<p><b>Made in Italy als Disziplin und Philosophie, als S\u00e4ule der Gesch\u00e4ftst\u00e4tigkeit<\/b> und vor allem als wesentlicher Faktor f\u00fcr die Qualit\u00e4t der Produkte. Dies ist das Konzept von Made in Italy, in dem sich Nuova Menon erkennt und auf welches die Gesch\u00e4ftspraktiken ausrichtet werden.<\/p>\n<p>Im Zusammenhang mit Made in Italy lokalisiert das Unternehmen nicht nur die gesamte Produktionskette in Italien, sondern legt auch eine strenge Produktkultur fest und baut eine tiefe Verbindung zum Territorium auf. Zwei Faktoren die jeden von Nuova Menon hergestellte Artikel charakterisieren, eine Reihe grundlegender greifbarer und nicht greifbarer Merkmale, welche in der gelieferten Qualit\u00e4t sofort erkennbar sind. Von der vortrefflichen Qualit\u00e4t der Rohmaterialien zur hohen <b>Spezialisierung der Produktionstechniken, von der Pr\u00e4zision bei der Produktion bis hin zu den verwendeten Spitzentechnologien, von der<span class=\"Apple-converted-space\">\u00a0 <\/span>au\u00dferordentlichen Planungskompetenzen bis zum jahrzehntelangen Fachwissen, von der leidenschaftlichen Sorgfalt f\u00fcr jedes Detail bis zur hohen F\u00e4higkeit zur Probleml\u00f6sung.<\/b> Jeder dieser Aspekte tr\u00e4gt zur Definition des Mehrwerts bei, f\u00fcr den der Begriff Made in Italy allgemein bekannt ist, und der von Hingabe, technischer Kultur und der Suche nach der besten Leistung ohne Kompromisse spricht.<\/p>\n<\/div>\n<\/div>\n\t\t<\/div>\n\t\t\t\t\t<\/div>\n\n\t\n<\/div>\n\t\t<\/div>\n\n\t\t\n<style>\n#section_1117897104 {\n  padding-top: 30px;\n  padding-bottom: 30px;\n  min-height: 580px;\n}\n<\/style>\n\t<\/section>\n\t\n\n\t<section class=\"section\" id=\"section_485688980\">\n\t\t<div class=\"section-bg fill\" >\n\t\t\t<img loading=\"lazy\" decoding=\"async\" width=\"1920\" height=\"834\" src=\"https:\/\/nuovamenon.com\/wp-content\/uploads\/2019\/10\/azienda_fascia_2.jpg\" class=\"bg attachment- size-\" alt=\"\" \/>\t\t\t\t\t\t\n\t\t\t\n\n\t\t<\/div>\n\n\t\t\n\n\t\t<div class=\"section-content relative\">\n\t\t\t\n<div class=\"row align-center\"  id=\"row-851067988\">\n\n\t<div id=\"col-217085111\" class=\"col medium-5 small-12 large-5\"  >\n\t\t\t\t<div class=\"col-inner text-center\"  >\n\t\t\t\n\t\t\t\n<h2 class=\"titologrigio\" style=\"text-align: center;\"><span style=\"font-size: 100%;\" data-line-height=\"xs\">1875<br \/>\nHEUTE<\/span><\/h2>\n<p class=\"lead\" style=\"text-align: center;\"><span style=\"color: #949bb3;\">\u00dcber hundert Jahre Geschichte von Nuova Menon, gepr\u00e4gt von der F\u00e4higkeit, Ver\u00e4nderungen zu durchlaufen und dabei die Identit\u00e4t, die Werte und die h\u00f6chste Qualit\u00e4t der Produkte zu bewahren.<\/span><\/p>\n<a href=\"\/de\/geschichtsarchiv\/\" class=\"button primary is-small\" >\n\t\t<span>MEHR ERFAHREN<\/span>\n\t<\/a>\n\n\t\t<\/div>\n\t\t\t\t\t<\/div>\n\n\t\n<\/div>\n\t\t<\/div>\n\n\t\t\n<style>\n#section_485688980 {\n  padding-top: 30px;\n  padding-bottom: 30px;\n  min-height: 560px;\n}\n<\/style>\n\t<\/section>\n\t\n","protected":false},"excerpt":{"rendered":"","protected":false},"author":1,"featured_media":0,"parent":0,"menu_order":0,"comment_status":"closed","ping_status":"closed","template":"page-blank.php","meta":{"content-type":"","footnotes":""},"class_list":["post-662","page","type-page","status-publish","hentry"],"yoast_head":"<!-- This site is optimized with the Yoast SEO plugin v27.4 - https:\/\/yoast.com\/product\/yoast-seo-wordpress\/ -->\n<title>Gesenkschmieden und mechanische Bearbeitungen \u2013 Nuova Menon<\/title>\n<meta name=\"description\" content=\"Nuova Menon ist ein Beispiel an Vorz\u00fcglichkeit im Bereich des Warmpressens und der mechanischen Bearbeitung, dank seiner \u00fcber 100-j\u00e4hriger Erfahrung.\" \/>\n<meta name=\"robots\" content=\"index, follow, max-snippet:-1, max-image-preview:large, max-video-preview:-1\" \/>\n<link rel=\"canonical\" href=\"https:\/\/nuovamenon.com\/azienda\/\" \/>\n<meta property=\"og:locale\" content=\"de_DE\" \/>\n<meta property=\"og:type\" content=\"article\" \/>\n<meta property=\"og:title\" content=\"Gesenkschmieden und mechanische Bearbeitungen \u2013 Nuova Menon\" \/>\n<meta property=\"og:description\" content=\"Nuova Menon ist ein Beispiel an Vorz\u00fcglichkeit im Bereich des Warmpressens und der mechanischen Bearbeitung, dank seiner \u00fcber 100-j\u00e4hriger Erfahrung.\" \/>\n<meta property=\"og:url\" content=\"https:\/\/nuovamenon.com\/azienda\/\" \/>\n<meta property=\"og:site_name\" content=\"Nuovamenon\" \/>\n<meta property=\"article:modified_time\" content=\"2023-09-04T11:59:46+00:00\" \/>\n<meta name=\"twitter:card\" content=\"summary_large_image\" \/>\n<meta name=\"twitter:label1\" content=\"Gesch\u00e4tzte Lesezeit\" \/>\n\t<meta name=\"twitter:data1\" content=\"4\u00a0Minuten\" \/>\n<script type=\"application\/ld+json\" class=\"yoast-schema-graph\">{\"@context\":\"https:\\\/\\\/schema.org\",\"@graph\":[{\"@type\":\"WebPage\",\"@id\":\"https:\\\/\\\/nuovamenon.com\\\/azienda\\\/\",\"url\":\"https:\\\/\\\/nuovamenon.com\\\/azienda\\\/\",\"name\":\"Gesenkschmieden und mechanische Bearbeitungen \u2013 Nuova Menon\",\"isPartOf\":{\"@id\":\"https:\\\/\\\/nuovamenon.com\\\/de\\\/#website\"},\"datePublished\":\"2019-10-17T09:23:05+00:00\",\"dateModified\":\"2023-09-04T11:59:46+00:00\",\"description\":\"Nuova Menon ist ein Beispiel an Vorz\u00fcglichkeit im Bereich des Warmpressens und der mechanischen Bearbeitung, dank seiner \u00fcber 100-j\u00e4hriger Erfahrung.\",\"breadcrumb\":{\"@id\":\"https:\\\/\\\/nuovamenon.com\\\/azienda\\\/#breadcrumb\"},\"inLanguage\":\"de\",\"potentialAction\":[{\"@type\":\"ReadAction\",\"target\":[\"https:\\\/\\\/nuovamenon.com\\\/azienda\\\/\"]}]},{\"@type\":\"BreadcrumbList\",\"@id\":\"https:\\\/\\\/nuovamenon.com\\\/azienda\\\/#breadcrumb\",\"itemListElement\":[{\"@type\":\"ListItem\",\"position\":1,\"name\":\"Home\",\"item\":\"https:\\\/\\\/nuovamenon.com\\\/de\\\/\"},{\"@type\":\"ListItem\",\"position\":2,\"name\":\"UNTERNEHMEN\"}]},{\"@type\":\"WebSite\",\"@id\":\"https:\\\/\\\/nuovamenon.com\\\/de\\\/#website\",\"url\":\"https:\\\/\\\/nuovamenon.com\\\/de\\\/\",\"name\":\"Nuovamenon\",\"description\":\"My WordPress Blog\",\"potentialAction\":[{\"@type\":\"SearchAction\",\"target\":{\"@type\":\"EntryPoint\",\"urlTemplate\":\"https:\\\/\\\/nuovamenon.com\\\/de\\\/?s={search_term_string}\"},\"query-input\":{\"@type\":\"PropertyValueSpecification\",\"valueRequired\":true,\"valueName\":\"search_term_string\"}}],\"inLanguage\":\"de\"}]}<\/script>\n<!-- \/ Yoast SEO plugin. -->","yoast_head_json":{"title":"Gesenkschmieden und mechanische Bearbeitungen \u2013 Nuova Menon","description":"Nuova Menon ist ein Beispiel an Vorz\u00fcglichkeit im Bereich des Warmpressens und der mechanischen Bearbeitung, dank seiner \u00fcber 100-j\u00e4hriger Erfahrung.","robots":{"index":"index","follow":"follow","max-snippet":"max-snippet:-1","max-image-preview":"max-image-preview:large","max-video-preview":"max-video-preview:-1"},"canonical":"https:\/\/nuovamenon.com\/azienda\/","og_locale":"de_DE","og_type":"article","og_title":"Gesenkschmieden und mechanische Bearbeitungen \u2013 Nuova Menon","og_description":"Nuova Menon ist ein Beispiel an Vorz\u00fcglichkeit im Bereich des Warmpressens und der mechanischen Bearbeitung, dank seiner \u00fcber 100-j\u00e4hriger Erfahrung.","og_url":"https:\/\/nuovamenon.com\/azienda\/","og_site_name":"Nuovamenon","article_modified_time":"2023-09-04T11:59:46+00:00","twitter_card":"summary_large_image","twitter_misc":{"Gesch\u00e4tzte Lesezeit":"4\u00a0Minuten"},"schema":{"@context":"https:\/\/schema.org","@graph":[{"@type":"WebPage","@id":"https:\/\/nuovamenon.com\/azienda\/","url":"https:\/\/nuovamenon.com\/azienda\/","name":"Gesenkschmieden und mechanische Bearbeitungen \u2013 Nuova Menon","isPartOf":{"@id":"https:\/\/nuovamenon.com\/de\/#website"},"datePublished":"2019-10-17T09:23:05+00:00","dateModified":"2023-09-04T11:59:46+00:00","description":"Nuova Menon ist ein Beispiel an Vorz\u00fcglichkeit im Bereich des Warmpressens und der mechanischen Bearbeitung, dank seiner \u00fcber 100-j\u00e4hriger Erfahrung.","breadcrumb":{"@id":"https:\/\/nuovamenon.com\/azienda\/#breadcrumb"},"inLanguage":"de","potentialAction":[{"@type":"ReadAction","target":["https:\/\/nuovamenon.com\/azienda\/"]}]},{"@type":"BreadcrumbList","@id":"https:\/\/nuovamenon.com\/azienda\/#breadcrumb","itemListElement":[{"@type":"ListItem","position":1,"name":"Home","item":"https:\/\/nuovamenon.com\/de\/"},{"@type":"ListItem","position":2,"name":"UNTERNEHMEN"}]},{"@type":"WebSite","@id":"https:\/\/nuovamenon.com\/de\/#website","url":"https:\/\/nuovamenon.com\/de\/","name":"Nuovamenon","description":"My WordPress Blog","potentialAction":[{"@type":"SearchAction","target":{"@type":"EntryPoint","urlTemplate":"https:\/\/nuovamenon.com\/de\/?s={search_term_string}"},"query-input":{"@type":"PropertyValueSpecification","valueRequired":true,"valueName":"search_term_string"}}],"inLanguage":"de"}]}},"_links":{"self":[{"href":"https:\/\/nuovamenon.com\/de\/wp-json\/wp\/v2\/pages\/662","targetHints":{"allow":["GET"]}}],"collection":[{"href":"https:\/\/nuovamenon.com\/de\/wp-json\/wp\/v2\/pages"}],"about":[{"href":"https:\/\/nuovamenon.com\/de\/wp-json\/wp\/v2\/types\/page"}],"author":[{"embeddable":true,"href":"https:\/\/nuovamenon.com\/de\/wp-json\/wp\/v2\/users\/1"}],"replies":[{"embeddable":true,"href":"https:\/\/nuovamenon.com\/de\/wp-json\/wp\/v2\/comments?post=662"}],"version-history":[{"count":5,"href":"https:\/\/nuovamenon.com\/de\/wp-json\/wp\/v2\/pages\/662\/revisions"}],"predecessor-version":[{"id":2288,"href":"https:\/\/nuovamenon.com\/de\/wp-json\/wp\/v2\/pages\/662\/revisions\/2288"}],"wp:attachment":[{"href":"https:\/\/nuovamenon.com\/de\/wp-json\/wp\/v2\/media?parent=662"}],"curies":[{"name":"wp","href":"https:\/\/api.w.org\/{rel}","templated":true}]}}