{"id":679,"date":"2019-10-17T09:25:13","date_gmt":"2019-10-17T09:25:13","guid":{"rendered":"https:\/\/beta.nuovamenon.com\/settori-e-materiali\/"},"modified":"2023-09-04T11:47:32","modified_gmt":"2023-09-04T11:47:32","slug":"bereiche-und-rohstoffe","status":"publish","type":"page","link":"https:\/\/nuovamenon.com\/de\/bereiche-und-rohstoffe\/","title":{"rendered":"BEREICHE UND ROHSTOFFE"},"content":{"rendered":"\n\t<section class=\"section\" id=\"section_1135841505\">\n\t\t<div class=\"section-bg fill\" >\n\t\t\t\t\t\t\t\t\t\n\t\t\t\n\n\t\t<\/div>\n\n\t\t\n\n\t\t<div class=\"section-content relative\">\n\t\t\t\n<div class=\"slider-wrapper relative\" id=\"slider-653572574\" >\n    <div class=\"slider slider-nav-circle slider-nav-large slider-nav-light slider-style-normal\"\n        data-flickity-options='{\n            \"cellAlign\": \"center\",\n            \"imagesLoaded\": true,\n            \"lazyLoad\": 1,\n            \"freeScroll\": false,\n            \"wrapAround\": true,\n            \"autoPlay\": 6000,\n            \"pauseAutoPlayOnHover\" : true,\n            \"prevNextButtons\": true,\n            \"contain\" : true,\n            \"adaptiveHeight\" : true,\n            \"dragThreshold\" : 10,\n            \"percentPosition\": true,\n            \"pageDots\": true,\n            \"rightToLeft\": false,\n            \"draggable\": true,\n            \"selectedAttraction\": 0.1,\n            \"parallax\" : 0,\n            \"friction\": 0.6        }'\n        >\n        \n\n  <div class=\"banner has-hover\" id=\"banner-612430024\">\n          <div class=\"banner-inner fill\">\n        <div class=\"banner-bg fill\" >\n            <img loading=\"lazy\" decoding=\"async\" width=\"1920\" height=\"1081\" src=\"https:\/\/nuovamenon.com\/wp-content\/uploads\/2019\/10\/settori_testa1.jpg\" class=\"bg attachment-original size-original\" alt=\"\" \/>                                    \n                    <\/div>\n\t\t\n        <div class=\"banner-layers container\">\n            <div class=\"fill banner-link\"><\/div>            \n   <div id=\"text-box-1710821716\" class=\"text-box banner-layer x50 md-x50 lg-x50 y0 md-y0 lg-y0 res-text\">\n                                <div class=\"text-box-content text dark\">\n              \n              <div class=\"text-inner text-center\">\n                  \n\t<div class=\"img has-hover x md-x lg-x y md-y lg-y\" id=\"image_827394466\">\n\t\t\t\t\t\t\t\t<div class=\"img-inner image-cover dark\" style=\"padding-top:61px;\">\n\t\t\t<img loading=\"lazy\" decoding=\"async\" width=\"21\" height=\"61\" src=\"https:\/\/nuovamenon.com\/wp-content\/uploads\/2022\/02\/freccia2.png\" class=\"attachment-original size-original\" alt=\"\" \/>\t\t\t\t\t\t\n\t\t\t\t\t<\/div>\n\t\t\t\t\t\t\t\t\n<style>\n#image_827394466 {\n  width: 2%;\n}\n<\/style>\n\t<\/div>\n\t\n<h4 class=\"titolettobanner\">BEREICHE UND ROHSTOFFE<\/h4>\n<h1 class=\"titolibanner\">Ma\u00dfgeschneiderte Komponenten aus Messing, Aluminium, Stahl und Kupfer f\u00fcr verschiedene Produktbereiche<\/h1>\n              <\/div>\n           <\/div>\n                            \n<style>\n#text-box-1710821716 {\n  width: 100%;\n}\n#text-box-1710821716 .text-box-content {\n  font-size: 100%;\n}\n<\/style>\n    <\/div>\n \n        <\/div>\n      <\/div>\n\n            \n<style>\n#banner-612430024 {\n  padding-top: 680px;\n}\n#banner-612430024 .banner-bg img {\n  object-position: 53% 59%;\n}\n@media (min-width:550px) {\n  #banner-612430024 {\n    padding-top: 680px;\n  }\n}\n<\/style>\n  <\/div>\n\n\n     <\/div>\n\n     <div class=\"loading-spin dark large centered\"><\/div>\n\n\t<\/div>\n\n\n\t\t<\/div>\n\n\t\t\n<style>\n#section_1135841505 {\n  padding-top: 0px;\n  padding-bottom: 0px;\n  min-height: 680px;\n}\n<\/style>\n\t<\/section>\n\t\n\n\t<section class=\"section\" id=\"section_1367708184\">\n\t\t<div class=\"section-bg fill\" >\n\t\t\t<img loading=\"lazy\" decoding=\"async\" width=\"1920\" height=\"700\" src=\"https:\/\/nuovamenon.com\/wp-content\/uploads\/2019\/10\/bg_graduato-1.jpg\" class=\"bg attachment-original size-original\" alt=\"\" \/>\t\t\t\t\t\t\n\t\t\t\n\n\t\t<\/div>\n\n\t\t\n\n\t\t<div class=\"section-content relative\">\n\t\t\t\n<div class=\"row align-equal hide-for-small\"  id=\"row-172515265\">\n\n\t<div id=\"col-315817630\" class=\"col medium-6 small-12 large-6\"  >\n\t\t\t\t<div class=\"col-inner text-center dark\"  >\n\t\t\t\n\t\t\t\n<h2 class=\"titolibanner\" style=\"color: #e2ff00; text-align: left;\">Nutzung ausschlie\u00dflich von r\u00fcckverfolgbaren und zertifizierten Rohstoffen um Qualit\u00e4tsstandards zu gew\u00e4hrleisten<\/h2>\n\t\t<\/div>\n\t\t\t\t\t<\/div>\n\n\t\n\n\t<div id=\"col-781257572\" class=\"col medium-5 small-12 large-5\"  >\n\t\t\t\t<div class=\"col-inner text-left dark\"  >\n\t\t\t\n\t\t\t\n<p class=\"regular light\">Die verwendeten Messing-, Aluminium-, Stahl- und Kupferlegierungen werden sorgf\u00e4ltig nach Verwendungszweck und spezifischen chemischen und physikalischen Eigenschaften ausgew\u00e4hlt. <strong>Sie stammen alle von kontrollierten und qualifizierten Lieferanten, werden \u00fcberwacht und von Zertifizierungen begleitet, die die Einhaltung der Spezifikationen und der einschl\u00e4gigen Vorschriften best\u00e4tigen.<\/strong><\/p>\n\t<div id=\"gap-776938470\" class=\"gap-element clearfix\" style=\"display:block; height:auto;\">\n\t\t\n<style>\n#gap-776938470 {\n  padding-top: 70px;\n}\n<\/style>\n\t<\/div>\n\t\n<a href=\"\/de\/bereiche-und-rohstoffe\/rohstoffe\/\" class=\"button primary\" >\n\t\t<span>Mehr \u00fcber die Rohmaterialien erfahren<\/span>\n\t<\/a>\n\n\t\t<\/div>\n\t\t\t\t\n<style>\n#col-781257572 > .col-inner {\n  padding: 30px 0px 0px 0px;\n}\n<\/style>\n\t<\/div>\n\n\t\n<\/div>\n<div class=\"row align-equal show-for-medium\"  id=\"row-561334556\">\n\n\t<div id=\"col-97994637\" class=\"col medium-6 small-12 large-6\"  >\n\t\t\t\t<div class=\"col-inner text-center dark\"  >\n\t\t\t\n\t\t\t\n<h3 class=\"titolibanner thin-font\" style=\"color: #e2ff00; text-align: left;\"><span style=\"font-size: 160%;\" data-line-height=\"xs\">Nutzung ausschlie\u00dflich von r\u00fcckverfolgbaren und zertifizierten Rohstoffen um Qualit\u00e4tsstandards zu gew\u00e4hrleisten<\/span><\/h3>\n\t\t<\/div>\n\t\t\t\t\t<\/div>\n\n\t\n\n\t<div id=\"col-497947892\" class=\"col medium-5 small-12 large-5\"  >\n\t\t\t\t<div class=\"col-inner text-left dark\"  >\n\t\t\t\n\t\t\t\n<p class=\"regular light\">Die verwendeten Messing-, Aluminium-, Stahl- und Kupferlegierungen werden sorgf\u00e4ltig nach Verwendungszweck und spezifischen chemischen und physikalischen Eigenschaften ausgew\u00e4hlt. <strong>Sie stammen alle von kontrollierten und qualifizierten Lieferanten, werden \u00fcberwacht und von Zertifizierungen begleitet, die die Einhaltung der Spezifikationen und der einschl\u00e4gigen Vorschriften best\u00e4tigen.<\/strong><\/p>\n\t<div id=\"gap-996954322\" class=\"gap-element clearfix\" style=\"display:block; height:auto;\">\n\t\t\n<style>\n#gap-996954322 {\n  padding-top: 70px;\n}\n<\/style>\n\t<\/div>\n\t\n<a href=\"https:\/\/nuovamenon.com\/de\/bereiche-und-rohstoffe\/rohstoffe\/\" class=\"button primary\" >\n\t\t<span>Mehr \u00fcber die Rohmaterialien erfahren<\/span>\n\t<\/a>\n\n\t\t<\/div>\n\t\t\t\t\n<style>\n#col-497947892 > .col-inner {\n  padding: 30px 0px 0px 0px;\n}\n<\/style>\n\t<\/div>\n\n\t\n<\/div>\n\t\t<\/div>\n\n\t\t\n<style>\n#section_1367708184 {\n  padding-top: 77px;\n  padding-bottom: 77px;\n  min-height: 500px;\n  background-color: rgb(143, 143, 143);\n}\n#section_1367708184 .section-bg img {\n  object-position: 0% 0%;\n}\n<\/style>\n\t<\/section>\n\t\n\n\t<section class=\"section\" id=\"section_466912507\">\n\t\t<div class=\"section-bg fill\" >\n\t\t\t\t\t\t\t\t\t\n\t\t\t\n\n\t\t<\/div>\n\n\t\t\n\n\t\t<div class=\"section-content relative\">\n\t\t\t\n  <div class=\"banner-grid-wrapper\">\n  <div id=\"banner-grid-1939244358\" class=\"banner-grid row row-grid hide-for-small row-collapse row-full-width\" data-packery-options=\"\">\n                      \n<div class=\"col grid-col small-12 large-6 grid-col-1-2\" ><div class=\"col-inner\">\n\n  <div class=\"banner has-hover\" id=\"banner-1368900668\">\n          <div class=\"banner-inner fill\">\n        <div class=\"banner-bg fill\" >\n            <img loading=\"lazy\" decoding=\"async\" width=\"960\" height=\"291\" src=\"https:\/\/nuovamenon.com\/wp-content\/uploads\/2019\/10\/settori_banner1.jpg\" class=\"bg attachment-original size-original\" alt=\"\" \/>                                    \n                    <\/div>\n\t\t\n        <div class=\"banner-layers container\">\n            <div class=\"fill banner-link\"><\/div>            \n        <\/div>\n      <\/div>\n\n            \n<style>\n#banner-1368900668 {\n  padding-top: 500px;\n}\n#banner-1368900668 .banner-bg img {\n  object-position: 0% 48%;\n}\n<\/style>\n  <\/div>\n\n\n<\/div><\/div>\n<div class=\"col grid-col small-12 large-6 grid-col-1\" ><div class=\"col-inner\">\n\n  <div class=\"banner has-hover\" id=\"banner-37221234\">\n          <div class=\"banner-inner fill\">\n        <div class=\"banner-bg fill\" >\n            <img loading=\"lazy\" decoding=\"async\" width=\"960\" height=\"578\" src=\"https:\/\/nuovamenon.com\/wp-content\/uploads\/2019\/10\/Settori_banner2.jpg\" class=\"bg attachment-original size-original\" alt=\"\" \/>                                    \n                    <\/div>\n\t\t\n        <div class=\"banner-layers container\">\n            <div class=\"fill banner-link\"><\/div>            \n        <\/div>\n      <\/div>\n\n            \n<style>\n#banner-37221234 {\n  padding-top: 500px;\n}\n#banner-37221234 .banner-bg img {\n  object-position: 0% 58%;\n}\n<\/style>\n  <\/div>\n\n\n<\/div><\/div>\n<div class=\"col grid-col small-12 large-6 grid-col-1-2\" ><div class=\"col-inner\">\n\n  <div class=\"banner has-hover\" id=\"banner-919047170\">\n          <div class=\"banner-inner fill\">\n        <div class=\"banner-bg fill\" >\n            <img loading=\"lazy\" decoding=\"async\" width=\"960\" height=\"289\" src=\"https:\/\/nuovamenon.com\/wp-content\/uploads\/2019\/10\/settori_banner3.jpg\" class=\"bg attachment-original size-original\" alt=\"\" \/>                                    \n                    <\/div>\n\t\t\n        <div class=\"banner-layers container\">\n            <div class=\"fill banner-link\"><\/div>            \n        <\/div>\n      <\/div>\n\n            \n<style>\n#banner-919047170 {\n  padding-top: 206px;\n  background-color: rgb(255,255,255);\n}\n<\/style>\n  <\/div>\n\n\n<\/div><\/div>\n            <\/div>\n    <style>\n    #banner-grid-1939244358 .grid-col-1{height: 417px}\n    #banner-grid-1939244358 .grid-col-1-2{height: 208.5px}\n    #banner-grid-1939244358 .grid-col-1-3{height:139px}\n    #banner-grid-1939244358 .grid-col-2-3{height: 278px}\n    #banner-grid-1939244358 .grid-col-1-4{height: 104.25px}\n    #banner-grid-1939244358 .grid-col-3-4{height: 312.75px}\n\n\n    \n    \n\n  <\/style>\n    <\/div>\n  \n  <div class=\"banner-grid-wrapper\">\n  <div id=\"banner-grid-1653139348\" class=\"banner-grid row row-grid show-for-medium row-collapse row-full-width\" data-packery-options=\"\">\n                      \n<div class=\"col grid-col small-12 large-6 grid-col-1-3\" ><div class=\"col-inner\">\n\n  <div class=\"banner has-hover\" id=\"banner-1686827661\">\n          <div class=\"banner-inner fill\">\n        <div class=\"banner-bg fill\" >\n            <img loading=\"lazy\" decoding=\"async\" width=\"960\" height=\"291\" src=\"https:\/\/nuovamenon.com\/wp-content\/uploads\/2019\/10\/settori_banner1.jpg\" class=\"bg attachment-original size-original\" alt=\"\" \/>                                    \n                    <\/div>\n\t\t\n        <div class=\"banner-layers container\">\n            <div class=\"fill banner-link\"><\/div>            \n        <\/div>\n      <\/div>\n\n            \n<style>\n#banner-1686827661 {\n  padding-top: 500px;\n}\n#banner-1686827661 .banner-bg img {\n  object-position: 0% 48%;\n}\n<\/style>\n  <\/div>\n\n\n<\/div><\/div>\n<div class=\"col grid-col small-12 large-6 grid-col-1-3\" ><div class=\"col-inner\">\n\n  <div class=\"banner has-hover\" id=\"banner-2055336098\">\n          <div class=\"banner-inner fill\">\n        <div class=\"banner-bg fill\" >\n            <img loading=\"lazy\" decoding=\"async\" width=\"960\" height=\"578\" src=\"https:\/\/nuovamenon.com\/wp-content\/uploads\/2019\/10\/Settori_banner2.jpg\" class=\"bg attachment-original size-original\" alt=\"\" \/>                                    \n                    <\/div>\n\t\t\n        <div class=\"banner-layers container\">\n            <div class=\"fill banner-link\"><\/div>            \n        <\/div>\n      <\/div>\n\n            \n<style>\n#banner-2055336098 {\n  padding-top: 500px;\n}\n#banner-2055336098 .banner-bg img {\n  object-position: 14% 84%;\n}\n<\/style>\n  <\/div>\n\n\n<\/div><\/div>\n<div class=\"col grid-col small-12 large-6 grid-col-1-3\" ><div class=\"col-inner\">\n\n  <div class=\"banner has-hover\" id=\"banner-717442954\">\n          <div class=\"banner-inner fill\">\n        <div class=\"banner-bg fill\" >\n            <img loading=\"lazy\" decoding=\"async\" width=\"960\" height=\"289\" src=\"https:\/\/nuovamenon.com\/wp-content\/uploads\/2019\/10\/settori_banner3.jpg\" class=\"bg attachment-original size-original\" alt=\"\" \/>                                    \n                    <\/div>\n\t\t\n        <div class=\"banner-layers container\">\n            <div class=\"fill banner-link\"><\/div>            \n        <\/div>\n      <\/div>\n\n            \n<style>\n#banner-717442954 {\n  padding-top: 206px;\n  background-color: rgb(255,255,255);\n}\n<\/style>\n  <\/div>\n\n\n<\/div><\/div>\n            <\/div>\n    <style>\n    #banner-grid-1653139348 .grid-col-1{height: 417px}\n    #banner-grid-1653139348 .grid-col-1-2{height: 208.5px}\n    #banner-grid-1653139348 .grid-col-1-3{height:139px}\n    #banner-grid-1653139348 .grid-col-2-3{height: 278px}\n    #banner-grid-1653139348 .grid-col-1-4{height: 104.25px}\n    #banner-grid-1653139348 .grid-col-3-4{height: 312.75px}\n\n\n    \n    \n\n  <\/style>\n    <\/div>\n  \n\t\t<\/div>\n\n\t\t\n<style>\n#section_466912507 {\n  padding-top: 0px;\n  padding-bottom: 0px;\n  min-height: 415px;\n}\n<\/style>\n\t<\/section>\n\t\n\n\t<section class=\"section\" id=\"section_519221466\">\n\t\t<div class=\"section-bg fill\" >\n\t\t\t\t\t\t\t\t\t\n\t\t\t\n\n\t\t<\/div>\n\n\t\t\n\n\t\t<div class=\"section-content relative\">\n\t\t\t\n<div class=\"row hide-for-small\"  id=\"row-1410279335\">\n\n\t<div id=\"col-1826475972\" class=\"col hide-for-small medium-6 small-12 large-6\"  >\n\t\t\t\t<div class=\"col-inner\"  >\n\t\t\t\n\t\t\t\n<h2 class=\"titologrigio2\"><span style=\"font-size: 75%;\">ARMATUREN*<br \/>\nFITTINGS<br \/>\nHEIZKESSEL<br \/>\nVENTILE<br \/>\nVentile f\u00fcr Heizk\u00f6rper<br \/>\nHEIZUNG<br \/>\nHeizungsverteiler<br \/>\nK\u00dcHLUNG<br \/>\nPUMPEN<br \/>\nAUTOMOBILINDUSTRIE<br \/>\n<\/span><span style=\"font-size: 75%;\" data-line-height=\"xs\">VERSCHIEDENES<\/span><\/h2>\n\t\t<\/div>\n\t\t\t\t\t<\/div>\n\n\t\n\n\t<div id=\"col-1222370583\" class=\"col show-for-medium medium-6 small-12 large-6\"  >\n\t\t\t\t<div class=\"col-inner\"  >\n\t\t\t\n\t\t\t\n<h2 class=\"titologrigio\"><span style=\"font-size: 60%;\" data-line-height=\"xs\">ARMATUREN*<br \/>\nFITTINGS<br \/>\nHEIZKESSEL<br \/>\nVENTILE<br \/>\nVentile f\u00fcr Heizk\u00f6rper<br \/>\nHEIZUNG<br \/>\nHeizungsverteiler<br \/>\nK\u00dcHLUNG<br \/>\nPUMPEN<br \/>\nAUTOMOBILINDUSTRIE<br \/>\nVERSCHIEDENES<\/span><\/h2>\n\t\t<\/div>\n\t\t\t\t\t<\/div>\n\n\t\n\n\t<div id=\"col-434186371\" class=\"col medium-6 small-12 large-6\"  >\n\t\t\t\t<div class=\"col-inner text-center\"  >\n\t\t\t\n\t\t\t\n<p class=\"regular\">Nuova Menon fertigt eine breite Palette von ma\u00dfgeschneiderten Artikeln f\u00fcr verschiedene Produktbereiche: <strong>von Pumpen bis Armaturen, von Fittings bis Ventilen, von Heizkesseln bis Automotive und Heizungen. <\/strong><\/p>\n<p class=\"regular\">F\u00fcr jeden dieser Bereiche ist das Unternehmen stets in der Lage, <strong>ma\u00dfgeschneiderte Komponenten mit hohen Qualit\u00e4tsstandards, schnellen und verl\u00e4sslichen Lieferzeiten, vollst\u00e4ndiger Erf\u00fcllung der Projektanforderungen sowie aufmerksamer und reaktionsschneller Kundenbetreuung zu garantieren.<\/strong><\/p>\n\t<div id=\"gap-1492425094\" class=\"gap-element clearfix\" style=\"display:block; height:auto;\">\n\t\t\n<style>\n#gap-1492425094 {\n  padding-top: 100px;\n}\n<\/style>\n\t<\/div>\n\t\n<a href=\"\/de\/bereiche-und-rohstoffe\/bereiche\/\" class=\"button primary\" >\n\t\t<span>Mehr \u00fcber die Bereiche erfahren<\/span>\n\t<\/a>\n\n\t\t<\/div>\n\t\t\t\t\n<style>\n#col-434186371 > .col-inner {\n  padding: 30px 0px 0px 0px;\n}\n<\/style>\n\t<\/div>\n\n\t\n<\/div>\n<div class=\"row show-for-medium\"  id=\"row-264302731\">\n\n\t<div id=\"col-1876596920\" class=\"col hide-for-small medium-6 small-12 large-6\"  >\n\t\t\t\t<div class=\"col-inner\"  >\n\t\t\t\n\t\t\t\n<h2 class=\"titologrigio\"><span style=\"font-size: 60%;\" data-line-height=\"xs\">ARMATUREN*<br \/>\nFITTINGS<br \/>\nHEIZKESSEL<br \/>\nVENTILE<br \/>\nVentile f\u00fcr Heizk\u00f6rper<br \/>\nHEIZUNG<br \/>\nHeizungsverteiler<br \/>\nK\u00dcHLUNG<br \/>\nPUMPEN<br \/>\nAUTOMOBILINDUSTRIE<br \/>\n<\/span><span style=\"font-size: 75%;\" data-line-height=\"xs\">VERSCHIEDENES<\/span><\/h2>\n\t\t<\/div>\n\t\t\t\t\t<\/div>\n\n\t\n\n\t<div id=\"col-599330073\" class=\"col show-for-medium medium-6 small-12 large-6\"  >\n\t\t\t\t<div class=\"col-inner\"  >\n\t\t\t\n\t\t\t\n<h2 class=\"titologrigio2\"><span style=\"font-size: 65%;\">ARMATUREN*<br \/>\nFITTINGS<br \/>\nHEIZKESSEL<br \/>\nVENTILE<br \/>\nVentile f\u00fcr Heizk\u00f6rper<br \/>\nHEIZUNG<br \/>\nHeizungsverteiler<br \/>\nK\u00dcHLUNG<br \/>\nPUMPEN<br \/>\nAUTOMOBILINDUSTRIE<br \/>\nVERSCHIEDENES<\/span><\/h2>\n\t\t<\/div>\n\t\t\t\t\t<\/div>\n\n\t\n\n\t<div id=\"col-1528760329\" class=\"col medium-6 small-12 large-6\"  >\n\t\t\t\t<div class=\"col-inner text-center\"  >\n\t\t\t\n\t\t\t\n<p class=\"regular\">Nuova Menon fertigt eine breite Palette von ma\u00dfgeschneiderten Artikeln f\u00fcr verschiedene Produktbereiche: <strong>von Pumpen bis Armaturen, von Fittings bis Ventilen, von Heizkesseln bis Automotive und Heizungen. <\/strong><\/p>\n<p class=\"regular\">F\u00fcr jeden dieser Bereiche ist das Unternehmen stets in der Lage, <strong>ma\u00dfgeschneiderte Komponenten mit hohen Qualit\u00e4tsstandards, schnellen und verl\u00e4sslichen Lieferzeiten, vollst\u00e4ndiger Erf\u00fcllung der Projektanforderungen sowie aufmerksamer und reaktionsschneller Kundenbetreuung zu garantieren.<\/strong><\/p>\n\t<div id=\"gap-1529872252\" class=\"gap-element clearfix\" style=\"display:block; height:auto;\">\n\t\t\n<style>\n#gap-1529872252 {\n  padding-top: 100px;\n}\n<\/style>\n\t<\/div>\n\t\n<a href=\"\/de\/bereiche-und-rohstoffe\/bereiche\/\" class=\"button primary\" >\n\t\t<span>Mehr \u00fcber die Bereiche erfahren<\/span>\n\t<\/a>\n\n\t\t<\/div>\n\t\t\t\t\n<style>\n#col-1528760329 > .col-inner {\n  padding: 30px 0px 0px 0px;\n}\n<\/style>\n\t<\/div>\n\n\t\n<\/div>\n\t\t<\/div>\n\n\t\t\n<style>\n#section_519221466 {\n  padding-top: 0px;\n  padding-bottom: 0px;\n  min-height: 560px;\n}\n<\/style>\n\t<\/section>\n\t\n","protected":false},"excerpt":{"rendered":"","protected":false},"author":1,"featured_media":0,"parent":0,"menu_order":0,"comment_status":"closed","ping_status":"closed","template":"page-blank.php","meta":{"content-type":"","footnotes":""},"class_list":["post-679","page","type-page","status-publish","hentry"],"yoast_head":"<!-- This site is optimized with the Yoast SEO plugin v27.5 - https:\/\/yoast.com\/product\/yoast-seo-wordpress\/ -->\n<title>BEREICHE UND ROHSTOFFE - Nuovamenon<\/title>\n<meta name=\"robots\" content=\"index, follow, max-snippet:-1, max-image-preview:large, max-video-preview:-1\" \/>\n<link rel=\"canonical\" href=\"https:\/\/nuovamenon.com\/settori-e-materiali\/\" \/>\n<meta property=\"og:locale\" content=\"de_DE\" \/>\n<meta property=\"og:type\" content=\"article\" \/>\n<meta property=\"og:title\" content=\"BEREICHE UND ROHSTOFFE - Nuovamenon\" \/>\n<meta property=\"og:url\" content=\"https:\/\/nuovamenon.com\/settori-e-materiali\/\" \/>\n<meta property=\"og:site_name\" content=\"Nuovamenon\" \/>\n<meta property=\"article:modified_time\" content=\"2023-09-04T11:47:32+00:00\" \/>\n<meta name=\"twitter:card\" content=\"summary_large_image\" \/>\n<meta name=\"twitter:label1\" content=\"Gesch\u00e4tzte Lesezeit\" \/>\n\t<meta name=\"twitter:data1\" content=\"3\u00a0Minuten\" \/>\n<script type=\"application\/ld+json\" class=\"yoast-schema-graph\">{\"@context\":\"https:\\\/\\\/schema.org\",\"@graph\":[{\"@type\":\"WebPage\",\"@id\":\"https:\\\/\\\/nuovamenon.com\\\/settori-e-materiali\\\/\",\"url\":\"https:\\\/\\\/nuovamenon.com\\\/settori-e-materiali\\\/\",\"name\":\"BEREICHE UND ROHSTOFFE - Nuovamenon\",\"isPartOf\":{\"@id\":\"https:\\\/\\\/nuovamenon.com\\\/de\\\/#website\"},\"datePublished\":\"2019-10-17T09:25:13+00:00\",\"dateModified\":\"2023-09-04T11:47:32+00:00\",\"breadcrumb\":{\"@id\":\"https:\\\/\\\/nuovamenon.com\\\/settori-e-materiali\\\/#breadcrumb\"},\"inLanguage\":\"de\",\"potentialAction\":[{\"@type\":\"ReadAction\",\"target\":[\"https:\\\/\\\/nuovamenon.com\\\/settori-e-materiali\\\/\"]}]},{\"@type\":\"BreadcrumbList\",\"@id\":\"https:\\\/\\\/nuovamenon.com\\\/settori-e-materiali\\\/#breadcrumb\",\"itemListElement\":[{\"@type\":\"ListItem\",\"position\":1,\"name\":\"Home\",\"item\":\"https:\\\/\\\/nuovamenon.com\\\/de\\\/\"},{\"@type\":\"ListItem\",\"position\":2,\"name\":\"BEREICHE UND ROHSTOFFE\"}]},{\"@type\":\"WebSite\",\"@id\":\"https:\\\/\\\/nuovamenon.com\\\/de\\\/#website\",\"url\":\"https:\\\/\\\/nuovamenon.com\\\/de\\\/\",\"name\":\"Nuovamenon\",\"description\":\"My WordPress Blog\",\"potentialAction\":[{\"@type\":\"SearchAction\",\"target\":{\"@type\":\"EntryPoint\",\"urlTemplate\":\"https:\\\/\\\/nuovamenon.com\\\/de\\\/?s={search_term_string}\"},\"query-input\":{\"@type\":\"PropertyValueSpecification\",\"valueRequired\":true,\"valueName\":\"search_term_string\"}}],\"inLanguage\":\"de\"}]}<\/script>\n<!-- \/ Yoast SEO plugin. -->","yoast_head_json":{"title":"BEREICHE UND ROHSTOFFE - Nuovamenon","robots":{"index":"index","follow":"follow","max-snippet":"max-snippet:-1","max-image-preview":"max-image-preview:large","max-video-preview":"max-video-preview:-1"},"canonical":"https:\/\/nuovamenon.com\/settori-e-materiali\/","og_locale":"de_DE","og_type":"article","og_title":"BEREICHE UND ROHSTOFFE - Nuovamenon","og_url":"https:\/\/nuovamenon.com\/settori-e-materiali\/","og_site_name":"Nuovamenon","article_modified_time":"2023-09-04T11:47:32+00:00","twitter_card":"summary_large_image","twitter_misc":{"Gesch\u00e4tzte Lesezeit":"3\u00a0Minuten"},"schema":{"@context":"https:\/\/schema.org","@graph":[{"@type":"WebPage","@id":"https:\/\/nuovamenon.com\/settori-e-materiali\/","url":"https:\/\/nuovamenon.com\/settori-e-materiali\/","name":"BEREICHE UND ROHSTOFFE - Nuovamenon","isPartOf":{"@id":"https:\/\/nuovamenon.com\/de\/#website"},"datePublished":"2019-10-17T09:25:13+00:00","dateModified":"2023-09-04T11:47:32+00:00","breadcrumb":{"@id":"https:\/\/nuovamenon.com\/settori-e-materiali\/#breadcrumb"},"inLanguage":"de","potentialAction":[{"@type":"ReadAction","target":["https:\/\/nuovamenon.com\/settori-e-materiali\/"]}]},{"@type":"BreadcrumbList","@id":"https:\/\/nuovamenon.com\/settori-e-materiali\/#breadcrumb","itemListElement":[{"@type":"ListItem","position":1,"name":"Home","item":"https:\/\/nuovamenon.com\/de\/"},{"@type":"ListItem","position":2,"name":"BEREICHE UND ROHSTOFFE"}]},{"@type":"WebSite","@id":"https:\/\/nuovamenon.com\/de\/#website","url":"https:\/\/nuovamenon.com\/de\/","name":"Nuovamenon","description":"My WordPress Blog","potentialAction":[{"@type":"SearchAction","target":{"@type":"EntryPoint","urlTemplate":"https:\/\/nuovamenon.com\/de\/?s={search_term_string}"},"query-input":{"@type":"PropertyValueSpecification","valueRequired":true,"valueName":"search_term_string"}}],"inLanguage":"de"}]}},"_links":{"self":[{"href":"https:\/\/nuovamenon.com\/de\/wp-json\/wp\/v2\/pages\/679","targetHints":{"allow":["GET"]}}],"collection":[{"href":"https:\/\/nuovamenon.com\/de\/wp-json\/wp\/v2\/pages"}],"about":[{"href":"https:\/\/nuovamenon.com\/de\/wp-json\/wp\/v2\/types\/page"}],"author":[{"embeddable":true,"href":"https:\/\/nuovamenon.com\/de\/wp-json\/wp\/v2\/users\/1"}],"replies":[{"embeddable":true,"href":"https:\/\/nuovamenon.com\/de\/wp-json\/wp\/v2\/comments?post=679"}],"version-history":[{"count":6,"href":"https:\/\/nuovamenon.com\/de\/wp-json\/wp\/v2\/pages\/679\/revisions"}],"predecessor-version":[{"id":2283,"href":"https:\/\/nuovamenon.com\/de\/wp-json\/wp\/v2\/pages\/679\/revisions\/2283"}],"wp:attachment":[{"href":"https:\/\/nuovamenon.com\/de\/wp-json\/wp\/v2\/media?parent=679"}],"curies":[{"name":"wp","href":"https:\/\/api.w.org\/{rel}","templated":true}]}}