{"id":702,"date":"2019-10-17T09:25:46","date_gmt":"2019-10-17T09:25:46","guid":{"rendered":"https:\/\/beta.nuovamenon.com\/bereiche-und-rohstoffe\/materiali\/"},"modified":"2022-10-18T12:31:02","modified_gmt":"2022-10-18T12:31:02","slug":"rohstoffe","status":"publish","type":"page","link":"https:\/\/nuovamenon.com\/de\/bereiche-und-rohstoffe\/rohstoffe\/","title":{"rendered":"ROHSTOFFE"},"content":{"rendered":"\n\t<section class=\"section\" id=\"section_1329234081\">\n\t\t<div class=\"section-bg fill\" >\n\t\t\t<img loading=\"lazy\" decoding=\"async\" width=\"1920\" height=\"700\" src=\"https:\/\/nuovamenon.com\/wp-content\/uploads\/2019\/10\/bg_graduato-1.jpg\" class=\"bg attachment- size-\" alt=\"\" \/>\t\t\t\t\t\t\n\t\t\t\n\n\t\t<\/div>\n\n\t\t\n\n\t\t<div class=\"section-content relative\">\n\t\t\t\n\n  <div class=\"banner has-hover\" id=\"banner-109623403\">\n          <div class=\"banner-inner fill\">\n        <div class=\"banner-bg fill\" >\n                                                \n                    <\/div>\n\t\t\n        <div class=\"banner-layers container\">\n            <div class=\"fill banner-link\"><\/div>            \n   <div id=\"text-box-932642614\" class=\"text-box banner-layer x50 md-x50 lg-x50 y0 md-y0 lg-y0 res-text\">\n                                <div class=\"text-box-content text dark\">\n              \n              <div class=\"text-inner text-center\">\n                  \n\t<div class=\"img has-hover x md-x lg-x y md-y lg-y\" id=\"image_984060875\">\n\t\t\t\t\t\t\t\t<div class=\"img-inner image-cover dark\" style=\"padding-top:61px;\">\n\t\t\t<img loading=\"lazy\" decoding=\"async\" width=\"21\" height=\"61\" src=\"https:\/\/nuovamenon.com\/wp-content\/uploads\/2022\/02\/freccia2.png\" class=\"attachment-original size-original\" alt=\"\" \/>\t\t\t\t\t\t\n\t\t\t\t\t<\/div>\n\t\t\t\t\t\t\t\t\n<style>\n#image_984060875 {\n  width: 2%;\n}\n<\/style>\n\t<\/div>\n\t\n<h4 class=\"titolettobanner\"> ROHSTOFFE<\/h4>\n<h3 class=\"titolibanner thin-font\"><span style=\"font-size: 150%;\" data-line-height=\"xs\">St\u00e4ndige und kontinuierliche Erweiterung der verarbeiteten Rohstoffe<\/span><\/h3>\n              <\/div>\n           <\/div>\n                            \n<style>\n#text-box-932642614 {\n  width: 100%;\n}\n#text-box-932642614 .text-box-content {\n  font-size: 100%;\n}\n<\/style>\n    <\/div>\n \n        <\/div>\n      <\/div>\n\n            \n<style>\n#banner-109623403 {\n  padding-top: 330px;\n  background-color: rgba(255, 255, 255, 0);\n}\n@media (min-width:550px) {\n  #banner-109623403 {\n    padding-top: 200px;\n  }\n}\n<\/style>\n  <\/div>\n\n\n<div class=\"row row-small\"  id=\"row-1017448858\">\n\n\t<div id=\"col-579016991\" class=\"col medium-3 small-12 large-3\"  >\n\t\t\t\t<div class=\"col-inner\"  >\n\t\t\t\n\t\t\t\n\n  <div class=\"banner has-hover\" id=\"banner-1630515262\">\n          <div class=\"banner-inner fill\">\n        <div class=\"banner-bg fill\" >\n            <img decoding=\"async\" src=\"https:\/\/nuovamenon.com\/wp-content\/uploads\/2019\/11\/cerchio-1.svg\" class=\"bg attachment-original size-original\" alt=\"\" \/>                                    \n                    <\/div>\n\t\t\n        <div class=\"banner-layers container\">\n            <div class=\"fill banner-link\"><\/div>            \n   <div id=\"text-box-780845508\" class=\"text-box banner-layer x50 md-x50 lg-x50 y50 md-y50 lg-y50 res-text\">\n                                <div class=\"text-box-content text dark\">\n              \n              <div class=\"text-inner text-center\">\n                  \n<h1 class=\"titolibanner\" style=\"color: #e2ff00;\"><span style=\"font-size: 150%;\">MESSING<\/span><\/h1>\n              <\/div>\n           <\/div>\n                            \n<style>\n#text-box-780845508 {\n  width: 60%;\n}\n#text-box-780845508 .text-box-content {\n  font-size: 100%;\n}\n<\/style>\n    <\/div>\n \n        <\/div>\n      <\/div>\n\n            \n<style>\n#banner-1630515262 {\n  padding-top: 99.99%;\n  background-color: rgba(255, 255, 255, 0);\n}\n#banner-1630515262 .banner-bg img {\n  object-position: 50% 50%;\n}\n<\/style>\n  <\/div>\n\n\n\t\t<\/div>\n\t\t\t\t\t<\/div>\n\n\t\n\n\t<div id=\"col-1780693697\" class=\"col medium-3 small-12 large-3\"  >\n\t\t\t\t<div class=\"col-inner\"  >\n\t\t\t\n\t\t\t\n\n  <div class=\"banner has-hover\" id=\"banner-911728526\">\n          <div class=\"banner-inner fill\">\n        <div class=\"banner-bg fill\" >\n            <img decoding=\"async\" src=\"https:\/\/nuovamenon.com\/wp-content\/uploads\/2019\/11\/cerchio-1.svg\" class=\"bg attachment-original size-original\" alt=\"\" \/>                                    \n                    <\/div>\n\t\t\n        <div class=\"banner-layers container\">\n            <div class=\"fill banner-link\"><\/div>            \n   <div id=\"text-box-508249122\" class=\"text-box banner-layer x50 md-x50 lg-x50 y50 md-y50 lg-y50 res-text\">\n                                <div class=\"text-box-content text dark\">\n              \n              <div class=\"text-inner text-center\">\n                  \n<h1 class=\"titolibanner\" style=\"color: #e2ff00;\"><span style=\"font-size: 150%;\">ALUMINIUM<\/span><\/h1>\n              <\/div>\n           <\/div>\n                            \n<style>\n#text-box-508249122 {\n  width: 87%;\n}\n#text-box-508249122 .text-box-content {\n  font-size: 100%;\n}\n<\/style>\n    <\/div>\n \n        <\/div>\n      <\/div>\n\n            \n<style>\n#banner-911728526 {\n  padding-top: 99.99%;\n  background-color: rgba(255, 255, 255, 0);\n}\n#banner-911728526 .banner-bg img {\n  object-position: 50% 50%;\n}\n<\/style>\n  <\/div>\n\n\n\t\t<\/div>\n\t\t\t\t\t<\/div>\n\n\t\n\n\t<div id=\"col-287055572\" class=\"col medium-3 small-12 large-3\"  >\n\t\t\t\t<div class=\"col-inner\"  >\n\t\t\t\n\t\t\t\n\n  <div class=\"banner has-hover\" id=\"banner-605622227\">\n          <div class=\"banner-inner fill\">\n        <div class=\"banner-bg fill\" >\n            <img decoding=\"async\" src=\"https:\/\/nuovamenon.com\/wp-content\/uploads\/2019\/11\/cerchio-1.svg\" class=\"bg attachment-original size-original\" alt=\"\" \/>                                    \n                    <\/div>\n\t\t\n        <div class=\"banner-layers container\">\n            <div class=\"fill banner-link\"><\/div>            \n   <div id=\"text-box-535379026\" class=\"text-box banner-layer x50 md-x50 lg-x50 y50 md-y50 lg-y50 res-text\">\n                                <div class=\"text-box-content text dark\">\n              \n              <div class=\"text-inner text-center\">\n                  \n<h1 class=\"titolibanner\" style=\"color: #e2ff00;\"><span style=\"font-size: 150%;\">EDELSTAHL<\/span><\/h1>\n              <\/div>\n           <\/div>\n                            \n<style>\n#text-box-535379026 {\n  width: 86%;\n}\n#text-box-535379026 .text-box-content {\n  font-size: 100%;\n}\n<\/style>\n    <\/div>\n \n        <\/div>\n      <\/div>\n\n            \n<style>\n#banner-605622227 {\n  padding-top: 99.99%;\n  background-color: rgba(255, 255, 255, 0);\n}\n#banner-605622227 .banner-bg img {\n  object-position: 50% 50%;\n}\n<\/style>\n  <\/div>\n\n\n\t\t<\/div>\n\t\t\t\t\t<\/div>\n\n\t\n\n\t<div id=\"col-1547768320\" class=\"col medium-3 small-12 large-3\"  >\n\t\t\t\t<div class=\"col-inner\"  >\n\t\t\t\n\t\t\t\n\n  <div class=\"banner has-hover\" id=\"banner-259954448\">\n          <div class=\"banner-inner fill\">\n        <div class=\"banner-bg fill\" >\n            <img decoding=\"async\" src=\"https:\/\/nuovamenon.com\/wp-content\/uploads\/2019\/11\/cerchio-1.svg\" class=\"bg attachment-original size-original\" alt=\"\" \/>                                    \n                    <\/div>\n\t\t\n        <div class=\"banner-layers container\">\n            <div class=\"fill banner-link\"><\/div>            \n   <div id=\"text-box-908942890\" class=\"text-box banner-layer x50 md-x50 lg-x50 y50 md-y50 lg-y50 res-text\">\n                                <div class=\"text-box-content text dark\">\n              \n              <div class=\"text-inner text-center\">\n                  \n<h1 class=\"titolibanner\" style=\"color: #e2ff00;\"><span style=\"font-size: 150%;\">KUPFER<\/span><\/h1>\n              <\/div>\n           <\/div>\n                            \n<style>\n#text-box-908942890 {\n  width: 60%;\n}\n#text-box-908942890 .text-box-content {\n  font-size: 100%;\n}\n<\/style>\n    <\/div>\n \n        <\/div>\n      <\/div>\n\n            \n<style>\n#banner-259954448 {\n  padding-top: 99.99%;\n  background-color: rgba(255, 255, 255, 0);\n}\n#banner-259954448 .banner-bg img {\n  object-position: 50% 50%;\n}\n<\/style>\n  <\/div>\n\n\n\t\t<\/div>\n\t\t\t\t\t<\/div>\n\n\t\n<\/div>\n\t\t<\/div>\n\n\t\t\n<style>\n#section_1329234081 {\n  padding-top: 0px;\n  padding-bottom: 0px;\n  min-height: 500px;\n}\n<\/style>\n\t<\/section>\n\t\n\n\t<section class=\"section\" id=\"section_1743120607\">\n\t\t<div class=\"section-bg fill\" >\n\t\t\t\t\t\t\t\t\t\n\t\t\t\n\n\t\t<\/div>\n\n\t\t\n\n\t\t<div class=\"section-content relative\">\n\t\t\t\n<div class=\"row align-equal align-center\"  id=\"row-1587646075\">\n\n\t<div id=\"col-1963486256\" class=\"col medium-10 small-12 large-10\"  >\n\t\t\t\t<div class=\"col-inner text-center\"  >\n\t\t\t\n\t\t\t\n<p class=\"regular\" style=\"text-align: center;\">Nuova Menon <strong>verf\u00fcgt \u00fcber langj\u00e4hrige Erfahrung in der Behandlung und Bearbeitung von Messing, der am h\u00e4ufigsten verwendeten Legierung in der Unternehmensproduktion<\/strong>. Messing wird aufgrund seiner hohen Duktilit\u00e4t und Verarbeitbarkeit in vielf\u00e4ltigen Industriebereichen eingesetzt.<\/p>\n<p class=\"regular\" style=\"text-align: center;\">Haupts\u00e4chlich in der Produktion verwendete Messinglegierungen:<br \/><strong>LF CW509L, CW510L, CW511L, CW602N, CW612N, CW614N, CW617N,<\/strong><br \/><strong>CW625N, CW626N, CW719R e CW724R<\/strong><\/p>\n\t\t<\/div>\n\t\t\t\t\t<\/div>\n\n\t\n\n\t<div id=\"col-1393993931\" class=\"col medium-6 small-12 large-6\"  >\n\t\t\t\t<div class=\"col-inner text-right\"  >\n\t\t\t\n\t\t\t\n<a href=\"\/wp-content\/uploads\/2019\/11\/schede-tecniche-leghe.pdf\" class=\"button primary expand\" >\n\t\t<span>TECHNISCHE DATENBL\u00c4TTER DER LEGIERUNGEN HERUNTERLADEN<\/span>\n\t<\/a>\n\n\t\t<\/div>\n\t\t\t\t\t<\/div>\n\n\t\n\n\t<div id=\"col-568320833\" class=\"col medium-5 small-12 large-5\"  >\n\t\t\t\t<div class=\"col-inner\"  >\n\t\t\t\n\t\t\t\n<a href=\"https:\/\/nuovamenon.com\/wp-content\/uploads\/2019\/11\/caratteristiche-lavorabilit\u00e0-1.pdf\" class=\"button primary expand\" >\n\t\t<span>DIE VERARBEITUNGSMERKMALE             HERUNTERLADEN<\/span>\n\t<\/a>\n\n\t\t<\/div>\n\t\t\t\t\t<\/div>\n\n\t\n\n\t<div id=\"col-285359917\" class=\"col small-12 large-12\"  >\n\t\t\t\t<div class=\"col-inner text-center\"  >\n\t\t\t\n\t\t\t\n<a href=\"\/de\/kontakte\/\" class=\"button primary expand\" >\n\t\t<span>Anfrage Informationen<\/span>\n\t<\/a>\n\n\t\t<\/div>\n\t\t\t\t\t<\/div>\n\n\t\n<\/div>\n\t\t<\/div>\n\n\t\t\n<style>\n#section_1743120607 {\n  padding-top: 30px;\n  padding-bottom: 30px;\n  min-height: 500px;\n  background-color: rgb(255, 255, 255);\n}\n<\/style>\n\t<\/section>\n\t\n\n\t<section class=\"section\" id=\"section_2014894893\">\n\t\t<div class=\"section-bg fill\" >\n\t\t\t\t\t\t\t\t\t\n\t\t\t\n\n\t\t<\/div>\n\n\t\t\n\n\t\t<div class=\"section-content relative\">\n\t\t\t\n<div class=\"row row-collapse\"  id=\"row-258177332\">\n\n\t<div id=\"col-111422918\" class=\"col small-12 large-12\"  >\n\t\t\t\t<div class=\"col-inner\"  >\n\t\t\t\n\t\t\t\n<h2 class=\"titolibanner\" style=\"text-align: center;\">N\u00fctzliche Notierungen<\/h2>\n<h2 class=\"titolibanner\" style=\"text-align: center;\">Metallpreisbasis MS58: <span id=\"quoteValue\"><\/span> \u20ac\/t<\/h2>\n<p class=\"titolibanner\" style=\"text-align: center;\">Update-Datum: <span id=\"quoteDate\"><\/span><\/p>\n<h3 class=\"uppercase\"><strong>QUOTATIONS<\/strong><\/h3>\n<div id=\"chartdiv\"><\/div>\n\t\t<\/div>\n\t\t\t\t\t<\/div>\n\n\t\n<\/div>\n\t\t<\/div>\n\n\t\t\n<style>\n#section_2014894893 {\n  padding-top: 0px;\n  padding-bottom: 0px;\n  min-height: 637px;\n  background-color: rgb(235, 235, 235);\n}\n<\/style>\n\t<\/section>\n\t\n\n\t<section class=\"section\" id=\"section_119017574\">\n\t\t<div class=\"section-bg fill\" >\n\t\t\t\t\t\t\t\t\t\n\t\t\t\n\n\t\t<\/div>\n\n\t\t\n\n\t\t<div class=\"section-content relative\">\n\t\t\t\n<div class=\"row row-collapse row-full-width show-for-small\"  id=\"row-1387182472\">\n\n\t<div id=\"col-1096830351\" class=\"col medium-6 small-12 large-6\"  >\n\t\t\t\t<div class=\"col-inner\"  >\n\t\t\t\n\t\t\t\n\n  <div class=\"banner has-hover\" id=\"banner-776131687\">\n          <div class=\"banner-inner fill\">\n        <div class=\"banner-bg fill\" >\n            <img loading=\"lazy\" decoding=\"async\" width=\"960\" height=\"290\" src=\"https:\/\/nuovamenon.com\/wp-content\/uploads\/2019\/10\/materiali_banner1.jpg\" class=\"bg attachment-original size-original\" alt=\"\" \/>                                    \n                    <\/div>\n\t\t\n        <div class=\"banner-layers container\">\n            <div class=\"fill banner-link\"><\/div>            \n        <\/div>\n      <\/div>\n\n            \n<style>\n#banner-776131687 {\n  padding-top: 150px;\n}\n@media (min-width:550px) {\n  #banner-776131687 {\n    padding-top: 206px;\n  }\n}\n<\/style>\n  <\/div>\n\n\n\n  <div class=\"banner has-hover\" id=\"banner-1820090284\">\n          <div class=\"banner-inner fill\">\n        <div class=\"banner-bg fill\" >\n            <img loading=\"lazy\" decoding=\"async\" width=\"960\" height=\"289\" src=\"https:\/\/nuovamenon.com\/wp-content\/uploads\/2019\/10\/materiali_banner2.jpg\" class=\"bg attachment-large size-large\" alt=\"\" \/>                                    \n                    <\/div>\n\t\t\n        <div class=\"banner-layers container\">\n            <div class=\"fill banner-link\"><\/div>            \n        <\/div>\n      <\/div>\n\n            \n<style>\n#banner-1820090284 {\n  padding-top: 150px;\n}\n@media (min-width:550px) {\n  #banner-1820090284 {\n    padding-top: 206px;\n  }\n}\n<\/style>\n  <\/div>\n\n\n\t\t<\/div>\n\t\t\t\t\t<\/div>\n\n\t\n\n\t<div id=\"col-1439401688\" class=\"col medium-6 small-12 large-6\"  >\n\t\t\t\t<div class=\"col-inner text-left\"  >\n\t\t\t\n\t\t\t\n<h3 class=\"titolibanner thin-font\" style=\"text-align: left;\" data-padding=\"20px\"><span style=\"font-size: 160%;\">Aluminium, Stahl und Kupfer<\/span><\/h3>\n<p class=\"regular\">Im Laufe der Jahre hat Nuova Menon die verarbeiteten Rohstoffe stetig und schrittweise erweitert und auch Aluminium, Stahl und Kupfer in die Produktion aufgenommen. Jedes Material wird sorgf\u00e4ltig nach Verwendungszweck ausgew\u00e4hlt, mit besonderem Augenmerk auf die chemische Zusammensetzung sowie die mechanischen, elektrischen und thermischen Eigenschaften.<\/p>\n\t\t<\/div>\n\t\t\t\t\n<style>\n#col-1439401688 > .col-inner {\n  padding: 30px 30px 30px 30px;\n  max-width: 550px;\n}\n<\/style>\n\t<\/div>\n\n\t\n\n\t<div id=\"col-2076032564\" class=\"col small-12 large-12\"  >\n\t\t\t\t<div class=\"col-inner\"  >\n\t\t\t\n\t\t\t\n\n  <div class=\"banner has-hover\" id=\"banner-554783903\">\n          <div class=\"banner-inner fill\">\n        <div class=\"banner-bg fill\" >\n            <img loading=\"lazy\" decoding=\"async\" width=\"1920\" height=\"954\" src=\"https:\/\/nuovamenon.com\/wp-content\/uploads\/2019\/10\/materiali_banner3.jpg\" class=\"bg attachment-original size-original\" alt=\"\" \/>                                    \n                    <\/div>\n\t\t\n        <div class=\"banner-layers container\">\n            <div class=\"fill banner-link\"><\/div>            \n        <\/div>\n      <\/div>\n\n            \n<style>\n#banner-554783903 {\n  padding-top: 240px;\n}\n#banner-554783903 .banner-bg img {\n  object-position: 50% 50%;\n}\n@media (min-width:550px) {\n  #banner-554783903 {\n    padding-top: 680px;\n  }\n}\n<\/style>\n  <\/div>\n\n\n\t\t<\/div>\n\t\t\t\t\t<\/div>\n\n\t\n<\/div>\n<div class=\"row row-collapse row-full-width hide-for-small\"  id=\"row-221838996\">\n\n\t<div id=\"col-1184228745\" class=\"col medium-6 small-12 large-6\"  >\n\t\t\t\t<div class=\"col-inner\"  >\n\t\t\t\n\t\t\t\n\n  <div class=\"banner has-hover\" id=\"banner-57640562\">\n          <div class=\"banner-inner fill\">\n        <div class=\"banner-bg fill\" >\n            <img loading=\"lazy\" decoding=\"async\" width=\"960\" height=\"290\" src=\"https:\/\/nuovamenon.com\/wp-content\/uploads\/2019\/10\/materiali_banner1.jpg\" class=\"bg attachment-large size-large\" alt=\"\" \/>                                    \n                    <\/div>\n\t\t\n        <div class=\"banner-layers container\">\n            <div class=\"fill banner-link\"><\/div>            \n        <\/div>\n      <\/div>\n\n            \n<style>\n#banner-57640562 {\n  padding-top: 206px;\n}\n<\/style>\n  <\/div>\n\n\n\n  <div class=\"banner has-hover\" id=\"banner-776721836\">\n          <div class=\"banner-inner fill\">\n        <div class=\"banner-bg fill\" >\n            <img loading=\"lazy\" decoding=\"async\" width=\"960\" height=\"289\" src=\"https:\/\/nuovamenon.com\/wp-content\/uploads\/2019\/10\/materiali_banner2.jpg\" class=\"bg attachment-large size-large\" alt=\"\" \/>                                    \n                    <\/div>\n\t\t\n        <div class=\"banner-layers container\">\n            <div class=\"fill banner-link\"><\/div>            \n        <\/div>\n      <\/div>\n\n            \n<style>\n#banner-776721836 {\n  padding-top: 206px;\n}\n<\/style>\n  <\/div>\n\n\n\t\t<\/div>\n\t\t\t\t\t<\/div>\n\n\t\n\n\t<div id=\"col-1664437150\" class=\"col medium-6 small-12 large-6\"  >\n\t\t\t\t<div class=\"col-inner text-left\"  >\n\t\t\t\n\t\t\t\n<h2 class=\"titolibanner\" style=\"text-align: left;\"> Aluminium, Stahl und Kupfer<br \/>\n<\/h2>\n<p>Im Laufe der Jahre hat Nuova Menon die verarbeiteten Rohstoffe stetig und schrittweise erweitert und auch Aluminium, Stahl und Kupfer in die Produktion aufgenommen. Jedes Material wird sorgf\u00e4ltig nach Verwendungszweck ausgew\u00e4hlt, mit besonderem Augenmerk auf die chemische Zusammensetzung sowie die mechanischen, elektrischen und thermischen Eigenschaften.<\/p>\n\t\t<\/div>\n\t\t\t\t\n<style>\n#col-1664437150 > .col-inner {\n  padding: 30px 30px 30px 30px;\n  max-width: 550px;\n}\n<\/style>\n\t<\/div>\n\n\t\n\n\t<div id=\"col-1934823489\" class=\"col small-12 large-12\"  >\n\t\t\t\t<div class=\"col-inner\"  >\n\t\t\t\n\t\t\t\n\n  <div class=\"banner has-hover\" id=\"banner-103396939\">\n          <div class=\"banner-inner fill\">\n        <div class=\"banner-bg fill\" >\n            <img loading=\"lazy\" decoding=\"async\" width=\"1920\" height=\"954\" src=\"https:\/\/nuovamenon.com\/wp-content\/uploads\/2019\/10\/materiali_banner3.jpg\" class=\"bg attachment-original size-original\" alt=\"\" \/>                                    \n                    <\/div>\n\t\t\n        <div class=\"banner-layers container\">\n            <div class=\"fill banner-link\"><\/div>            \n        <\/div>\n      <\/div>\n\n            \n<style>\n#banner-103396939 {\n  padding-top: 680px;\n}\n#banner-103396939 .banner-bg img {\n  object-position: 50% 50%;\n}\n<\/style>\n  <\/div>\n\n\n\t\t<\/div>\n\t\t\t\t\t<\/div>\n\n\t\n<\/div>\n\t\t<\/div>\n\n\t\t\n<style>\n#section_119017574 {\n  padding-top: 0px;\n  padding-bottom: 0px;\n  min-height: 415px;\n}\n<\/style>\n\t<\/section>\n\t\n","protected":false},"excerpt":{"rendered":"","protected":false},"author":1,"featured_media":0,"parent":679,"menu_order":0,"comment_status":"closed","ping_status":"closed","template":"page-blank.php","meta":{"content-type":"","footnotes":""},"class_list":["post-702","page","type-page","status-publish","hentry"],"yoast_head":"<!-- This site is optimized with the Yoast SEO plugin v27.4 - https:\/\/yoast.com\/product\/yoast-seo-wordpress\/ -->\n<title>Metallgesenkschmiede und Messingverarbeitung \u2013 Nuova Menon<\/title>\n<meta name=\"description\" content=\"Nuova Menon besitzt eine langj\u00e4hrige Erfahrung in der Verarbeitung von Metallen und Herstellung von Schmiedeteilen. Der perfekte Partner f\u00fcr jeden Anspruch in allen Industriebereichen.\" \/>\n<meta name=\"robots\" content=\"index, follow, max-snippet:-1, max-image-preview:large, max-video-preview:-1\" \/>\n<link rel=\"canonical\" href=\"https:\/\/nuovamenon.com\/settori-e-materiali\/materiali\/\" \/>\n<meta property=\"og:locale\" content=\"de_DE\" \/>\n<meta property=\"og:type\" content=\"article\" \/>\n<meta property=\"og:title\" content=\"Metallgesenkschmiede und Messingverarbeitung \u2013 Nuova Menon\" \/>\n<meta property=\"og:description\" content=\"Nuova Menon besitzt eine langj\u00e4hrige Erfahrung in der Verarbeitung von Metallen und Herstellung von Schmiedeteilen. Der perfekte Partner f\u00fcr jeden Anspruch in allen Industriebereichen.\" \/>\n<meta property=\"og:url\" content=\"https:\/\/nuovamenon.com\/settori-e-materiali\/materiali\/\" \/>\n<meta property=\"og:site_name\" content=\"Nuovamenon\" \/>\n<meta property=\"article:modified_time\" content=\"2022-10-18T12:31:02+00:00\" \/>\n<meta name=\"twitter:card\" content=\"summary_large_image\" \/>\n<meta name=\"twitter:label1\" content=\"Gesch\u00e4tzte Lesezeit\" \/>\n\t<meta name=\"twitter:data1\" content=\"3\u00a0Minuten\" \/>\n<script type=\"application\/ld+json\" class=\"yoast-schema-graph\">{\"@context\":\"https:\\\/\\\/schema.org\",\"@graph\":[{\"@type\":\"WebPage\",\"@id\":\"https:\\\/\\\/nuovamenon.com\\\/settori-e-materiali\\\/materiali\\\/\",\"url\":\"https:\\\/\\\/nuovamenon.com\\\/settori-e-materiali\\\/materiali\\\/\",\"name\":\"Metallgesenkschmiede und Messingverarbeitung \u2013 Nuova Menon\",\"isPartOf\":{\"@id\":\"https:\\\/\\\/nuovamenon.com\\\/de\\\/#website\"},\"datePublished\":\"2019-10-17T09:25:46+00:00\",\"dateModified\":\"2022-10-18T12:31:02+00:00\",\"description\":\"Nuova Menon besitzt eine langj\u00e4hrige Erfahrung in der Verarbeitung von Metallen und Herstellung von Schmiedeteilen. Der perfekte Partner f\u00fcr jeden Anspruch in allen Industriebereichen.\",\"breadcrumb\":{\"@id\":\"https:\\\/\\\/nuovamenon.com\\\/settori-e-materiali\\\/materiali\\\/#breadcrumb\"},\"inLanguage\":\"de\",\"potentialAction\":[{\"@type\":\"ReadAction\",\"target\":[\"https:\\\/\\\/nuovamenon.com\\\/settori-e-materiali\\\/materiali\\\/\"]}]},{\"@type\":\"BreadcrumbList\",\"@id\":\"https:\\\/\\\/nuovamenon.com\\\/settori-e-materiali\\\/materiali\\\/#breadcrumb\",\"itemListElement\":[{\"@type\":\"ListItem\",\"position\":1,\"name\":\"Home\",\"item\":\"https:\\\/\\\/nuovamenon.com\\\/de\\\/\"},{\"@type\":\"ListItem\",\"position\":2,\"name\":\"BEREICHE UND ROHSTOFFE\",\"item\":\"https:\\\/\\\/nuovamenon.com\\\/settori-e-materiali\\\/\"},{\"@type\":\"ListItem\",\"position\":3,\"name\":\"ROHSTOFFE\"}]},{\"@type\":\"WebSite\",\"@id\":\"https:\\\/\\\/nuovamenon.com\\\/de\\\/#website\",\"url\":\"https:\\\/\\\/nuovamenon.com\\\/de\\\/\",\"name\":\"Nuovamenon\",\"description\":\"My WordPress Blog\",\"potentialAction\":[{\"@type\":\"SearchAction\",\"target\":{\"@type\":\"EntryPoint\",\"urlTemplate\":\"https:\\\/\\\/nuovamenon.com\\\/de\\\/?s={search_term_string}\"},\"query-input\":{\"@type\":\"PropertyValueSpecification\",\"valueRequired\":true,\"valueName\":\"search_term_string\"}}],\"inLanguage\":\"de\"}]}<\/script>\n<!-- \/ Yoast SEO plugin. -->","yoast_head_json":{"title":"Metallgesenkschmiede und Messingverarbeitung \u2013 Nuova Menon","description":"Nuova Menon besitzt eine langj\u00e4hrige Erfahrung in der Verarbeitung von Metallen und Herstellung von Schmiedeteilen. Der perfekte Partner f\u00fcr jeden Anspruch in allen Industriebereichen.","robots":{"index":"index","follow":"follow","max-snippet":"max-snippet:-1","max-image-preview":"max-image-preview:large","max-video-preview":"max-video-preview:-1"},"canonical":"https:\/\/nuovamenon.com\/settori-e-materiali\/materiali\/","og_locale":"de_DE","og_type":"article","og_title":"Metallgesenkschmiede und Messingverarbeitung \u2013 Nuova Menon","og_description":"Nuova Menon besitzt eine langj\u00e4hrige Erfahrung in der Verarbeitung von Metallen und Herstellung von Schmiedeteilen. Der perfekte Partner f\u00fcr jeden Anspruch in allen Industriebereichen.","og_url":"https:\/\/nuovamenon.com\/settori-e-materiali\/materiali\/","og_site_name":"Nuovamenon","article_modified_time":"2022-10-18T12:31:02+00:00","twitter_card":"summary_large_image","twitter_misc":{"Gesch\u00e4tzte Lesezeit":"3\u00a0Minuten"},"schema":{"@context":"https:\/\/schema.org","@graph":[{"@type":"WebPage","@id":"https:\/\/nuovamenon.com\/settori-e-materiali\/materiali\/","url":"https:\/\/nuovamenon.com\/settori-e-materiali\/materiali\/","name":"Metallgesenkschmiede und Messingverarbeitung \u2013 Nuova Menon","isPartOf":{"@id":"https:\/\/nuovamenon.com\/de\/#website"},"datePublished":"2019-10-17T09:25:46+00:00","dateModified":"2022-10-18T12:31:02+00:00","description":"Nuova Menon besitzt eine langj\u00e4hrige Erfahrung in der Verarbeitung von Metallen und Herstellung von Schmiedeteilen. Der perfekte Partner f\u00fcr jeden Anspruch in allen Industriebereichen.","breadcrumb":{"@id":"https:\/\/nuovamenon.com\/settori-e-materiali\/materiali\/#breadcrumb"},"inLanguage":"de","potentialAction":[{"@type":"ReadAction","target":["https:\/\/nuovamenon.com\/settori-e-materiali\/materiali\/"]}]},{"@type":"BreadcrumbList","@id":"https:\/\/nuovamenon.com\/settori-e-materiali\/materiali\/#breadcrumb","itemListElement":[{"@type":"ListItem","position":1,"name":"Home","item":"https:\/\/nuovamenon.com\/de\/"},{"@type":"ListItem","position":2,"name":"BEREICHE UND ROHSTOFFE","item":"https:\/\/nuovamenon.com\/settori-e-materiali\/"},{"@type":"ListItem","position":3,"name":"ROHSTOFFE"}]},{"@type":"WebSite","@id":"https:\/\/nuovamenon.com\/de\/#website","url":"https:\/\/nuovamenon.com\/de\/","name":"Nuovamenon","description":"My WordPress Blog","potentialAction":[{"@type":"SearchAction","target":{"@type":"EntryPoint","urlTemplate":"https:\/\/nuovamenon.com\/de\/?s={search_term_string}"},"query-input":{"@type":"PropertyValueSpecification","valueRequired":true,"valueName":"search_term_string"}}],"inLanguage":"de"}]}},"_links":{"self":[{"href":"https:\/\/nuovamenon.com\/de\/wp-json\/wp\/v2\/pages\/702","targetHints":{"allow":["GET"]}}],"collection":[{"href":"https:\/\/nuovamenon.com\/de\/wp-json\/wp\/v2\/pages"}],"about":[{"href":"https:\/\/nuovamenon.com\/de\/wp-json\/wp\/v2\/types\/page"}],"author":[{"embeddable":true,"href":"https:\/\/nuovamenon.com\/de\/wp-json\/wp\/v2\/users\/1"}],"replies":[{"embeddable":true,"href":"https:\/\/nuovamenon.com\/de\/wp-json\/wp\/v2\/comments?post=702"}],"version-history":[{"count":7,"href":"https:\/\/nuovamenon.com\/de\/wp-json\/wp\/v2\/pages\/702\/revisions"}],"predecessor-version":[{"id":1801,"href":"https:\/\/nuovamenon.com\/de\/wp-json\/wp\/v2\/pages\/702\/revisions\/1801"}],"up":[{"embeddable":true,"href":"https:\/\/nuovamenon.com\/de\/wp-json\/wp\/v2\/pages\/679"}],"wp:attachment":[{"href":"https:\/\/nuovamenon.com\/de\/wp-json\/wp\/v2\/media?parent=702"}],"curies":[{"name":"wp","href":"https:\/\/api.w.org\/{rel}","templated":true}]}}