{"id":719,"date":"2019-10-17T09:25:59","date_gmt":"2019-10-17T09:25:59","guid":{"rendered":"https:\/\/beta.nuovamenon.com\/qualita\/"},"modified":"2023-09-04T11:57:01","modified_gmt":"2023-09-04T11:57:01","slug":"qualitaet","status":"publish","type":"page","link":"https:\/\/nuovamenon.com\/de\/qualitaet\/","title":{"rendered":"QUALIT\u00c4T"},"content":{"rendered":"\n\t<section class=\"section\" id=\"section_1957809123\">\n\t\t<div class=\"section-bg fill\" >\n\t\t\t\t\t\t\t\t\t\n\t\t\t\n\n\t\t<\/div>\n\n\t\t\n\n\t\t<div class=\"section-content relative\">\n\t\t\t\n\n  <div class=\"banner has-hover\" id=\"banner-1133504173\">\n          <div class=\"banner-inner fill\">\n        <div class=\"banner-bg fill\" >\n            <img loading=\"lazy\" decoding=\"async\" width=\"1920\" height=\"1081\" src=\"https:\/\/nuovamenon.com\/wp-content\/uploads\/2019\/10\/qualita_testa.jpg\" class=\"bg attachment-original size-original\" alt=\"\" \/>                                    \n                    <\/div>\n\t\t\n        <div class=\"banner-layers container\">\n            <div class=\"fill banner-link\"><\/div>            \n   <div id=\"text-box-1017444965\" class=\"text-box banner-layer x50 md-x50 lg-x50 y0 md-y0 lg-y0 res-text\">\n                                <div class=\"text-box-content text dark\">\n              \n              <div class=\"text-inner text-center\">\n                  \n\t<div class=\"img has-hover x md-x lg-x y md-y lg-y\" id=\"image_1697212632\">\n\t\t\t\t\t\t\t\t<div class=\"img-inner image-cover dark\" style=\"padding-top:61px;\">\n\t\t\t<img loading=\"lazy\" decoding=\"async\" width=\"21\" height=\"61\" src=\"https:\/\/nuovamenon.com\/wp-content\/uploads\/2022\/02\/freccia2.png\" class=\"attachment-original size-original\" alt=\"\" \/>\t\t\t\t\t\t\n\t\t\t\t\t<\/div>\n\t\t\t\t\t\t\t\t\n<style>\n#image_1697212632 {\n  width: 2%;\n}\n<\/style>\n\t<\/div>\n\t\n<h4 class=\"titolettobanner\">QUALIT\u00c4T<\/h4>\n<h1 class=\"titolibanner\">Umfassendes Qualit\u00e4tsmanagement f\u00fcr vollst\u00e4ndige Kundenzufriedenheit<\/h1>\n              <\/div>\n           <\/div>\n                            \n<style>\n#text-box-1017444965 {\n  width: 100%;\n}\n#text-box-1017444965 .text-box-content {\n  font-size: 100%;\n}\n<\/style>\n    <\/div>\n \n        <\/div>\n      <\/div>\n\n            \n<style>\n#banner-1133504173 {\n  padding-top: 680px;\n}\n#banner-1133504173 .banner-bg img {\n  object-position: 37% 61%;\n}\n<\/style>\n  <\/div>\n\n\n\t\t<\/div>\n\n\t\t\n<style>\n#section_1957809123 {\n  padding-top: 0px;\n  padding-bottom: 0px;\n  min-height: 680px;\n}\n<\/style>\n\t<\/section>\n\t\n\n\t<section class=\"section\" id=\"section_1124769638\">\n\t\t<div class=\"section-bg fill\" >\n\t\t\t<img loading=\"lazy\" decoding=\"async\" width=\"1920\" height=\"700\" src=\"https:\/\/nuovamenon.com\/wp-content\/uploads\/2019\/10\/bg_graduato-1.jpg\" class=\"bg attachment-original size-original\" alt=\"\" \/>\t\t\t\t\t\t\n\t\t\t\n\n\t\t<\/div>\n\n\t\t\n\n\t\t<div class=\"section-content relative\">\n\t\t\t\n<div class=\"row row-collapse\"  id=\"row-152107764\">\n\n\t<div id=\"col-1034189041\" class=\"col hide-for-small small-12 large-12\"  >\n\t\t\t\t<div class=\"col-inner\"  >\n\t\t\t\n\t\t\t\n\t<div class=\"img has-hover x md-x lg-x y md-y lg-y\" id=\"image_1172925005\">\n\t\t\t\t\t\t\t\t<div class=\"img-inner dark\" >\n\t\t\t<img decoding=\"async\" src=\"https:\/\/nuovamenon.com\/wp-content\/uploads\/2019\/11\/schema-qms_deu.svg\" class=\"attachment-original size-original\" alt=\"\" \/>\t\t\t\t\t\t\n\t\t\t\t\t<\/div>\n\t\t\t\t\t\t\t\t\n<style>\n#image_1172925005 {\n  width: 100%;\n}\n<\/style>\n\t<\/div>\n\t\n\t\t<\/div>\n\t\t\t\t\t<\/div>\n\n\t\n\n\t<div id=\"col-282168482\" class=\"col show-for-small small-12 large-12\"  >\n\t\t\t\t<div class=\"col-inner text-center\"  >\n\t\t\t\n\t\t\t\n\t<div class=\"img has-hover x md-x lg-x y md-y lg-y\" id=\"image_778730264\">\n\t\t\t\t\t\t\t\t<div class=\"img-inner dark\" >\n\t\t\t<img decoding=\"async\" src=\"https:\/\/nuovamenon.com\/wp-content\/uploads\/2019\/11\/schema-qms-mobile_deu.svg\" class=\"attachment-original size-original\" alt=\"\" \/>\t\t\t\t\t\t\n\t\t\t\t\t<\/div>\n\t\t\t\t\t\t\t\t\n<style>\n#image_778730264 {\n  width: 92%;\n}\n@media (min-width:550px) {\n  #image_778730264 {\n    width: 100%;\n  }\n}\n<\/style>\n\t<\/div>\n\t\n\t\t<\/div>\n\t\t\t\t\t<\/div>\n\n\t\n<\/div>\n\t\t<\/div>\n\n\t\t\n<style>\n#section_1124769638 {\n  padding-top: 30px;\n  padding-bottom: 30px;\n  min-height: 680px;\n  background-color: rgb(143, 143, 143);\n}\n#section_1124769638 .section-bg img {\n  object-position: 0% 0%;\n}\n<\/style>\n\t<\/section>\n\t\n\n\t<section class=\"section\" id=\"section_940323495\">\n\t\t<div class=\"section-bg fill\" >\n\t\t\t\t\t\t\t\t\t\n\t\t\t\n\n\t\t<\/div>\n\n\t\t\n\n\t\t<div class=\"section-content relative\">\n\t\t\t\n<div class=\"row\"  id=\"row-2114668246\">\n\n\t<div id=\"col-2054354447\" class=\"col medium-6 small-12 large-6\"  >\n\t\t\t\t<div class=\"col-inner\"  >\n\t\t\t\n\t\t\t\n<h2 class=\"titologrigio\"><span style=\"font-size: 75%;\" data-line-height=\"xs\">QUALITY MANAGEMENT SYSTEM<\/span><\/h2>\n\t\t<\/div>\n\t\t\t\t\t<\/div>\n\n\t\n\n\t<div id=\"col-801736316\" class=\"col medium-6 small-12 large-6\"  >\n\t\t\t\t<div class=\"col-inner text-left\"  >\n\t\t\t\n\t\t\t\n<p class=\"regular\">Um den Bed\u00fcrfnissen der Kunden und der Umwelt bestm\u00f6glich gerecht zu werden, hat sich Nuova Menon als strategisches Ziel der Unternehmenst\u00e4tigkeit die Umsetzung eines systematischen Ansatzes f\u00fcr das Qualit\u00e4ts-, Umwelt- und Sicherheitsmanagement gesetzt, oder anders ausgedr\u00fcckt, die Umsetzung eines Systems, das genau die Art und Weise definiert, wie Unternehmensaktivit\u00e4ten und -verfahren durchgef\u00fchrt werden m\u00fcssen, um auf allen Ebenen Spitzenleistungen erzielen zu k\u00f6nnen. Die Einf\u00fchrung eines Managementsystems f\u00fcr Qualit\u00e4t, Umwelt und Sicherheit ist im aktuellen Wettbewerbsvergleich von besonders gro\u00dfer Bedeutung und hat als Zielsetzung:<\/p>\n<ul class=\"grigio\">\n<li class=\"regular\"><span style=\"color: #272727;\">Leistungen zu bieten, die bestm\u00f6glich mit den tats\u00e4chlichen Bed\u00fcrfnissen der Kunden \u00fcbereinstimmen und gleichzeitig die Sicherheit und die Umwelt respektieren<\/span><\/li>\n<li class=\"regular\"><span style=\"color: #272727;\">einen Prozess der st\u00e4ndigen und kontinuierlichen Verbesserung der Abl\u00e4ufe und damit des gesamten Systems zu starten die Leistungsf\u00e4higkeit und Gesamteffizienz des Unternehmens zu steigern die Gesundheit und Sicherheit der Arbeitnehmer zu sch\u00fctzen.<\/span><\/li>\n<li class=\"regular\"><span style=\"color: #272727;\"><strong>den Arbeitsplatz und das Arbeitsumfeld zu sichern und zu verbessern.<\/span><\/li>\n<\/ul>\n<p class=\"regular\">Das operative Instrument, welches zur Umsetzung dieser Art von System ausgew\u00e4hlt wurde, ist das Total Quality Management (TQM), ein an die Gesch\u00e4ftst\u00e4tigkeit integrierter Ansatz mit einer starken Ausrichtung auf den Kunden und den Kontext.<\/p>\n<p>\u00a0<\/p>\n<a href=\"\/de\/qualitaet\/total-quality-management\/\" class=\"button primary\" >\n\t\t<span>Mehr \u00fcber das TQM erfahren<\/span>\n\t<\/a>\n\n\t\t<\/div>\n\t\t\t\t\n<style>\n#col-801736316 > .col-inner {\n  padding: 30px 0px 0px 0px;\n}\n<\/style>\n\t<\/div>\n\n\t\n<\/div>\n\t\t<\/div>\n\n\t\t\n<style>\n#section_940323495 {\n  padding-top: 30px;\n  padding-bottom: 30px;\n  min-height: 560px;\n}\n<\/style>\n\t<\/section>\n\t\n\n\t<section class=\"section\" id=\"section_216192144\">\n\t\t<div class=\"section-bg fill\" >\n\t\t\t\t\t\t\t\t\t\n\t\t\t\n\n\t\t<\/div>\n\n\t\t\n\n\t\t<div class=\"section-content relative\">\n\t\t\t\n  <div class=\"banner-grid-wrapper\">\n  <div id=\"banner-grid-1678553233\" class=\"banner-grid row row-grid row-collapse row-full-width\" data-packery-options=\"\">\n                      \n<div class=\"col grid-col small-12 large-6 grid-col-1-2\" ><div class=\"col-inner\">\n\n  <div class=\"banner has-hover\" id=\"banner-145014193\">\n          <div class=\"banner-inner fill\">\n        <div class=\"banner-bg fill\" >\n            <img loading=\"lazy\" decoding=\"async\" width=\"960\" height=\"291\" src=\"https:\/\/nuovamenon.com\/wp-content\/uploads\/2019\/10\/qualita_banner1.jpg\" class=\"bg attachment-original size-original\" alt=\"\" \/>                                    \n                    <\/div>\n\t\t\n        <div class=\"banner-layers container\">\n            <div class=\"fill banner-link\"><\/div>            \n        <\/div>\n      <\/div>\n\n            \n<style>\n#banner-145014193 {\n  padding-top: 500px;\n}\n#banner-145014193 .banner-bg img {\n  object-position: 25% 62%;\n}\n<\/style>\n  <\/div>\n\n\n<\/div><\/div>\n<div class=\"col grid-col small-12 large-6 grid-col-1\" ><div class=\"col-inner\">\n\n  <div class=\"banner has-hover\" id=\"banner-1208495491\">\n          <div class=\"banner-inner fill\">\n        <div class=\"banner-bg fill\" >\n            <img loading=\"lazy\" decoding=\"async\" width=\"960\" height=\"578\" src=\"https:\/\/nuovamenon.com\/wp-content\/uploads\/2019\/10\/qualita_banner2.jpg\" class=\"bg attachment-original size-original\" alt=\"\" \/>                                    \n                    <\/div>\n\t\t\n        <div class=\"banner-layers container\">\n            <div class=\"fill banner-link\"><\/div>            \n        <\/div>\n      <\/div>\n\n            \n<style>\n#banner-1208495491 {\n  padding-top: 500px;\n}\n#banner-1208495491 .banner-bg img {\n  object-position: 48% 47%;\n}\n<\/style>\n  <\/div>\n\n\n<\/div><\/div>\n<div class=\"col grid-col small-12 large-6 grid-col-1-2\" ><div class=\"col-inner\">\n\n  <div class=\"banner has-hover\" id=\"banner-1729034044\">\n          <div class=\"banner-inner fill\">\n        <div class=\"banner-bg fill\" >\n            <img loading=\"lazy\" decoding=\"async\" width=\"960\" height=\"289\" src=\"https:\/\/nuovamenon.com\/wp-content\/uploads\/2019\/10\/qualita_banner3.jpg\" class=\"bg attachment-original size-original\" alt=\"\" \/>                                    \n                    <\/div>\n\t\t\n        <div class=\"banner-layers container\">\n            <div class=\"fill banner-link\"><\/div>            \n        <\/div>\n      <\/div>\n\n            \n<style>\n#banner-1729034044 {\n  padding-top: 206px;\n  background-color: rgb(255,255,255);\n}\n#banner-1729034044 .banner-bg img {\n  object-position: 38% 30%;\n}\n<\/style>\n  <\/div>\n\n\n<\/div><\/div>\n            <\/div>\n    <style>\n    #banner-grid-1678553233 .grid-col-1{height: 417px}\n    #banner-grid-1678553233 .grid-col-1-2{height: 208.5px}\n    #banner-grid-1678553233 .grid-col-1-3{height:139px}\n    #banner-grid-1678553233 .grid-col-2-3{height: 278px}\n    #banner-grid-1678553233 .grid-col-1-4{height: 104.25px}\n    #banner-grid-1678553233 .grid-col-3-4{height: 312.75px}\n\n\n    \n    \n\n  <\/style>\n    <\/div>\n  \n\t\t<\/div>\n\n\t\t\n<style>\n#section_216192144 {\n  padding-top: 0px;\n  padding-bottom: 0px;\n  min-height: 415px;\n}\n<\/style>\n\t<\/section>\n\t\n\n\t<section class=\"section\" id=\"section_347994597\">\n\t\t<div class=\"section-bg fill\" >\n\t\t\t\t\t\t\t\t\t\n\t\t\t\n\n\t\t<\/div>\n\n\t\t\n\n\t\t<div class=\"section-content relative\">\n\t\t\t\n<div class=\"row align-center\"  id=\"row-1606676605\">\n\n\t<div id=\"col-1128681814\" class=\"col hide-for-small small-12 large-12\"  >\n\t\t\t\t<div class=\"col-inner\"  >\n\t\t\t\n\t\t\t\n<h2 class=\"titolibanner\" style=\"text-align: center;\">Nuova Menon \u00fcberwacht st\u00e4ndig jede Phase des Produktionsprozesses, um dem Kunden absolute <strong>Zuverl\u00e4ssigkeit und Pr\u00e4zision zu garantieren<\/strong><\/h2>\n\t\t<\/div>\n\t\t\t\t\t<\/div>\n\n\t\n\n\t<div id=\"col-1536026326\" class=\"col show-for-medium small-12 large-12\"  >\n\t\t\t\t<div class=\"col-inner\"  >\n\t\t\t\n\t\t\t\n<h2 class=\"titolibanner\" style=\"text-align: center;\"><span style=\"font-size: 90%;\">Nuova Menon \u00fcberwacht st\u00e4ndig jede Phase des Produktionsprozesses, um dem Kunden absolute <strong>Zuverl\u00e4ssigkeit und Pr\u00e4zision zu garantieren<\/strong><\/span><\/h2>\n\t\t<\/div>\n\t\t\t\t\t<\/div>\n\n\t\n\n\t<div id=\"col-1168909666\" class=\"col medium-5 small-12 large-5\"  >\n\t\t\t\t<div class=\"col-inner text-center\"  >\n\t\t\t\n\t\t\t\n\t<div class=\"img has-hover x md-x lg-x y md-y lg-y\" id=\"image_2095121671\">\n\t\t\t\t\t\t\t\t<div class=\"img-inner image-cover dark\" style=\"padding-top:100%;margin:0px 0px 30px 0px;\">\n\t\t\t<img loading=\"lazy\" decoding=\"async\" width=\"315\" height=\"315\" src=\"https:\/\/nuovamenon.com\/wp-content\/uploads\/2019\/11\/quartametalprostain_deu.jpg\" class=\"attachment-large size-large\" alt=\"\" srcset=\"https:\/\/nuovamenon.com\/wp-content\/uploads\/2019\/11\/quartametalprostain_deu.jpg 315w, https:\/\/nuovamenon.com\/wp-content\/uploads\/2019\/11\/quartametalprostain_deu-150x150.jpg 150w, https:\/\/nuovamenon.com\/wp-content\/uploads\/2019\/11\/quartametalprostain_deu-300x300.jpg 300w\" sizes=\"auto, (max-width: 315px) 100vw, 315px\" \/>\t\t\t\t\t\t\n\t\t\t\t\t<\/div>\n\t\t\t\t\t\t\t\t\n<style>\n#image_2095121671 {\n  width: 97%;\n}\n@media (min-width:550px) {\n  #image_2095121671 {\n    width: 75%;\n  }\n}\n<\/style>\n\t<\/div>\n\t\n<a href=\"\/de\/qualitaet\/zertifizierungen\/\" class=\"button primary\" >\n\t\t<span>Mehr \u00fcber die Qualit\u00e4tskontrollen erfahren<\/span>\n\t<\/a>\n\n\t\t<\/div>\n\t\t\t\t\t<\/div>\n\n\t\n<\/div>\n\t\t<\/div>\n\n\t\t\n<style>\n#section_347994597 {\n  padding-top: 60px;\n  padding-bottom: 60px;\n  min-height: 700px;\n}\n<\/style>\n\t<\/section>\n\t\n","protected":false},"excerpt":{"rendered":"","protected":false},"author":1,"featured_media":0,"parent":0,"menu_order":0,"comment_status":"closed","ping_status":"closed","template":"page-blank.php","meta":{"content-type":"","footnotes":""},"class_list":["post-719","page","type-page","status-publish","hentry"],"yoast_head":"<!-- This site is optimized with the Yoast SEO plugin v27.4 - https:\/\/yoast.com\/product\/yoast-seo-wordpress\/ -->\n<title>Qualit\u00e4t \u2013 Zuverl\u00e4ssigkeit und Pr\u00e4zision \u2013 Nuova Menon<\/title>\n<meta name=\"description\" content=\"Nuova Menon setzt ein methodisches System f\u00fcr das Qualit\u00e4tsmanagement ein, um die Anspr\u00fcche der Kunden mit h\u00f6chster Zuverl\u00e4ssigkeit und Pr\u00e4zision zu erf\u00fcllen.\" \/>\n<meta name=\"robots\" content=\"index, follow, max-snippet:-1, max-image-preview:large, max-video-preview:-1\" \/>\n<link rel=\"canonical\" href=\"https:\/\/nuovamenon.com\/de\/qualitaet\/\" \/>\n<meta property=\"og:locale\" content=\"de_DE\" \/>\n<meta property=\"og:type\" content=\"article\" \/>\n<meta property=\"og:title\" content=\"Qualit\u00e4t \u2013 Zuverl\u00e4ssigkeit und Pr\u00e4zision \u2013 Nuova Menon\" \/>\n<meta property=\"og:description\" content=\"Nuova Menon setzt ein methodisches System f\u00fcr das Qualit\u00e4tsmanagement ein, um die Anspr\u00fcche der Kunden mit h\u00f6chster Zuverl\u00e4ssigkeit und Pr\u00e4zision zu erf\u00fcllen.\" \/>\n<meta property=\"og:url\" content=\"https:\/\/nuovamenon.com\/de\/qualitaet\/\" \/>\n<meta property=\"og:site_name\" content=\"Nuovamenon\" \/>\n<meta property=\"article:modified_time\" content=\"2023-09-04T11:57:01+00:00\" \/>\n<meta name=\"twitter:card\" content=\"summary_large_image\" \/>\n<meta name=\"twitter:label1\" content=\"Gesch\u00e4tzte Lesezeit\" \/>\n\t<meta name=\"twitter:data1\" content=\"3\u00a0Minuten\" \/>\n<script type=\"application\/ld+json\" class=\"yoast-schema-graph\">{\"@context\":\"https:\\\/\\\/schema.org\",\"@graph\":[{\"@type\":\"WebPage\",\"@id\":\"https:\\\/\\\/nuovamenon.com\\\/de\\\/qualitaet\\\/\",\"url\":\"https:\\\/\\\/nuovamenon.com\\\/de\\\/qualitaet\\\/\",\"name\":\"Qualit\u00e4t \u2013 Zuverl\u00e4ssigkeit und Pr\u00e4zision \u2013 Nuova Menon\",\"isPartOf\":{\"@id\":\"https:\\\/\\\/nuovamenon.com\\\/de\\\/#website\"},\"datePublished\":\"2019-10-17T09:25:59+00:00\",\"dateModified\":\"2023-09-04T11:57:01+00:00\",\"description\":\"Nuova Menon setzt ein methodisches System f\u00fcr das Qualit\u00e4tsmanagement ein, um die Anspr\u00fcche der Kunden mit h\u00f6chster Zuverl\u00e4ssigkeit und Pr\u00e4zision zu erf\u00fcllen.\",\"breadcrumb\":{\"@id\":\"https:\\\/\\\/nuovamenon.com\\\/de\\\/qualitaet\\\/#breadcrumb\"},\"inLanguage\":\"de\",\"potentialAction\":[{\"@type\":\"ReadAction\",\"target\":[\"https:\\\/\\\/nuovamenon.com\\\/de\\\/qualitaet\\\/\"]}]},{\"@type\":\"BreadcrumbList\",\"@id\":\"https:\\\/\\\/nuovamenon.com\\\/de\\\/qualitaet\\\/#breadcrumb\",\"itemListElement\":[{\"@type\":\"ListItem\",\"position\":1,\"name\":\"Home\",\"item\":\"https:\\\/\\\/nuovamenon.com\\\/de\\\/\"},{\"@type\":\"ListItem\",\"position\":2,\"name\":\"QUALIT\u00c4T\"}]},{\"@type\":\"WebSite\",\"@id\":\"https:\\\/\\\/nuovamenon.com\\\/de\\\/#website\",\"url\":\"https:\\\/\\\/nuovamenon.com\\\/de\\\/\",\"name\":\"Nuovamenon\",\"description\":\"My WordPress Blog\",\"potentialAction\":[{\"@type\":\"SearchAction\",\"target\":{\"@type\":\"EntryPoint\",\"urlTemplate\":\"https:\\\/\\\/nuovamenon.com\\\/de\\\/?s={search_term_string}\"},\"query-input\":{\"@type\":\"PropertyValueSpecification\",\"valueRequired\":true,\"valueName\":\"search_term_string\"}}],\"inLanguage\":\"de\"}]}<\/script>\n<!-- \/ Yoast SEO plugin. -->","yoast_head_json":{"title":"Qualit\u00e4t \u2013 Zuverl\u00e4ssigkeit und Pr\u00e4zision \u2013 Nuova Menon","description":"Nuova Menon setzt ein methodisches System f\u00fcr das Qualit\u00e4tsmanagement ein, um die Anspr\u00fcche der Kunden mit h\u00f6chster Zuverl\u00e4ssigkeit und Pr\u00e4zision zu erf\u00fcllen.","robots":{"index":"index","follow":"follow","max-snippet":"max-snippet:-1","max-image-preview":"max-image-preview:large","max-video-preview":"max-video-preview:-1"},"canonical":"https:\/\/nuovamenon.com\/de\/qualitaet\/","og_locale":"de_DE","og_type":"article","og_title":"Qualit\u00e4t \u2013 Zuverl\u00e4ssigkeit und Pr\u00e4zision \u2013 Nuova Menon","og_description":"Nuova Menon setzt ein methodisches System f\u00fcr das Qualit\u00e4tsmanagement ein, um die Anspr\u00fcche der Kunden mit h\u00f6chster Zuverl\u00e4ssigkeit und Pr\u00e4zision zu erf\u00fcllen.","og_url":"https:\/\/nuovamenon.com\/de\/qualitaet\/","og_site_name":"Nuovamenon","article_modified_time":"2023-09-04T11:57:01+00:00","twitter_card":"summary_large_image","twitter_misc":{"Gesch\u00e4tzte Lesezeit":"3\u00a0Minuten"},"schema":{"@context":"https:\/\/schema.org","@graph":[{"@type":"WebPage","@id":"https:\/\/nuovamenon.com\/de\/qualitaet\/","url":"https:\/\/nuovamenon.com\/de\/qualitaet\/","name":"Qualit\u00e4t \u2013 Zuverl\u00e4ssigkeit und Pr\u00e4zision \u2013 Nuova Menon","isPartOf":{"@id":"https:\/\/nuovamenon.com\/de\/#website"},"datePublished":"2019-10-17T09:25:59+00:00","dateModified":"2023-09-04T11:57:01+00:00","description":"Nuova Menon setzt ein methodisches System f\u00fcr das Qualit\u00e4tsmanagement ein, um die Anspr\u00fcche der Kunden mit h\u00f6chster Zuverl\u00e4ssigkeit und Pr\u00e4zision zu erf\u00fcllen.","breadcrumb":{"@id":"https:\/\/nuovamenon.com\/de\/qualitaet\/#breadcrumb"},"inLanguage":"de","potentialAction":[{"@type":"ReadAction","target":["https:\/\/nuovamenon.com\/de\/qualitaet\/"]}]},{"@type":"BreadcrumbList","@id":"https:\/\/nuovamenon.com\/de\/qualitaet\/#breadcrumb","itemListElement":[{"@type":"ListItem","position":1,"name":"Home","item":"https:\/\/nuovamenon.com\/de\/"},{"@type":"ListItem","position":2,"name":"QUALIT\u00c4T"}]},{"@type":"WebSite","@id":"https:\/\/nuovamenon.com\/de\/#website","url":"https:\/\/nuovamenon.com\/de\/","name":"Nuovamenon","description":"My WordPress Blog","potentialAction":[{"@type":"SearchAction","target":{"@type":"EntryPoint","urlTemplate":"https:\/\/nuovamenon.com\/de\/?s={search_term_string}"},"query-input":{"@type":"PropertyValueSpecification","valueRequired":true,"valueName":"search_term_string"}}],"inLanguage":"de"}]}},"_links":{"self":[{"href":"https:\/\/nuovamenon.com\/de\/wp-json\/wp\/v2\/pages\/719","targetHints":{"allow":["GET"]}}],"collection":[{"href":"https:\/\/nuovamenon.com\/de\/wp-json\/wp\/v2\/pages"}],"about":[{"href":"https:\/\/nuovamenon.com\/de\/wp-json\/wp\/v2\/types\/page"}],"author":[{"embeddable":true,"href":"https:\/\/nuovamenon.com\/de\/wp-json\/wp\/v2\/users\/1"}],"replies":[{"embeddable":true,"href":"https:\/\/nuovamenon.com\/de\/wp-json\/wp\/v2\/comments?post=719"}],"version-history":[{"count":6,"href":"https:\/\/nuovamenon.com\/de\/wp-json\/wp\/v2\/pages\/719\/revisions"}],"predecessor-version":[{"id":2286,"href":"https:\/\/nuovamenon.com\/de\/wp-json\/wp\/v2\/pages\/719\/revisions\/2286"}],"wp:attachment":[{"href":"https:\/\/nuovamenon.com\/de\/wp-json\/wp\/v2\/media?parent=719"}],"curies":[{"name":"wp","href":"https:\/\/api.w.org\/{rel}","templated":true}]}}