{"id":740,"date":"2019-10-17T09:26:44","date_gmt":"2019-10-17T09:26:44","guid":{"rendered":"https:\/\/beta.nuovamenon.com\/qualitaet\/certificazioni\/"},"modified":"2025-06-04T07:40:39","modified_gmt":"2025-06-04T07:40:39","slug":"zertifizierungen","status":"publish","type":"page","link":"https:\/\/nuovamenon.com\/de\/qualitaet\/zertifizierungen\/","title":{"rendered":"ZERTIFIZIERUNGEN"},"content":{"rendered":"\n\t<section class=\"section\" id=\"section_1610223940\">\n\t\t<div class=\"section-bg fill\" >\n\t\t\t<img loading=\"lazy\" decoding=\"async\" width=\"1920\" height=\"1003\" src=\"https:\/\/nuovamenon.com\/wp-content\/uploads\/2019\/10\/certificazioni.jpg\" class=\"bg attachment- size-\" alt=\"\" \/>\t\t\t\t\t\t\n\t\t\t\n\n\t\t<\/div>\n\n\t\t\n\n\t\t<div class=\"section-content relative\">\n\t\t\t\n\n  <div class=\"banner has-hover\" id=\"banner-1367979738\">\n          <div class=\"banner-inner fill\">\n        <div class=\"banner-bg fill\" >\n            <img loading=\"lazy\" decoding=\"async\" width=\"1020\" height=\"212\" src=\"https:\/\/nuovamenon.com\/wp-content\/uploads\/2019\/10\/sfumatura-1024x213.png\" class=\"bg attachment-large size-large\" alt=\"\" \/>                                    \n                    <\/div>\n\t\t\n        <div class=\"banner-layers container\">\n            <div class=\"fill banner-link\"><\/div>            \n   <div id=\"text-box-1604956488\" class=\"text-box banner-layer x50 md-x50 lg-x50 y0 md-y0 lg-y0 res-text\">\n                                <div class=\"text-box-content text dark\">\n              \n              <div class=\"text-inner text-center\">\n                  \n\t<div class=\"img has-hover x md-x lg-x y md-y lg-y\" id=\"image_131940473\">\n\t\t\t\t\t\t\t\t<div class=\"img-inner image-cover dark\" style=\"padding-top:61px;\">\n\t\t\t<img loading=\"lazy\" decoding=\"async\" width=\"21\" height=\"61\" src=\"https:\/\/nuovamenon.com\/wp-content\/uploads\/2022\/02\/freccia2.png\" class=\"attachment-original size-original\" alt=\"\" \/>\t\t\t\t\t\t\n\t\t\t\t\t<\/div>\n\t\t\t\t\t\t\t\t\n<style>\n#image_131940473 {\n  width: 2%;\n}\n<\/style>\n\t<\/div>\n\t\n<h4 class=\"titolettobanner\">ZERTIFIZIERUNGEN<\/h4>\n<h1 class=\"titolibanner\">Zertifizierung von Managementsystemen nach international anerkannten Standards<\/h1>\n              <\/div>\n           <\/div>\n                            \n<style>\n#text-box-1604956488 {\n  width: 100%;\n}\n#text-box-1604956488 .text-box-content {\n  font-size: 100%;\n}\n<\/style>\n    <\/div>\n \n        <\/div>\n      <\/div>\n\n            \n<style>\n#banner-1367979738 {\n  padding-top: 680px;\n  background-color: rgba(255, 255, 255, 0);\n}\n<\/style>\n  <\/div>\n\n\n\t\t<\/div>\n\n\t\t\n<style>\n#section_1610223940 {\n  padding-top: 0px;\n  padding-bottom: 0px;\n  min-height: 680px;\n}\n<\/style>\n\t<\/section>\n\t\n\n\t<section class=\"section\" id=\"section_1173788602\">\n\t\t<div class=\"section-bg fill\" >\n\t\t\t\t\t\t\t\t\t\n\t\t\t\n\n\t\t<\/div>\n\n\t\t\n\n\t\t<div class=\"section-content relative\">\n\t\t\t\n<div class=\"row\"  id=\"row-1020438086\">\n\n\t<div id=\"col-460727938\" class=\"col hide-for-small medium-6 small-12 large-6\"  >\n\t\t\t\t<div class=\"col-inner\"  >\n\t\t\t\n\t\t\t\n<h2 class=\"titologrigio\"><span style=\"font-size: 85%;\" data-line-height=\"xs\">QUALIT\u00c4TS-, UMWELT- UND SICHERHEITSPOLITIK<\/span><\/h2>\n\t<div id=\"gap-90866527\" class=\"gap-element clearfix\" style=\"display:block; height:auto;\">\n\t\t\n<style>\n#gap-90866527 {\n  padding-top: 30px;\n}\n<\/style>\n\t<\/div>\n\t\n<a href=\"\/wp-content\/uploads\/2020\/05\/PQAS_2020.pdf\" class=\"button primary is-small\" >\n\t\t<span>Qualit\u00e4tspolitik von Nuova Menon herunterladen<\/span>\n\t<\/a>\n\n\t\t<\/div>\n\t\t\t\t\t<\/div>\n\n\t\n\n\t<div id=\"col-2060193959\" class=\"col show-for-medium medium-6 small-12 large-6\"  >\n\t\t\t\t<div class=\"col-inner\"  >\n\t\t\t\n\t\t\t\n<h2 class=\"titologrigio\" style=\"text-align: center;\"><span style=\"font-size: 55%;\" data-line-height=\"xs\">QUALIT\u00c4TS-, UMWELT- UND SICHERHEITSPOLITIK<\/span><\/h2>\n\t<div id=\"gap-112672569\" class=\"gap-element clearfix\" style=\"display:block; height:auto;\">\n\t\t\n<style>\n#gap-112672569 {\n  padding-top: 30px;\n}\n<\/style>\n\t<\/div>\n\t\n<a href=\"\/wp-content\/uploads\/2019\/11\/PQAS_2019.pdf\" class=\"button primary is-small\" >\n\t\t<span>LADEN SIE DIE QUALIT\u00c4TSPOLITIK HERUNTER<\/span>\n\t<\/a>\n\n\t\t<\/div>\n\t\t\t\t\t<\/div>\n\n\t\n\n\t<div id=\"col-2056678406\" class=\"col medium-6 small-12 large-6\"  >\n\t\t\t\t<div class=\"col-inner\"  >\n\t\t\t\n\t\t\t\n<p class=\"regular\">Nuova Menon verf\u00fcgt <strong>\u00fcber ein Qualit\u00e4ts-, Umwelt- und Sicherheitsmanagementsystem.<\/strong> Die Implementierung dieses Systems zielt darauf ab, kontinuierliche Verbesserungszyklen anzusto\u00dfen, um die st\u00e4ndig steigenden Erwartungen der Kunden und des Kontextes hinsichtlich Effektivit\u00e4t, Effizienz und Qualit\u00e4t des Unternehmens zu erf\u00fcllen.<\/p>\n<p class=\"regular\"><strong>Die Unternehmensvorgabe ist daher eine stetige Kontrolle der Qualit\u00e4t bei der Bearbeitung der Produkte, um die Kundenzufriedenheit zu garantieren. Die Vorgabe eines nachhaltigen und verantwortungsvollen Umgangs mit Ressourcen unterstreicht den Einsatz der Firma zum Schutz der Gesundheit und Sicherheit der Mitarbeiter sowie der Umwelt.<\/strong><\/p>\n\t\t<\/div>\n\t\t\t\t\t<\/div>\n\n\t\n<\/div>\n\t\t<\/div>\n\n\t\t\n<style>\n#section_1173788602 {\n  padding-top: 0px;\n  padding-bottom: 0px;\n  min-height: 560px;\n}\n<\/style>\n\t<\/section>\n\t\n\n\t<section class=\"section\" id=\"section_297938907\">\n\t\t<div class=\"section-bg fill\" >\n\t\t\t<img loading=\"lazy\" decoding=\"async\" width=\"1920\" height=\"700\" src=\"https:\/\/nuovamenon.com\/wp-content\/uploads\/2019\/10\/bg_graduato-1.jpg\" class=\"bg attachment-original size-original\" alt=\"\" \/>\t\t\t\t\t\t\n\t\t\t\n\n\t\t<\/div>\n\n\t\t\n\n\t\t<div class=\"section-content relative\">\n\t\t\t\n<div class=\"row align-equal align-center\"  id=\"row-1792920033\">\n\n\t<div id=\"col-1904178448\" class=\"col small-12 large-12\"  >\n\t\t\t\t<div class=\"col-inner text-center dark\"  >\n\t\t\t\n\t\t\t\n<h2 class=\"titolibanner\" style=\"color: #e2ff00; text-align: center;\">Nuova Menon arbeitet gem\u00e4\u00df den <br \/>internationalen ISO-Standards<\/h2>\n\t\t<\/div>\n\t\t\t\t\t<\/div>\n\n\t\n\n\t<div id=\"col-217150359\" class=\"col medium-6 small-12 large-6\"  >\n\t\t\t\t<div class=\"col-inner dark\"  >\n\t\t\t\n\t\t\t\n<ul class=\"verde\">\n<li class=\"regular light\"><strong>ISO 45001: 2018 bez\u00fcglich Arbeitsschutzmanagementsystem<\/strong><\/li>\n<li class=\"regular light\"><strong>ISO 9001:2015bez\u00fcglich Qualit\u00e4tsmanagementsystem<\/strong><\/li>\n<li class=\"regular light\"><strong>ISO 14001: 2015bez\u00fcglich Umweltmanagementsystem<\/strong><\/li>\n<\/ul>\n\t\t<\/div>\n\t\t\t\t\t<\/div>\n\n\t\n\n\t<div id=\"col-124091908\" class=\"col medium-6 small-12 large-6\"  >\n\t\t\t\t<div class=\"col-inner text-center\"  >\n\t\t\t\n\t\t\t\n<p class=\"regular light\">Die Zertifizierungen gelten f\u00fcr die Prozesse des EA:17-Sektors in Bezug auf den Entwurf und den Bau von Gesenkformen, die Herstellung von Gegenst\u00e4nden aus Eisen- und Nichteisenmetallen, die durch die Gesenkschmiedephasen erhalten werden, die mechanische Pr\u00e4zisionsbearbeitung, das Sandstrahlen und die Montage von Bauteilen.<\/p>\n\t<div id=\"gap-1397486011\" class=\"gap-element clearfix\" style=\"display:block; height:auto;\">\n\t\t\n<style>\n#gap-1397486011 {\n  padding-top: 70px;\n}\n<\/style>\n\t<\/div>\n\t\n\t\t<\/div>\n\t\t\t\t\t<\/div>\n\n\t\n\n\t<div id=\"col-1018907030\" class=\"col medium-4 small-12 large-4\"  >\n\t\t\t\t<div class=\"col-inner\"  >\n\t\t\t\n\t\t\t\n<a href=\"https:\/\/nuovamenon.com\/wp-content\/uploads\/2025\/06\/ISO-9001-154607-2014-AQ-ITA-ACCREDIA-5-en-US-20250.pdf\" target=\"_blank\" class=\"button primary is-small\" rel=\"noopener\" >\n\t\t<span>Zertifizierungen herunterladen ISO 9001<\/span>\n\t<\/a>\n\n\t\t<\/div>\n\t\t\t\t\t<\/div>\n\n\t\n\n\t<div id=\"col-870895606\" class=\"col medium-4 small-12 large-4\"  >\n\t\t\t\t<div class=\"col-inner\"  >\n\t\t\t\n\t\t\t\n<a href=\"https:\/\/nuovamenon.com\/wp-content\/uploads\/2025\/06\/ISO-14001-131231-2013-AE-ITA-ACCREDIA-8-en-US-2025.pdf\" target=\"_blank\" class=\"button primary is-small\" rel=\"noopener\" >\n\t\t<span>Zertifizierungen herunterladen ISO 14001<\/span>\n\t<\/a>\n\n\t\t<\/div>\n\t\t\t\t\t<\/div>\n\n\t\n\n\t<div id=\"col-310939402\" class=\"col medium-4 small-12 large-4\"  >\n\t\t\t\t<div class=\"col-inner\"  >\n\t\t\t\n\t\t\t\n<a href=\"https:\/\/nuovamenon.com\/wp-content\/uploads\/2025\/06\/ISO-45001-131234-2013-AHSO-ITA-ACCREDIA-8-en-US-20.pdf\" target=\"_blank\" class=\"button primary is-small\" rel=\"noopener\" >\n\t\t<span>Zertifizierungen herunterladen ISO 45001<\/span>\n\t<\/a>\n\n\t\t<\/div>\n\t\t\t\t\t<\/div>\n\n\t\n<\/div>\n\t\t<\/div>\n\n\t\t\n<style>\n#section_297938907 {\n  padding-top: 30px;\n  padding-bottom: 30px;\n  min-height: 500px;\n  background-color: rgb(143, 143, 143);\n}\n#section_297938907 .section-bg img {\n  object-position: 0% 0%;\n}\n<\/style>\n\t<\/section>\n\t\n","protected":false},"excerpt":{"rendered":"","protected":false},"author":1,"featured_media":0,"parent":719,"menu_order":0,"comment_status":"closed","ping_status":"closed","template":"page-blank.php","meta":{"content-type":"","footnotes":""},"class_list":["post-740","page","type-page","status-publish","hentry"],"yoast_head":"<!-- This site is optimized with the Yoast SEO plugin v27.4 - https:\/\/yoast.com\/product\/yoast-seo-wordpress\/ -->\n<title>Qualit\u00e4t \u2013 Zertifizierungen der Managementsysteme \u2013 Nuova Menon<\/title>\n<meta name=\"description\" content=\"Nuova Menon verf\u00fcgt \u00fcber ein Qualit\u00e4ts-, Umwelt- und Sicherheitsmanagement-System. Downloaden und erfahren Sie alles \u00fcber unsere Qualit\u00e4tspolitik.\" \/>\n<meta name=\"robots\" content=\"index, follow, max-snippet:-1, max-image-preview:large, max-video-preview:-1\" \/>\n<link rel=\"canonical\" href=\"https:\/\/nuovamenon.com\/de\/qualitaet\/zertifizierungen\/\" \/>\n<meta property=\"og:locale\" content=\"de_DE\" \/>\n<meta property=\"og:type\" content=\"article\" \/>\n<meta property=\"og:title\" content=\"Qualit\u00e4t \u2013 Zertifizierungen der Managementsysteme \u2013 Nuova Menon\" \/>\n<meta property=\"og:description\" content=\"Nuova Menon verf\u00fcgt \u00fcber ein Qualit\u00e4ts-, Umwelt- und Sicherheitsmanagement-System. Downloaden und erfahren Sie alles \u00fcber unsere Qualit\u00e4tspolitik.\" \/>\n<meta property=\"og:url\" content=\"https:\/\/nuovamenon.com\/de\/qualitaet\/zertifizierungen\/\" \/>\n<meta property=\"og:site_name\" content=\"Nuovamenon\" \/>\n<meta property=\"article:modified_time\" content=\"2025-06-04T07:40:39+00:00\" \/>\n<meta name=\"twitter:card\" content=\"summary_large_image\" \/>\n<meta name=\"twitter:label1\" content=\"Gesch\u00e4tzte Lesezeit\" \/>\n\t<meta name=\"twitter:data1\" content=\"2\u00a0Minuten\" \/>\n<script type=\"application\/ld+json\" class=\"yoast-schema-graph\">{\"@context\":\"https:\\\/\\\/schema.org\",\"@graph\":[{\"@type\":\"WebPage\",\"@id\":\"https:\\\/\\\/nuovamenon.com\\\/de\\\/qualitaet\\\/zertifizierungen\\\/\",\"url\":\"https:\\\/\\\/nuovamenon.com\\\/de\\\/qualitaet\\\/zertifizierungen\\\/\",\"name\":\"Qualit\u00e4t \u2013 Zertifizierungen der Managementsysteme \u2013 Nuova Menon\",\"isPartOf\":{\"@id\":\"https:\\\/\\\/nuovamenon.com\\\/de\\\/#website\"},\"datePublished\":\"2019-10-17T09:26:44+00:00\",\"dateModified\":\"2025-06-04T07:40:39+00:00\",\"description\":\"Nuova Menon verf\u00fcgt \u00fcber ein Qualit\u00e4ts-, Umwelt- und Sicherheitsmanagement-System. Downloaden und erfahren Sie alles \u00fcber unsere Qualit\u00e4tspolitik.\",\"breadcrumb\":{\"@id\":\"https:\\\/\\\/nuovamenon.com\\\/de\\\/qualitaet\\\/zertifizierungen\\\/#breadcrumb\"},\"inLanguage\":\"de\",\"potentialAction\":[{\"@type\":\"ReadAction\",\"target\":[\"https:\\\/\\\/nuovamenon.com\\\/de\\\/qualitaet\\\/zertifizierungen\\\/\"]}]},{\"@type\":\"BreadcrumbList\",\"@id\":\"https:\\\/\\\/nuovamenon.com\\\/de\\\/qualitaet\\\/zertifizierungen\\\/#breadcrumb\",\"itemListElement\":[{\"@type\":\"ListItem\",\"position\":1,\"name\":\"Home\",\"item\":\"https:\\\/\\\/nuovamenon.com\\\/de\\\/\"},{\"@type\":\"ListItem\",\"position\":2,\"name\":\"QUALIT\u00c4T\",\"item\":\"https:\\\/\\\/nuovamenon.com\\\/de\\\/qualitaet\\\/\"},{\"@type\":\"ListItem\",\"position\":3,\"name\":\"ZERTIFIZIERUNGEN\"}]},{\"@type\":\"WebSite\",\"@id\":\"https:\\\/\\\/nuovamenon.com\\\/de\\\/#website\",\"url\":\"https:\\\/\\\/nuovamenon.com\\\/de\\\/\",\"name\":\"Nuovamenon\",\"description\":\"My WordPress Blog\",\"potentialAction\":[{\"@type\":\"SearchAction\",\"target\":{\"@type\":\"EntryPoint\",\"urlTemplate\":\"https:\\\/\\\/nuovamenon.com\\\/de\\\/?s={search_term_string}\"},\"query-input\":{\"@type\":\"PropertyValueSpecification\",\"valueRequired\":true,\"valueName\":\"search_term_string\"}}],\"inLanguage\":\"de\"}]}<\/script>\n<!-- \/ Yoast SEO plugin. -->","yoast_head_json":{"title":"Qualit\u00e4t \u2013 Zertifizierungen der Managementsysteme \u2013 Nuova Menon","description":"Nuova Menon verf\u00fcgt \u00fcber ein Qualit\u00e4ts-, Umwelt- und Sicherheitsmanagement-System. Downloaden und erfahren Sie alles \u00fcber unsere Qualit\u00e4tspolitik.","robots":{"index":"index","follow":"follow","max-snippet":"max-snippet:-1","max-image-preview":"max-image-preview:large","max-video-preview":"max-video-preview:-1"},"canonical":"https:\/\/nuovamenon.com\/de\/qualitaet\/zertifizierungen\/","og_locale":"de_DE","og_type":"article","og_title":"Qualit\u00e4t \u2013 Zertifizierungen der Managementsysteme \u2013 Nuova Menon","og_description":"Nuova Menon verf\u00fcgt \u00fcber ein Qualit\u00e4ts-, Umwelt- und Sicherheitsmanagement-System. Downloaden und erfahren Sie alles \u00fcber unsere Qualit\u00e4tspolitik.","og_url":"https:\/\/nuovamenon.com\/de\/qualitaet\/zertifizierungen\/","og_site_name":"Nuovamenon","article_modified_time":"2025-06-04T07:40:39+00:00","twitter_card":"summary_large_image","twitter_misc":{"Gesch\u00e4tzte Lesezeit":"2\u00a0Minuten"},"schema":{"@context":"https:\/\/schema.org","@graph":[{"@type":"WebPage","@id":"https:\/\/nuovamenon.com\/de\/qualitaet\/zertifizierungen\/","url":"https:\/\/nuovamenon.com\/de\/qualitaet\/zertifizierungen\/","name":"Qualit\u00e4t \u2013 Zertifizierungen der Managementsysteme \u2013 Nuova Menon","isPartOf":{"@id":"https:\/\/nuovamenon.com\/de\/#website"},"datePublished":"2019-10-17T09:26:44+00:00","dateModified":"2025-06-04T07:40:39+00:00","description":"Nuova Menon verf\u00fcgt \u00fcber ein Qualit\u00e4ts-, Umwelt- und Sicherheitsmanagement-System. Downloaden und erfahren Sie alles \u00fcber unsere Qualit\u00e4tspolitik.","breadcrumb":{"@id":"https:\/\/nuovamenon.com\/de\/qualitaet\/zertifizierungen\/#breadcrumb"},"inLanguage":"de","potentialAction":[{"@type":"ReadAction","target":["https:\/\/nuovamenon.com\/de\/qualitaet\/zertifizierungen\/"]}]},{"@type":"BreadcrumbList","@id":"https:\/\/nuovamenon.com\/de\/qualitaet\/zertifizierungen\/#breadcrumb","itemListElement":[{"@type":"ListItem","position":1,"name":"Home","item":"https:\/\/nuovamenon.com\/de\/"},{"@type":"ListItem","position":2,"name":"QUALIT\u00c4T","item":"https:\/\/nuovamenon.com\/de\/qualitaet\/"},{"@type":"ListItem","position":3,"name":"ZERTIFIZIERUNGEN"}]},{"@type":"WebSite","@id":"https:\/\/nuovamenon.com\/de\/#website","url":"https:\/\/nuovamenon.com\/de\/","name":"Nuovamenon","description":"My WordPress Blog","potentialAction":[{"@type":"SearchAction","target":{"@type":"EntryPoint","urlTemplate":"https:\/\/nuovamenon.com\/de\/?s={search_term_string}"},"query-input":{"@type":"PropertyValueSpecification","valueRequired":true,"valueName":"search_term_string"}}],"inLanguage":"de"}]}},"_links":{"self":[{"href":"https:\/\/nuovamenon.com\/de\/wp-json\/wp\/v2\/pages\/740","targetHints":{"allow":["GET"]}}],"collection":[{"href":"https:\/\/nuovamenon.com\/de\/wp-json\/wp\/v2\/pages"}],"about":[{"href":"https:\/\/nuovamenon.com\/de\/wp-json\/wp\/v2\/types\/page"}],"author":[{"embeddable":true,"href":"https:\/\/nuovamenon.com\/de\/wp-json\/wp\/v2\/users\/1"}],"replies":[{"embeddable":true,"href":"https:\/\/nuovamenon.com\/de\/wp-json\/wp\/v2\/comments?post=740"}],"version-history":[{"count":5,"href":"https:\/\/nuovamenon.com\/de\/wp-json\/wp\/v2\/pages\/740\/revisions"}],"predecessor-version":[{"id":3198,"href":"https:\/\/nuovamenon.com\/de\/wp-json\/wp\/v2\/pages\/740\/revisions\/3198"}],"up":[{"embeddable":true,"href":"https:\/\/nuovamenon.com\/de\/wp-json\/wp\/v2\/pages\/719"}],"wp:attachment":[{"href":"https:\/\/nuovamenon.com\/de\/wp-json\/wp\/v2\/media?parent=740"}],"curies":[{"name":"wp","href":"https:\/\/api.w.org\/{rel}","templated":true}]}}