{"id":749,"date":"2019-10-17T09:26:58","date_gmt":"2019-10-17T09:26:58","guid":{"rendered":"https:\/\/beta.nuovamenon.com\/etica\/"},"modified":"2023-09-04T10:59:07","modified_gmt":"2023-09-04T10:59:07","slug":"ethik","status":"publish","type":"page","link":"https:\/\/nuovamenon.com\/de\/ethik\/","title":{"rendered":"ETHIK"},"content":{"rendered":"\n\t<section class=\"section\" id=\"section_1740240438\">\n\t\t<div class=\"section-bg fill\" >\n\t\t\t\t\t\t\t\t\t\n\t\t\t\n\n\t\t<\/div>\n\n\t\t\n\n\t\t<div class=\"section-content relative\">\n\t\t\t\n\n  <div class=\"banner has-hover\" id=\"banner-1172867013\">\n          <div class=\"banner-inner fill\">\n        <div class=\"banner-bg fill\" >\n            <img loading=\"lazy\" decoding=\"async\" width=\"1920\" height=\"1081\" src=\"https:\/\/nuovamenon.com\/wp-content\/uploads\/2019\/10\/etica_testa.jpg\" class=\"bg attachment-original size-original\" alt=\"\" \/>                                    \n                    <\/div>\n\t\t\n        <div class=\"banner-layers container\">\n            <div class=\"fill banner-link\"><\/div>            \n   <div id=\"text-box-1099253\" class=\"text-box banner-layer x50 md-x50 lg-x50 y0 md-y0 lg-y0 res-text\">\n                                <div class=\"text-box-content text dark\">\n              \n              <div class=\"text-inner text-center\">\n                  \n\t<div class=\"img has-hover x md-x lg-x y md-y lg-y\" id=\"image_1888747873\">\n\t\t\t\t\t\t\t\t<div class=\"img-inner image-cover dark\" style=\"padding-top:61px;\">\n\t\t\t<img loading=\"lazy\" decoding=\"async\" width=\"21\" height=\"61\" src=\"https:\/\/nuovamenon.com\/wp-content\/uploads\/2022\/02\/freccia2.png\" class=\"attachment-original size-original\" alt=\"\" \/>\t\t\t\t\t\t\n\t\t\t\t\t<\/div>\n\t\t\t\t\t\t\t\t\n<style>\n#image_1888747873 {\n  width: 2%;\n}\n<\/style>\n\t<\/div>\n\t\n<h4 class=\"titolettobanner\">ETHIK<\/h4>\n<h1 class=\"titolibanner\">Verantwortung als unternehmerisches Engagement f\u00fcr Mensch, Land und Umwelt<\/h1>\n              <\/div>\n           <\/div>\n                            \n<style>\n#text-box-1099253 {\n  width: 90%;\n}\n#text-box-1099253 .text-box-content {\n  font-size: 100%;\n}\n<\/style>\n    <\/div>\n \n        <\/div>\n      <\/div>\n\n            \n<style>\n#banner-1172867013 {\n  padding-top: 680px;\n}\n#banner-1172867013 .banner-bg img {\n  object-position: 55% 55%;\n}\n<\/style>\n  <\/div>\n\n\n\t\t<\/div>\n\n\t\t\n<style>\n#section_1740240438 {\n  padding-top: 0px;\n  padding-bottom: 0px;\n  min-height: 680px;\n}\n<\/style>\n\t<\/section>\n\t\n\n\t<section class=\"section\" id=\"section_1276611414\">\n\t\t<div class=\"section-bg fill\" >\n\t\t\t\t\t\t\t\t\t\n\t\t\t\n\n\t\t<\/div>\n\n\t\t\n\n\t\t<div class=\"section-content relative\">\n\t\t\t\n<div class=\"row align-middle align-center\"  id=\"row-1776028648\">\n\n\t<div id=\"col-167319582\" class=\"col medium-9 small-12 large-9\"  >\n\t\t\t\t<div class=\"col-inner text-center\"  >\n\t\t\t\n\t\t\t\n<h2 class=\"titolibanner\" style=\"text-align: center;\">Ausbildung<\/h2>\n<p class=\"regular\" style=\"text-align: center;\">Mitarbeiter sind ein wesentlicher Bestandteil beim Aufbau eines \u00d6kosystems, das die Qualit\u00e4t in all seinen Aspekten f\u00f6rdert. Nuova Menon ist von der notwendigen Integration und vom Wert den die Mitarbeiter f\u00fcr das Unternehmen darstellen fest \u00fcberzeugt und investiert daher stetig in deren Ausbildung, St\u00e4rkung, Beteiligung und Motivation. Zus\u00e4tzlich zur Erf\u00fcllung der gesetzlichen Vorgaben legt das Unternehmen jedes Jahr einen Schulungsplan fest, in dem die innerhalb von 12 Monaten zu erreichenden Bildungsziele festgelegt sind. Auf Basis dieses werden demnach spezielle Programme, Auffrischungskurse und Spezialschulungen organisiert, um die kontinuierliche Verbesserung des Unternehmens und der beruflichen F\u00e4higkeiten zu unterst\u00fctzen.<\/p>\n\t\t<\/div>\n\t\t\t\t\t<\/div>\n\n\t\n<\/div>\n\t\t<\/div>\n\n\t\t\n<style>\n#section_1276611414 {\n  padding-top: 60px;\n  padding-bottom: 60px;\n  min-height: 360px;\n}\n<\/style>\n\t<\/section>\n\t\n\n\t<section class=\"section\" id=\"section_1893381445\">\n\t\t<div class=\"section-bg fill\" >\n\t\t\t<img loading=\"lazy\" decoding=\"async\" width=\"1920\" height=\"579\" src=\"https:\/\/nuovamenon.com\/wp-content\/uploads\/2019\/10\/fascia.jpg\" class=\"bg attachment- size-\" alt=\"\" \/>\t\t\t\t\t\t\n\t\t\t\n\n\t\t<\/div>\n\n\t\t\n\n\t\t<div class=\"section-content relative\">\n\t\t\t\n\t\t<\/div>\n\n\t\t\n<style>\n#section_1893381445 {\n  padding-top: 0px;\n  padding-bottom: 0px;\n  min-height: 415px;\n}\n<\/style>\n\t<\/section>\n\t\n\n\t<section class=\"section\" id=\"section_1402872565\">\n\t\t<div class=\"section-bg fill\" >\n\t\t\t\t\t\t\t\t\t\n\t\t\t\n\n\t\t<\/div>\n\n\t\t\n\n\t\t<div class=\"section-content relative\">\n\t\t\t\n<div class=\"row\"  id=\"row-1384752748\">\n\n\t<div id=\"col-685508966\" class=\"col hide-for-small medium-6 small-12 large-6\"  >\n\t\t\t\t<div class=\"col-inner\"  >\n\t\t\t\n\t\t\t\n<h2 class=\"titologrigio\"><span style=\"font-size: 80%;\" data-line-height=\"xs\">ZUSATZLEISTUNGEN VOM UNTERNEHMEN<\/span><\/h2>\n\t\t<\/div>\n\t\t\t\t\t<\/div>\n\n\t\n\n\t<div id=\"col-2082350205\" class=\"col show-for-small medium-6 small-12 large-6\"  >\n\t\t\t\t<div class=\"col-inner\"  >\n\t\t\t\n\t\t\t\n<h2 class=\"titologrigio\"><span style=\"font-size: 50%;\" data-line-height=\"xs\">ZUSATZLEISTUNGEN VOM UNTERNEHMEN<\/span><\/h2>\n\t\t<\/div>\n\t\t\t\t\t<\/div>\n\n\t\n\n\t<div id=\"col-1100612258\" class=\"col medium-6 small-12 large-6\"  >\n\t\t\t\t<div class=\"col-inner\"  >\n\t\t\t\n\t\t\t\n<p class=\"regular\">Das Wohlergehen der Menschen ist die Grundlage f\u00fcr ein erfolgreiches Unternehmen. Es ist nicht nur notwendig, den Mitarbeitern aktiv zuzuh\u00f6ren, sondern auch an allen Bereichen zu arbeiten, deren Verbesserung zur Schaffung einer ruhigen Unternehmensatmosph\u00e4re f\u00fcr den Einzelnen, f\u00fcr die Gruppe und folglich f\u00fcr das gesamte Unternehmen f\u00fchrt.<br \/>\nUm das Arbeitsumfeld positiv zu erleben, f\u00fchrt Nuova Menon Initiativen durch, die den Mitarbeitern wichtige Vorteile bieten. Von der Gr\u00fcndung einer eigenen Kantine \u00fcber die Bereitstellung, den Austausch und die Reinigung von Arbeitskleidung, bis hin zur kontinuierlichen Investition in die Weiterbildung.<\/p>\n\t\t<\/div>\n\t\t\t\t\t<\/div>\n\n\t\n<\/div>\n\t\t<\/div>\n\n\t\t\n<style>\n#section_1402872565 {\n  padding-top: 30px;\n  padding-bottom: 30px;\n  min-height: 560px;\n}\n<\/style>\n\t<\/section>\n\t\n\n\t<section class=\"section\" id=\"section_796462186\">\n\t\t<div class=\"section-bg fill\" >\n\t\t\t<img loading=\"lazy\" decoding=\"async\" width=\"1920\" height=\"700\" src=\"https:\/\/nuovamenon.com\/wp-content\/uploads\/2019\/10\/bg_graduato-1.jpg\" class=\"bg attachment-original size-original\" alt=\"\" \/>\t\t\t\t\t\t\n\t\t\t\n\n\t\t<\/div>\n\n\t\t\n\n\t\t<div class=\"section-content relative\">\n\t\t\t\n<div class=\"row\"  id=\"row-2043372061\">\n\n\t<div id=\"col-56382127\" class=\"col small-12 large-12\"  >\n\t\t\t\t<div class=\"col-inner\"  >\n\t\t\t\n\t\t\t\n<h2 class=\"titolibanner\" style=\"color: #e2ff00; text-align: center;\">Dank erneuerbarer Energien konnte <br \/>Nuova Menon von 2017 bis heute bereits die <br \/>Umwelt entlasten um ca:<\/h2>\n\t\t<\/div>\n\t\t\t\t\t<\/div>\n\n\t\n<\/div>\n<div class=\"row\"  id=\"row-1920751613\">\n\n\t<div id=\"col-1695856399\" class=\"col medium-4 small-12 large-4\"  >\n\t\t\t\t<div class=\"col-inner text-center\"  >\n\t\t\t\n\t\t\t\n\n  <div class=\"banner has-hover\" id=\"banner-528832206\">\n          <div class=\"banner-inner fill\">\n        <div class=\"banner-bg fill\" >\n            <img loading=\"lazy\" decoding=\"async\" width=\"318\" height=\"318\" src=\"https:\/\/nuovamenon.com\/wp-content\/uploads\/2019\/11\/cerchio_316.png\" class=\"bg attachment-original size-original\" alt=\"\" \/>                                    \n                    <\/div>\n\t\t\n        <div class=\"banner-layers container\">\n            <div class=\"fill banner-link\"><\/div>            \n   <div id=\"text-box-54492947\" class=\"text-box banner-layer x50 md-x50 lg-x50 y50 md-y50 lg-y50 res-text\">\n                                <div class=\"text-box-content text dark\">\n              \n              <div class=\"text-inner text-center\">\n                  \n<div class=\"counter\" data-start=\"0\" data-decimals=\"0\" data-end=\"5000\"><\/div>\n\t<div id=\"gap-1059036154\" class=\"gap-element clearfix\" style=\"display:block; height:auto;\">\n\t\t\n<style>\n#gap-1059036154 {\n  padding-top: 30px;\n}\n<\/style>\n\t<\/div>\n\t\n<h2><span style=\"color: #e2ff00;\">TONNEN KOHLENDIOXID<\/span><\/h2>\n              <\/div>\n           <\/div>\n                            \n<style>\n#text-box-54492947 {\n  width: 60%;\n}\n#text-box-54492947 .text-box-content {\n  font-size: 100%;\n}\n<\/style>\n    <\/div>\n \n        <\/div>\n      <\/div>\n\n            \n<style>\n#banner-528832206 {\n  padding-top: 99.99%;\n  background-color: rgba(255, 255, 255, 0);\n}\n<\/style>\n  <\/div>\n\n\n\t\t<\/div>\n\t\t\t\t\n<style>\n#col-1695856399 > .col-inner {\n  padding: 25px 0px 0px 0px;\n}\n<\/style>\n\t<\/div>\n\n\t\n\n\t<div id=\"col-1646249315\" class=\"col medium-4 small-12 large-4\"  >\n\t\t\t\t<div class=\"col-inner text-center\"  >\n\t\t\t\n\t\t\t\n\n  <div class=\"banner has-hover\" id=\"banner-50534541\">\n          <div class=\"banner-inner fill\">\n        <div class=\"banner-bg fill\" >\n            <img loading=\"lazy\" decoding=\"async\" width=\"318\" height=\"318\" src=\"https:\/\/nuovamenon.com\/wp-content\/uploads\/2019\/11\/cerchio_316.png\" class=\"bg attachment-original size-original\" alt=\"\" \/>                                    \n                    <\/div>\n\t\t\n        <div class=\"banner-layers container\">\n            <div class=\"fill banner-link\"><\/div>            \n   <div id=\"text-box-2078153570\" class=\"text-box banner-layer x50 md-x50 lg-x50 y50 md-y50 lg-y50 res-text\">\n                                <div class=\"text-box-content text dark\">\n              \n              <div class=\"text-inner text-center\">\n                  \n<div class=\"counter\" data-start=\"0\" data-decimals=\"0\" data-duration=\"5\" data-scroll=\"false\" data-end=\"783\"><\/div>\n\t<div id=\"gap-762026243\" class=\"gap-element clearfix\" style=\"display:block; height:auto;\">\n\t\t\n<style>\n#gap-762026243 {\n  padding-top: 30px;\n}\n<\/style>\n\t<\/div>\n\t\n<h2><span style=\"color: #e2ff00;\">KG STICKSTOFFOXID<\/span><\/h2>\n              <\/div>\n           <\/div>\n                            \n<style>\n#text-box-2078153570 {\n  width: 70%;\n}\n#text-box-2078153570 .text-box-content {\n  font-size: 100%;\n}\n<\/style>\n    <\/div>\n \n        <\/div>\n      <\/div>\n\n            \n<style>\n#banner-50534541 {\n  padding-top: 99.99%;\n  background-color: rgba(255, 255, 255, 0);\n}\n<\/style>\n  <\/div>\n\n\n\t\t<\/div>\n\t\t\t\t\n<style>\n#col-1646249315 > .col-inner {\n  padding: 25px 0px 0px 0px;\n}\n<\/style>\n\t<\/div>\n\n\t\n\n\t<div id=\"col-112622313\" class=\"col medium-4 small-12 large-4\"  >\n\t\t\t\t<div class=\"col-inner text-center\"  >\n\t\t\t\n\t\t\t\n\n  <div class=\"banner has-hover\" id=\"banner-1126878418\">\n          <div class=\"banner-inner fill\">\n        <div class=\"banner-bg fill\" >\n            <img loading=\"lazy\" decoding=\"async\" width=\"318\" height=\"318\" src=\"https:\/\/nuovamenon.com\/wp-content\/uploads\/2019\/11\/cerchio_316.png\" class=\"bg attachment-original size-original\" alt=\"\" \/>                                    \n                    <\/div>\n\t\t\n        <div class=\"banner-layers container\">\n            <div class=\"fill banner-link\"><\/div>            \n   <div id=\"text-box-240032104\" class=\"text-box banner-layer x50 md-x50 lg-x50 y50 md-y50 lg-y50 res-text\">\n                                <div class=\"text-box-content text dark\">\n              \n              <div class=\"text-inner text-center\">\n                  \n<div class=\"counter\" data-start=\"0\" data-decimals=\"0\" data-end=\"506\"><\/div>\n\t<div id=\"gap-1793174638\" class=\"gap-element clearfix\" style=\"display:block; height:auto;\">\n\t\t\n<style>\n#gap-1793174638 {\n  padding-top: 30px;\n}\n<\/style>\n\t<\/div>\n\t\n<h2><span style=\"color: #e2ff00;\">KG SCHWEFELDIOXID<\/span><\/h2>\n              <\/div>\n           <\/div>\n                            \n<style>\n#text-box-240032104 {\n  width: 72%;\n}\n#text-box-240032104 .text-box-content {\n  font-size: 100%;\n}\n<\/style>\n    <\/div>\n \n        <\/div>\n      <\/div>\n\n            \n<style>\n#banner-1126878418 {\n  padding-top: 99.99%;\n  background-color: rgba(255, 255, 255, 0);\n}\n<\/style>\n  <\/div>\n\n\n\t\t<\/div>\n\t\t\t\t\n<style>\n#col-112622313 > .col-inner {\n  padding: 25px 0px 0px 0px;\n}\n<\/style>\n\t<\/div>\n\n\t\n<\/div>\n\t\t<\/div>\n\n\t\t\n<style>\n#section_796462186 {\n  padding-top: 30px;\n  padding-bottom: 30px;\n  min-height: 500px;\n  background-color: rgb(143, 143, 143);\n}\n#section_796462186 .section-bg img {\n  object-position: 0% 0%;\n}\n<\/style>\n\t<\/section>\n\t\n\n\t<section class=\"section\" id=\"section_916402701\">\n\t\t<div class=\"section-bg fill\" >\n\t\t\t\t\t\t\t\t\t\n\t\t\t\n\n\t\t<\/div>\n\n\t\t\n\n\t\t<div class=\"section-content relative\">\n\t\t\t\n<div class=\"row align-middle align-center\"  id=\"row-1016905986\">\n\n\t<div id=\"col-1252727473\" class=\"col medium-6 small-12 large-6\"  >\n\t\t\t\t<div class=\"col-inner text-center\"  >\n\t\t\t\n\t\t\t\n<h2 class=\"titolibanner\" style=\"text-align: left;\">Umwelt<\/h2>\n<p class=\"regular\" style=\"text-align: left;\">Nuova Menon hat den Weg zur Nachhaltigkeit als wesentlichen Teil seiner Gesch\u00e4ftsstrategie eingeschlagen und sich daf\u00fcr entschieden, in innovative Energieeffizienzprojekte zu investieren, den Einsatz erneuerbarer Energien zu erh\u00f6hen und Produkte mit geringstm\u00f6glicher Umweltbelastung zu entwickeln.<br \/>Vor diesem Hintergrund hat sich das Unternehmen mit einem Photovoltaik-Paneelsystem ausgestattet, ein effizientes Recyclingverfahren und die Wiederverwendung seiner eigenen Verarbeitungsabf\u00e4lle umgesetzt, verfolgt genaue intern Vorgaben zur Reduzierung und Trennung der Abf\u00e4lle, und f\u00f6rdert im allgemeinen die \u00f6kologische Verantwortung und Nachhaltigkeit, welche als wesentlichen Bestandteil des Gesch\u00e4ftserfolgs angesehen werden.<\/p>\n\t\t<\/div>\n\t\t\t\t\t<\/div>\n\n\t\n\n\t<div id=\"col-136516173\" class=\"col medium-6 small-12 large-6\"  >\n\t\t\t\t<div class=\"col-inner\"  >\n\t\t\t\n\t\t\t\n\t<div class=\"img has-hover x md-x lg-x y md-y lg-y\" id=\"image_1346542291\">\n\t\t\t\t\t\t\t\t<div class=\"img-inner dark\" >\n\t\t\t<img loading=\"lazy\" decoding=\"async\" width=\"683\" height=\"411\" src=\"https:\/\/nuovamenon.com\/wp-content\/uploads\/2019\/11\/etica.jpg\" class=\"attachment-original size-original\" alt=\"\" srcset=\"https:\/\/nuovamenon.com\/wp-content\/uploads\/2019\/11\/etica.jpg 683w, https:\/\/nuovamenon.com\/wp-content\/uploads\/2019\/11\/etica-300x181.jpg 300w\" sizes=\"auto, (max-width: 683px) 100vw, 683px\" \/>\t\t\t\t\t\t\n\t\t\t\t\t<\/div>\n\t\t\t\t\t\t\t\t\n<style>\n#image_1346542291 {\n  width: 100%;\n}\n<\/style>\n\t<\/div>\n\t\n\t\t<\/div>\n\t\t\t\t\t<\/div>\n\n\t\n<\/div>\n\t\t<\/div>\n\n\t\t\n<style>\n#section_916402701 {\n  padding-top: 60px;\n  padding-bottom: 60px;\n  min-height: 360px;\n}\n<\/style>\n\t<\/section>\n\t\n","protected":false},"excerpt":{"rendered":"","protected":false},"author":1,"featured_media":0,"parent":0,"menu_order":0,"comment_status":"closed","ping_status":"closed","template":"page-blank.php","meta":{"content-type":"","footnotes":""},"class_list":["post-749","page","type-page","status-publish","hentry"],"yoast_head":"<!-- This site is optimized with the Yoast SEO plugin v27.5 - https:\/\/yoast.com\/product\/yoast-seo-wordpress\/ -->\n<title>Wohlbefinden der Menschen, des Territoriums und der Umwelt \u2013 Nuova Menon<\/title>\n<meta name=\"description\" content=\"Nuova Menon glaubt fest an die Wertsch\u00e4tzung der Mitarbeiter und f\u00f6rdert die \u00f6kologische Nachhaltigkeit. Erfahren Sie mehr \u00fcber unsere ethischen Grunds\u00e4tze.\" \/>\n<meta name=\"robots\" content=\"index, follow, max-snippet:-1, max-image-preview:large, max-video-preview:-1\" \/>\n<link rel=\"canonical\" href=\"https:\/\/nuovamenon.com\/etica\/\" \/>\n<meta property=\"og:locale\" content=\"de_DE\" \/>\n<meta property=\"og:type\" content=\"article\" \/>\n<meta property=\"og:title\" content=\"Wohlbefinden der Menschen, des Territoriums und der Umwelt \u2013 Nuova Menon\" \/>\n<meta property=\"og:description\" content=\"Nuova Menon glaubt fest an die Wertsch\u00e4tzung der Mitarbeiter und f\u00f6rdert die \u00f6kologische Nachhaltigkeit. Erfahren Sie mehr \u00fcber unsere ethischen Grunds\u00e4tze.\" \/>\n<meta property=\"og:url\" content=\"https:\/\/nuovamenon.com\/etica\/\" \/>\n<meta property=\"og:site_name\" content=\"Nuovamenon\" \/>\n<meta property=\"article:modified_time\" content=\"2023-09-04T10:59:07+00:00\" \/>\n<meta name=\"twitter:card\" content=\"summary_large_image\" \/>\n<meta name=\"twitter:label1\" content=\"Gesch\u00e4tzte Lesezeit\" \/>\n\t<meta name=\"twitter:data1\" content=\"3\u00a0Minuten\" \/>\n<script type=\"application\/ld+json\" class=\"yoast-schema-graph\">{\"@context\":\"https:\\\/\\\/schema.org\",\"@graph\":[{\"@type\":\"WebPage\",\"@id\":\"https:\\\/\\\/nuovamenon.com\\\/etica\\\/\",\"url\":\"https:\\\/\\\/nuovamenon.com\\\/etica\\\/\",\"name\":\"Wohlbefinden der Menschen, des Territoriums und der Umwelt \u2013 Nuova Menon\",\"isPartOf\":{\"@id\":\"https:\\\/\\\/nuovamenon.com\\\/de\\\/#website\"},\"datePublished\":\"2019-10-17T09:26:58+00:00\",\"dateModified\":\"2023-09-04T10:59:07+00:00\",\"description\":\"Nuova Menon glaubt fest an die Wertsch\u00e4tzung der Mitarbeiter und f\u00f6rdert die \u00f6kologische Nachhaltigkeit. Erfahren Sie mehr \u00fcber unsere ethischen Grunds\u00e4tze.\",\"breadcrumb\":{\"@id\":\"https:\\\/\\\/nuovamenon.com\\\/etica\\\/#breadcrumb\"},\"inLanguage\":\"de\",\"potentialAction\":[{\"@type\":\"ReadAction\",\"target\":[\"https:\\\/\\\/nuovamenon.com\\\/etica\\\/\"]}]},{\"@type\":\"BreadcrumbList\",\"@id\":\"https:\\\/\\\/nuovamenon.com\\\/etica\\\/#breadcrumb\",\"itemListElement\":[{\"@type\":\"ListItem\",\"position\":1,\"name\":\"Home\",\"item\":\"https:\\\/\\\/nuovamenon.com\\\/de\\\/\"},{\"@type\":\"ListItem\",\"position\":2,\"name\":\"ETHIK\"}]},{\"@type\":\"WebSite\",\"@id\":\"https:\\\/\\\/nuovamenon.com\\\/de\\\/#website\",\"url\":\"https:\\\/\\\/nuovamenon.com\\\/de\\\/\",\"name\":\"Nuovamenon\",\"description\":\"My WordPress Blog\",\"potentialAction\":[{\"@type\":\"SearchAction\",\"target\":{\"@type\":\"EntryPoint\",\"urlTemplate\":\"https:\\\/\\\/nuovamenon.com\\\/de\\\/?s={search_term_string}\"},\"query-input\":{\"@type\":\"PropertyValueSpecification\",\"valueRequired\":true,\"valueName\":\"search_term_string\"}}],\"inLanguage\":\"de\"}]}<\/script>\n<!-- \/ Yoast SEO plugin. -->","yoast_head_json":{"title":"Wohlbefinden der Menschen, des Territoriums und der Umwelt \u2013 Nuova Menon","description":"Nuova Menon glaubt fest an die Wertsch\u00e4tzung der Mitarbeiter und f\u00f6rdert die \u00f6kologische Nachhaltigkeit. Erfahren Sie mehr \u00fcber unsere ethischen Grunds\u00e4tze.","robots":{"index":"index","follow":"follow","max-snippet":"max-snippet:-1","max-image-preview":"max-image-preview:large","max-video-preview":"max-video-preview:-1"},"canonical":"https:\/\/nuovamenon.com\/etica\/","og_locale":"de_DE","og_type":"article","og_title":"Wohlbefinden der Menschen, des Territoriums und der Umwelt \u2013 Nuova Menon","og_description":"Nuova Menon glaubt fest an die Wertsch\u00e4tzung der Mitarbeiter und f\u00f6rdert die \u00f6kologische Nachhaltigkeit. Erfahren Sie mehr \u00fcber unsere ethischen Grunds\u00e4tze.","og_url":"https:\/\/nuovamenon.com\/etica\/","og_site_name":"Nuovamenon","article_modified_time":"2023-09-04T10:59:07+00:00","twitter_card":"summary_large_image","twitter_misc":{"Gesch\u00e4tzte Lesezeit":"3\u00a0Minuten"},"schema":{"@context":"https:\/\/schema.org","@graph":[{"@type":"WebPage","@id":"https:\/\/nuovamenon.com\/etica\/","url":"https:\/\/nuovamenon.com\/etica\/","name":"Wohlbefinden der Menschen, des Territoriums und der Umwelt \u2013 Nuova Menon","isPartOf":{"@id":"https:\/\/nuovamenon.com\/de\/#website"},"datePublished":"2019-10-17T09:26:58+00:00","dateModified":"2023-09-04T10:59:07+00:00","description":"Nuova Menon glaubt fest an die Wertsch\u00e4tzung der Mitarbeiter und f\u00f6rdert die \u00f6kologische Nachhaltigkeit. Erfahren Sie mehr \u00fcber unsere ethischen Grunds\u00e4tze.","breadcrumb":{"@id":"https:\/\/nuovamenon.com\/etica\/#breadcrumb"},"inLanguage":"de","potentialAction":[{"@type":"ReadAction","target":["https:\/\/nuovamenon.com\/etica\/"]}]},{"@type":"BreadcrumbList","@id":"https:\/\/nuovamenon.com\/etica\/#breadcrumb","itemListElement":[{"@type":"ListItem","position":1,"name":"Home","item":"https:\/\/nuovamenon.com\/de\/"},{"@type":"ListItem","position":2,"name":"ETHIK"}]},{"@type":"WebSite","@id":"https:\/\/nuovamenon.com\/de\/#website","url":"https:\/\/nuovamenon.com\/de\/","name":"Nuovamenon","description":"My WordPress Blog","potentialAction":[{"@type":"SearchAction","target":{"@type":"EntryPoint","urlTemplate":"https:\/\/nuovamenon.com\/de\/?s={search_term_string}"},"query-input":{"@type":"PropertyValueSpecification","valueRequired":true,"valueName":"search_term_string"}}],"inLanguage":"de"}]}},"_links":{"self":[{"href":"https:\/\/nuovamenon.com\/de\/wp-json\/wp\/v2\/pages\/749","targetHints":{"allow":["GET"]}}],"collection":[{"href":"https:\/\/nuovamenon.com\/de\/wp-json\/wp\/v2\/pages"}],"about":[{"href":"https:\/\/nuovamenon.com\/de\/wp-json\/wp\/v2\/types\/page"}],"author":[{"embeddable":true,"href":"https:\/\/nuovamenon.com\/de\/wp-json\/wp\/v2\/users\/1"}],"replies":[{"embeddable":true,"href":"https:\/\/nuovamenon.com\/de\/wp-json\/wp\/v2\/comments?post=749"}],"version-history":[{"count":3,"href":"https:\/\/nuovamenon.com\/de\/wp-json\/wp\/v2\/pages\/749\/revisions"}],"predecessor-version":[{"id":2221,"href":"https:\/\/nuovamenon.com\/de\/wp-json\/wp\/v2\/pages\/749\/revisions\/2221"}],"wp:attachment":[{"href":"https:\/\/nuovamenon.com\/de\/wp-json\/wp\/v2\/media?parent=749"}],"curies":[{"name":"wp","href":"https:\/\/api.w.org\/{rel}","templated":true}]}}