{"id":769,"date":"2019-10-17T09:23:51","date_gmt":"2019-10-17T09:23:51","guid":{"rendered":"https:\/\/beta.nuovamenon.com\/produktion\/ufficio-tecnico\/"},"modified":"2023-09-04T11:13:32","modified_gmt":"2023-09-04T11:13:32","slug":"technisches-buero","status":"publish","type":"page","link":"https:\/\/nuovamenon.com\/de\/produktion\/technisches-buero\/","title":{"rendered":"TECHNISCHES B\u00dcRO"},"content":{"rendered":"\n\t<section class=\"section\" id=\"section_1829408750\">\n\t\t<div class=\"section-bg fill\" >\n\t\t\t<img loading=\"lazy\" decoding=\"async\" width=\"1920\" height=\"985\" src=\"https:\/\/nuovamenon.com\/wp-content\/uploads\/2019\/10\/ufficiotecnico_testa.jpg\" class=\"bg attachment-original size-original\" alt=\"\" \/>\t\t\t\t\t\t\n\t\t\t\n\n\t\t<\/div>\n\n\t\t\n\n\t\t<div class=\"section-content relative\">\n\t\t\t\n\n  <div class=\"banner has-hover\" id=\"banner-849762462\">\n          <div class=\"banner-inner fill\">\n        <div class=\"banner-bg fill\" >\n            <img loading=\"lazy\" decoding=\"async\" width=\"1020\" height=\"212\" src=\"https:\/\/nuovamenon.com\/wp-content\/uploads\/2019\/10\/sfumatura-1024x213.png\" class=\"bg attachment-large size-large\" alt=\"\" \/>                                    \n                    <\/div>\n\t\t\n        <div class=\"banner-layers container\">\n            <div class=\"fill banner-link\"><\/div>            \n   <div id=\"text-box-1162291374\" class=\"text-box banner-layer x50 md-x50 lg-x50 y0 md-y0 lg-y0 res-text\">\n                                <div class=\"text-box-content text dark\">\n              \n              <div class=\"text-inner text-center\">\n                  \n\t<div class=\"img has-hover x md-x lg-x y md-y lg-y\" id=\"image_2058739172\">\n\t\t\t\t\t\t\t\t<div class=\"img-inner image-cover dark\" style=\"padding-top:61px;\">\n\t\t\t<img loading=\"lazy\" decoding=\"async\" width=\"21\" height=\"61\" src=\"https:\/\/nuovamenon.com\/wp-content\/uploads\/2022\/02\/freccia2.png\" class=\"attachment-original size-original\" alt=\"\" \/>\t\t\t\t\t\t\n\t\t\t\t\t<\/div>\n\t\t\t\t\t\t\t\t\n<style>\n#image_2058739172 {\n  width: 2%;\n}\n<\/style>\n\t<\/div>\n\t\n<h1 class=\"titolettobanner\">TECHNISCHES B\u00dcRO<\/h1>\n<h2 class=\"titolibanner\">Intern, hochspezialisiert, effizient und technologisch immer auf dem neuesten Stand<\/h2>\n              <\/div>\n           <\/div>\n                            \n<style>\n#text-box-1162291374 {\n  width: 81%;\n}\n#text-box-1162291374 .text-box-content {\n  font-size: 100%;\n}\n<\/style>\n    <\/div>\n \n        <\/div>\n      <\/div>\n\n            \n<style>\n#banner-849762462 {\n  padding-top: 680px;\n  background-color: rgba(255, 255, 255, 0);\n}\n<\/style>\n  <\/div>\n\n\n\t\t<\/div>\n\n\t\t\n<style>\n#section_1829408750 {\n  padding-top: 0px;\n  padding-bottom: 0px;\n  min-height: 680px;\n}\n<\/style>\n\t<\/section>\n\t\n\n\t<section class=\"section\" id=\"section_955695297\">\n\t\t<div class=\"section-bg fill\" >\n\t\t\t\t\t\t\t\t\t\n\t\t\t\n\n\t\t<\/div>\n\n\t\t\n\n\t\t<div class=\"section-content relative\">\n\t\t\t\n<div class=\"row align-middle align-center hide-for-small\"  id=\"row-826092241\">\n\n\t<div id=\"col-166450463\" class=\"col medium-9 small-12 large-9\"  >\n\t\t\t\t<div class=\"col-inner text-center\"  >\n\t\t\t\n\t\t\t\n<h2 class=\"titolibanner\" style=\"text-align: center;\">Planung, Erstellung von Prototypen und Engineering<\/h2>\n<p class=\"regular\" style=\"text-align: center;\">Das Technische B\u00fcro ist das Herzst\u00fcck des Nuova Menon-Produktionssystems. Es befasst sich mit der 3D-Konstruktion aller zu fertigenden Bauteile und mit der Simulation der Werkzeugwege f\u00fcr deren Fertigung unter Verwendung von CAM-Software der neuesten Generation. Schon ab der Planungsphase ist das Technische B\u00fcro auch aktiv an der Umsetzung und Anwendung der Qualit\u00e4tspolitik beteiligt. Die von diesem erstellte Dokumentation der FMEA- (Fehler-M\u00f6glichkeits- und Einfluss-Analyse) und des PPAP (Produktionsteil-Abnahmeverfahren) kann dem Kunden auf Wunsch jederzeit zugesandt werden.<\/p>\n\t\t<\/div>\n\t\t\t\t\t<\/div>\n\n\t\n<\/div>\n<div class=\"row align-middle align-center show-for-medium\"  id=\"row-1645293951\">\n\n\t<div id=\"col-512699942\" class=\"col medium-9 small-12 large-9\"  >\n\t\t\t\t<div class=\"col-inner text-center\"  >\n\t\t\t\n\t\t\t\n<h2 class=\"titolibanner\" style=\"text-align: center;\"><span style=\"font-size: 90%;\">Planung, Erstellung von Prototypen und Engineering<\/h2>\n<p class=\"regular\" style=\"text-align: center;\">Das Technische B\u00fcro ist das Herzst\u00fcck des Nuova Menon-Produktionssystems. Es befasst sich mit der 3D-Konstruktion aller zu fertigenden Bauteile und mit der Simulation der Werkzeugwege f\u00fcr deren Fertigung unter Verwendung von CAM-Software der neuesten Generation. Schon ab der Planungsphase ist das Technische B\u00fcro auch aktiv an der Umsetzung und Anwendung der Qualit\u00e4tspolitik beteiligt. Die von diesem erstellte Dokumentation der FMEA- (Fehler-M\u00f6glichkeits- und Einfluss-Analyse) und des PPAP (Produktionsteil-Abnahmeverfahren) kann dem Kunden auf Wunsch jederzeit zugesandt werden.<\/p>\n\t\t<\/div>\n\t\t\t\t\t<\/div>\n\n\t\n<\/div>\n\t\t<\/div>\n\n\t\t\n<style>\n#section_955695297 {\n  padding-top: 60px;\n  padding-bottom: 60px;\n  min-height: 360px;\n}\n<\/style>\n\t<\/section>\n\t\n\n\t<section class=\"section\" id=\"section_581016911\">\n\t\t<div class=\"section-bg fill\" >\n\t\t\t\t\t\t\t\t\t\n\t\t\t\n\n\t\t<\/div>\n\n\t\t\n\n\t\t<div class=\"section-content relative\">\n\t\t\t\n<div class=\"row align-center\"  id=\"row-1060005606\">\n\n\t<div id=\"col-1586043387\" class=\"col show-for-small medium-10 small-12 large-10\"  >\n\t\t\t\t<div class=\"col-inner text-center\"  >\n\t\t\t\n\t\t\t\n<h2 class=\"titolibanner\" style=\"text-align: center;\"><span style=\"font-size: 80%;\">Software der neuesten Generation mit hohem Automatisierungsgrad<\/span><\/h2>\n\t\t<\/div>\n\t\t\t\t\t<\/div>\n\n\t\n\n\t<div id=\"col-75494997\" class=\"col hide-for-small medium-10 small-12 large-10\"  >\n\t\t\t\t<div class=\"col-inner text-center\"  >\n\t\t\t\n\t\t\t\n<h2 class=\"titolibanner\" style=\"text-align: center;\">Software der neuesten Generation mit hohem Automatisierungsgrad<\/h2>\n\t\t<\/div>\n\t\t\t\t\t<\/div>\n\n\t\n\n\t<div id=\"col-375218173\" class=\"col medium-4 small-12 large-4\"  >\n\t\t\t\t<div class=\"col-inner\"  >\n\t\t\t\n\t\t\t\n\t<div class=\"img has-hover x md-x lg-x y md-y lg-y\" id=\"image_2145523676\">\n\t\t\t\t\t\t\t\t<div class=\"img-inner dark\" >\n\t\t\t<img loading=\"lazy\" decoding=\"async\" width=\"334\" height=\"201\" src=\"https:\/\/nuovamenon.com\/wp-content\/uploads\/2019\/10\/ufficiotecnico_1.jpg\" class=\"attachment-large size-large\" alt=\"\" srcset=\"https:\/\/nuovamenon.com\/wp-content\/uploads\/2019\/10\/ufficiotecnico_1.jpg 334w, https:\/\/nuovamenon.com\/wp-content\/uploads\/2019\/10\/ufficiotecnico_1-300x181.jpg 300w\" sizes=\"auto, (max-width: 334px) 100vw, 334px\" \/>\t\t\t\t\t\t\n\t\t\t\t\t<\/div>\n\t\t\t\t\t\t\t\t\n<style>\n#image_2145523676 {\n  width: 100%;\n}\n<\/style>\n\t<\/div>\n\t\n<p style=\"text-align: center;\"><strong>CAD 3D<\/strong><\/p>\n<p class=\"regular\" style=\"text-align: center;\">Die Planungsphase wird \u00fcber eine<strong> 3D-CAD-Software (Solid Edge)<\/strong> gesteuert, mit der die Projektvarianten interaktiv und automatisch analysiert und komplexe \u00c4nderungen und gleichzeitige Aktualisierungen durchgef\u00fchrt werden k\u00f6nnen.<\/p>\n\t\t<\/div>\n\t\t\t\t\t<\/div>\n\n\t\n\n\t<div id=\"col-803182490\" class=\"col medium-4 small-12 large-4\"  >\n\t\t\t\t<div class=\"col-inner\"  >\n\t\t\t\n\t\t\t\n\t<div class=\"img has-hover x md-x lg-x y md-y lg-y\" id=\"image_8188566\">\n\t\t\t\t\t\t\t\t<div class=\"img-inner dark\" >\n\t\t\t<img loading=\"lazy\" decoding=\"async\" width=\"334\" height=\"201\" src=\"https:\/\/nuovamenon.com\/wp-content\/uploads\/2019\/10\/ufficiotecnico_2.jpg\" class=\"attachment-large size-large\" alt=\"\" srcset=\"https:\/\/nuovamenon.com\/wp-content\/uploads\/2019\/10\/ufficiotecnico_2.jpg 334w, https:\/\/nuovamenon.com\/wp-content\/uploads\/2019\/10\/ufficiotecnico_2-300x181.jpg 300w\" sizes=\"auto, (max-width: 334px) 100vw, 334px\" \/>\t\t\t\t\t\t\n\t\t\t\t\t<\/div>\n\t\t\t\t\t\t\t\t\n<style>\n#image_8188566 {\n  width: 100%;\n}\n<\/style>\n\t<\/div>\n\t\n<p style=\"text-align: center;\"><strong>CAE<\/strong><\/p>\n<p class=\"regular\" style=\"text-align: center;\">Nuova Menon ist eines der wenigen italienischen Unternehmen, das <strong>Forge<\/strong> einsetzt, die beste CAE-Simulationssoftware f\u00fcr das Gesenkschmieden, welche eine Verk\u00fcrzung der Produktionsanlaufzeiten und eine Simulation verschiedener Konstruktionsl\u00f6sungen f\u00fcr die Realisierung des Produktionsvorgangs und der Gesenkformgestaltung m\u00f6glich macht.<\/p>\n\t\t<\/div>\n\t\t\t\t\t<\/div>\n\n\t\n\n\t<div id=\"col-110734356\" class=\"col medium-4 small-12 large-4\"  >\n\t\t\t\t<div class=\"col-inner\"  >\n\t\t\t\n\t\t\t\n\t<div class=\"img has-hover x md-x lg-x y md-y lg-y\" id=\"image_1366686778\">\n\t\t\t\t\t\t\t\t<div class=\"img-inner image-cover dark\" style=\"padding-top:60%;\">\n\t\t\t<img loading=\"lazy\" decoding=\"async\" width=\"334\" height=\"221\" src=\"https:\/\/nuovamenon.com\/wp-content\/uploads\/2019\/11\/CAM.jpg\" class=\"attachment-large size-large\" alt=\"\" srcset=\"https:\/\/nuovamenon.com\/wp-content\/uploads\/2019\/11\/CAM.jpg 334w, https:\/\/nuovamenon.com\/wp-content\/uploads\/2019\/11\/CAM-300x199.jpg 300w\" sizes=\"auto, (max-width: 334px) 100vw, 334px\" \/>\t\t\t\t\t\t\n\t\t\t\t\t<\/div>\n\t\t\t\t\t\t\t\t\n<style>\n#image_1366686778 {\n  width: 100%;\n}\n<\/style>\n\t<\/div>\n\t\n<p style=\"text-align: center;\"><strong>CAM<\/strong><\/p>\n<p class=\"regular\" style=\"text-align: center;\">Die CAM-Software <strong>(PoweMILL und FeatureCAM)<\/strong> verbindet das virtuelle geometrische 3D-Konstruktionsmodell mit den CNC-Werkzeugmaschinen der Produktion und gibt diesen die notwendigen Arbeitsanweisungen, um den korrekten \u201eWerkzeugweg\u201c auszuf\u00fchren.<\/p>\n\t\t<\/div>\n\t\t\t\t\t<\/div>\n\n\t\n<\/div>\n\t\t<\/div>\n\n\t\t\n<style>\n#section_581016911 {\n  padding-top: 30px;\n  padding-bottom: 30px;\n}\n<\/style>\n\t<\/section>\n\t\n","protected":false},"excerpt":{"rendered":"","protected":false},"author":1,"featured_media":0,"parent":756,"menu_order":0,"comment_status":"closed","ping_status":"closed","template":"page-blank.php","meta":{"content-type":"","footnotes":""},"class_list":["post-769","page","type-page","status-publish","hentry"],"yoast_head":"<!-- This site is optimized with the Yoast SEO plugin v27.4 - https:\/\/yoast.com\/product\/yoast-seo-wordpress\/ -->\n<title>Technisches B\u00fcro \u2013 rasche Prototypanfertigung \u2013 Nuova Menon<\/title>\n<meta name=\"description\" content=\"Unser technisches B\u00fcro befasst sich mit der Realisierung von 3D-Projekten f\u00fcr alle Bauteile sowie mit der raschen Prototypanfertigung, unter Verwendung modernster Technologien.\" \/>\n<meta name=\"robots\" content=\"index, follow, max-snippet:-1, max-image-preview:large, max-video-preview:-1\" \/>\n<link rel=\"canonical\" href=\"https:\/\/nuovamenon.com\/produzione\/ufficio-tecnico\/\" \/>\n<meta property=\"og:locale\" content=\"de_DE\" \/>\n<meta property=\"og:type\" content=\"article\" \/>\n<meta property=\"og:title\" content=\"Technisches B\u00fcro \u2013 rasche Prototypanfertigung \u2013 Nuova Menon\" \/>\n<meta property=\"og:description\" content=\"Unser technisches B\u00fcro befasst sich mit der Realisierung von 3D-Projekten f\u00fcr alle Bauteile sowie mit der raschen Prototypanfertigung, unter Verwendung modernster Technologien.\" \/>\n<meta property=\"og:url\" content=\"https:\/\/nuovamenon.com\/produzione\/ufficio-tecnico\/\" \/>\n<meta property=\"og:site_name\" content=\"Nuovamenon\" \/>\n<meta property=\"article:modified_time\" content=\"2023-09-04T11:13:32+00:00\" \/>\n<meta name=\"twitter:card\" content=\"summary_large_image\" \/>\n<meta name=\"twitter:label1\" content=\"Gesch\u00e4tzte Lesezeit\" \/>\n\t<meta name=\"twitter:data1\" content=\"2\u00a0Minuten\" \/>\n<script type=\"application\/ld+json\" class=\"yoast-schema-graph\">{\"@context\":\"https:\\\/\\\/schema.org\",\"@graph\":[{\"@type\":\"WebPage\",\"@id\":\"https:\\\/\\\/nuovamenon.com\\\/produzione\\\/ufficio-tecnico\\\/\",\"url\":\"https:\\\/\\\/nuovamenon.com\\\/produzione\\\/ufficio-tecnico\\\/\",\"name\":\"Technisches B\u00fcro \u2013 rasche Prototypanfertigung \u2013 Nuova Menon\",\"isPartOf\":{\"@id\":\"https:\\\/\\\/nuovamenon.com\\\/de\\\/#website\"},\"datePublished\":\"2019-10-17T09:23:51+00:00\",\"dateModified\":\"2023-09-04T11:13:32+00:00\",\"description\":\"Unser technisches B\u00fcro befasst sich mit der Realisierung von 3D-Projekten f\u00fcr alle Bauteile sowie mit der raschen Prototypanfertigung, unter Verwendung modernster Technologien.\",\"breadcrumb\":{\"@id\":\"https:\\\/\\\/nuovamenon.com\\\/produzione\\\/ufficio-tecnico\\\/#breadcrumb\"},\"inLanguage\":\"de\",\"potentialAction\":[{\"@type\":\"ReadAction\",\"target\":[\"https:\\\/\\\/nuovamenon.com\\\/produzione\\\/ufficio-tecnico\\\/\"]}]},{\"@type\":\"BreadcrumbList\",\"@id\":\"https:\\\/\\\/nuovamenon.com\\\/produzione\\\/ufficio-tecnico\\\/#breadcrumb\",\"itemListElement\":[{\"@type\":\"ListItem\",\"position\":1,\"name\":\"Home\",\"item\":\"https:\\\/\\\/nuovamenon.com\\\/de\\\/\"},{\"@type\":\"ListItem\",\"position\":2,\"name\":\"PRODUKTION\",\"item\":\"https:\\\/\\\/nuovamenon.com\\\/produzione\\\/\"},{\"@type\":\"ListItem\",\"position\":3,\"name\":\"TECHNISCHES B\u00dcRO\"}]},{\"@type\":\"WebSite\",\"@id\":\"https:\\\/\\\/nuovamenon.com\\\/de\\\/#website\",\"url\":\"https:\\\/\\\/nuovamenon.com\\\/de\\\/\",\"name\":\"Nuovamenon\",\"description\":\"My WordPress Blog\",\"potentialAction\":[{\"@type\":\"SearchAction\",\"target\":{\"@type\":\"EntryPoint\",\"urlTemplate\":\"https:\\\/\\\/nuovamenon.com\\\/de\\\/?s={search_term_string}\"},\"query-input\":{\"@type\":\"PropertyValueSpecification\",\"valueRequired\":true,\"valueName\":\"search_term_string\"}}],\"inLanguage\":\"de\"}]}<\/script>\n<!-- \/ Yoast SEO plugin. -->","yoast_head_json":{"title":"Technisches B\u00fcro \u2013 rasche Prototypanfertigung \u2013 Nuova Menon","description":"Unser technisches B\u00fcro befasst sich mit der Realisierung von 3D-Projekten f\u00fcr alle Bauteile sowie mit der raschen Prototypanfertigung, unter Verwendung modernster Technologien.","robots":{"index":"index","follow":"follow","max-snippet":"max-snippet:-1","max-image-preview":"max-image-preview:large","max-video-preview":"max-video-preview:-1"},"canonical":"https:\/\/nuovamenon.com\/produzione\/ufficio-tecnico\/","og_locale":"de_DE","og_type":"article","og_title":"Technisches B\u00fcro \u2013 rasche Prototypanfertigung \u2013 Nuova Menon","og_description":"Unser technisches B\u00fcro befasst sich mit der Realisierung von 3D-Projekten f\u00fcr alle Bauteile sowie mit der raschen Prototypanfertigung, unter Verwendung modernster Technologien.","og_url":"https:\/\/nuovamenon.com\/produzione\/ufficio-tecnico\/","og_site_name":"Nuovamenon","article_modified_time":"2023-09-04T11:13:32+00:00","twitter_card":"summary_large_image","twitter_misc":{"Gesch\u00e4tzte Lesezeit":"2\u00a0Minuten"},"schema":{"@context":"https:\/\/schema.org","@graph":[{"@type":"WebPage","@id":"https:\/\/nuovamenon.com\/produzione\/ufficio-tecnico\/","url":"https:\/\/nuovamenon.com\/produzione\/ufficio-tecnico\/","name":"Technisches B\u00fcro \u2013 rasche Prototypanfertigung \u2013 Nuova Menon","isPartOf":{"@id":"https:\/\/nuovamenon.com\/de\/#website"},"datePublished":"2019-10-17T09:23:51+00:00","dateModified":"2023-09-04T11:13:32+00:00","description":"Unser technisches B\u00fcro befasst sich mit der Realisierung von 3D-Projekten f\u00fcr alle Bauteile sowie mit der raschen Prototypanfertigung, unter Verwendung modernster Technologien.","breadcrumb":{"@id":"https:\/\/nuovamenon.com\/produzione\/ufficio-tecnico\/#breadcrumb"},"inLanguage":"de","potentialAction":[{"@type":"ReadAction","target":["https:\/\/nuovamenon.com\/produzione\/ufficio-tecnico\/"]}]},{"@type":"BreadcrumbList","@id":"https:\/\/nuovamenon.com\/produzione\/ufficio-tecnico\/#breadcrumb","itemListElement":[{"@type":"ListItem","position":1,"name":"Home","item":"https:\/\/nuovamenon.com\/de\/"},{"@type":"ListItem","position":2,"name":"PRODUKTION","item":"https:\/\/nuovamenon.com\/produzione\/"},{"@type":"ListItem","position":3,"name":"TECHNISCHES B\u00dcRO"}]},{"@type":"WebSite","@id":"https:\/\/nuovamenon.com\/de\/#website","url":"https:\/\/nuovamenon.com\/de\/","name":"Nuovamenon","description":"My WordPress Blog","potentialAction":[{"@type":"SearchAction","target":{"@type":"EntryPoint","urlTemplate":"https:\/\/nuovamenon.com\/de\/?s={search_term_string}"},"query-input":{"@type":"PropertyValueSpecification","valueRequired":true,"valueName":"search_term_string"}}],"inLanguage":"de"}]}},"_links":{"self":[{"href":"https:\/\/nuovamenon.com\/de\/wp-json\/wp\/v2\/pages\/769","targetHints":{"allow":["GET"]}}],"collection":[{"href":"https:\/\/nuovamenon.com\/de\/wp-json\/wp\/v2\/pages"}],"about":[{"href":"https:\/\/nuovamenon.com\/de\/wp-json\/wp\/v2\/types\/page"}],"author":[{"embeddable":true,"href":"https:\/\/nuovamenon.com\/de\/wp-json\/wp\/v2\/users\/1"}],"replies":[{"embeddable":true,"href":"https:\/\/nuovamenon.com\/de\/wp-json\/wp\/v2\/comments?post=769"}],"version-history":[{"count":2,"href":"https:\/\/nuovamenon.com\/de\/wp-json\/wp\/v2\/pages\/769\/revisions"}],"predecessor-version":[{"id":2264,"href":"https:\/\/nuovamenon.com\/de\/wp-json\/wp\/v2\/pages\/769\/revisions\/2264"}],"up":[{"embeddable":true,"href":"https:\/\/nuovamenon.com\/de\/wp-json\/wp\/v2\/pages\/756"}],"wp:attachment":[{"href":"https:\/\/nuovamenon.com\/de\/wp-json\/wp\/v2\/media?parent=769"}],"curies":[{"name":"wp","href":"https:\/\/api.w.org\/{rel}","templated":true}]}}