{"id":776,"date":"2019-10-17T09:24:11","date_gmt":"2019-10-17T09:24:11","guid":{"rendered":"https:\/\/beta.nuovamenon.com\/produktion\/realizzazione-stampi\/"},"modified":"2023-09-04T11:06:09","modified_gmt":"2023-09-04T11:06:09","slug":"realisierung-von-gesenkformen","status":"publish","type":"page","link":"https:\/\/nuovamenon.com\/de\/produktion\/realisierung-von-gesenkformen\/","title":{"rendered":"REALISIERUNG VON GESENKFORMEN"},"content":{"rendered":"\n\t<section class=\"section\" id=\"section_1652954573\">\n\t\t<div class=\"section-bg fill\" >\n\t\t\t<img loading=\"lazy\" decoding=\"async\" width=\"1920\" height=\"952\" src=\"https:\/\/nuovamenon.com\/wp-content\/uploads\/2019\/10\/realizzazione_stampi_testa.jpg\" class=\"bg attachment-original size-original\" alt=\"Realizzazione stampi\" \/>\t\t\t\t\t\t\n\t\t\t\n\n\t\t<\/div>\n\n\t\t\n\n\t\t<div class=\"section-content relative\">\n\t\t\t\n\n  <div class=\"banner has-hover\" id=\"banner-2035536041\">\n          <div class=\"banner-inner fill\">\n        <div class=\"banner-bg fill\" >\n            <img loading=\"lazy\" decoding=\"async\" width=\"1920\" height=\"400\" src=\"https:\/\/nuovamenon.com\/wp-content\/uploads\/2019\/10\/sfumatura.png\" class=\"bg attachment-original size-original\" alt=\"\" \/>                                    \n                    <\/div>\n\t\t\n        <div class=\"banner-layers container\">\n            <div class=\"fill banner-link\"><\/div>            \n   <div id=\"text-box-112593250\" class=\"text-box banner-layer x50 md-x50 lg-x50 y0 md-y0 lg-y0 res-text\">\n                                <div class=\"text-box-content text dark\">\n              \n              <div class=\"text-inner text-center\">\n                  \n\t<div class=\"img has-hover x md-x lg-x y md-y lg-y\" id=\"image_1196823678\">\n\t\t\t\t\t\t\t\t<div class=\"img-inner image-cover dark\" style=\"padding-top:61px;\">\n\t\t\t<img loading=\"lazy\" decoding=\"async\" width=\"21\" height=\"61\" src=\"https:\/\/nuovamenon.com\/wp-content\/uploads\/2022\/02\/freccia2.png\" class=\"attachment-original size-original\" alt=\"\" \/>\t\t\t\t\t\t\n\t\t\t\t\t<\/div>\n\t\t\t\t\t\t\t\t\n<style>\n#image_1196823678 {\n  width: 2%;\n}\n<\/style>\n\t<\/div>\n\t\n<h4 class=\"titolettobanner\">REALIZZAZIONE STAMPI<\/h4>\n<h1 class=\"titolibanner\">Stampi ed utensili realizzati ad hoc ed in-house<\/h1>\n              <\/div>\n           <\/div>\n                            \n<style>\n#text-box-112593250 {\n  width: 88%;\n}\n#text-box-112593250 .text-box-content {\n  font-size: 100%;\n}\n<\/style>\n    <\/div>\n \n        <\/div>\n      <\/div>\n\n            \n<style>\n#banner-2035536041 {\n  padding-top: 680px;\n  background-color: rgba(255, 255, 255, 0);\n}\n<\/style>\n  <\/div>\n\n\n\t\t<\/div>\n\n\t\t\n<style>\n#section_1652954573 {\n  padding-top: 0px;\n  padding-bottom: 0px;\n  min-height: 680px;\n}\n<\/style>\n\t<\/section>\n\t\n\n\t<section class=\"section\" id=\"section_636812845\">\n\t\t<div class=\"section-bg fill\" >\n\t\t\t\t\t\t\t\t\t\n\t\t\t\n\n\t\t<\/div>\n\n\t\t\n\n\t\t<div class=\"section-content relative\">\n\t\t\t\n<div class=\"row align-middle align-center\"  id=\"row-2119004575\">\n\n\t<div id=\"col-1384033805\" class=\"col medium-9 small-12 large-9\"  >\n\t\t\t\t<div class=\"col-inner text-center\"  >\n\t\t\t\n\t\t\t\n<h2 class=\"titolibanner\" style=\"text-align: center;\">Stampi ed attrezzi su misura<\/h2>\n<p class=\"regular\" style=\"text-align: center;\"><strong>Nuova Menon,<\/strong> azienda da quasi 150 anni nel settore metallurgico, <strong>progetta e costruisce internamente tutte le attrezzature necessarie alla realizzazione degli articoli in produzione<\/strong> con un processo di prototipazione rapida dei metalli.<\/p>\n<p class=\"regular\" style=\"text-align: center;\">Stampi, pinze di presa per antropomorfi, trancia bava, morsetteria presa pezzo transfer, staffe per le macchine di misura vengono tutti<strong> studiati e creati internamente ad hoc sulle esigenze del cliente<\/strong>. Il processo di prototipazione rapida \u00e8 automatizzato e viene guidato dall\u2019Ufficio Tecnico e da un Team specializzato.<\/p>\n<p class=\"regular\" style=\"text-align: center;\">Grazie all\u2019uso di software specifici all\u2019avanguardia, l\u2019Ufficio Tecnico progetta le lavorazioni che verranno svolte dalle macchine utensili CNC di ultima generazione. Il processo produttivo dei macchinari viene sorvegliato costantemente da personale altamente specializzato che assicura la <strong>perfetta rispondenza<\/strong> degli attrezzi realizzati alle necessit\u00e0 del processo produttivo mantenendo standard qualitativi massimi.<\/p>\n\t<div id=\"gap-217016900\" class=\"gap-element clearfix\" style=\"display:block; height:auto;\">\n\t\t\n<style>\n#gap-217016900 {\n  padding-top: 60px;\n}\n<\/style>\n\t<\/div>\n\t\n<a href=\"https:\/\/nuovamenon.com\/de\/kontakte\/\" class=\"button primary expand\" >\n\t\t<span>richiedi informazioni<\/span>\n\t<\/a>\n\n\t\t<\/div>\n\t\t\t\t\t<\/div>\n\n\t\n<\/div>\n\t\t<\/div>\n\n\t\t\n<style>\n#section_636812845 {\n  padding-top: 60px;\n  padding-bottom: 60px;\n  min-height: 360px;\n}\n<\/style>\n\t<\/section>\n\t\n","protected":false},"excerpt":{"rendered":"","protected":false},"author":1,"featured_media":0,"parent":756,"menu_order":0,"comment_status":"closed","ping_status":"closed","template":"page-blank.php","meta":{"content-type":"","footnotes":""},"class_list":["post-776","page","type-page","status-publish","hentry"],"yoast_head":"<!-- This site is optimized with the Yoast SEO plugin v27.4 - https:\/\/yoast.com\/product\/yoast-seo-wordpress\/ -->\n<title>Realisierung von Gesenkformen \u2013 Nuova Menon<\/title>\n<meta name=\"description\" content=\"Nuova Menon entwirft und produziert Gesenkformen f\u00fcr die Komponentenfertigung. Ma\u00dfgeschneiderte, unternehmensintern hergestellte L\u00f6sungen f\u00fcr jede Anforderung.\" \/>\n<meta name=\"robots\" content=\"index, follow, max-snippet:-1, max-image-preview:large, max-video-preview:-1\" \/>\n<link rel=\"canonical\" href=\"https:\/\/nuovamenon.com\/produzione\/realizzazione-stampi\/\" \/>\n<meta property=\"og:locale\" content=\"de_DE\" \/>\n<meta property=\"og:type\" content=\"article\" \/>\n<meta property=\"og:title\" content=\"Realisierung von Gesenkformen \u2013 Nuova Menon\" \/>\n<meta property=\"og:description\" content=\"Nuova Menon entwirft und produziert Gesenkformen f\u00fcr die Komponentenfertigung. Ma\u00dfgeschneiderte, unternehmensintern hergestellte L\u00f6sungen f\u00fcr jede Anforderung.\" \/>\n<meta property=\"og:url\" content=\"https:\/\/nuovamenon.com\/produzione\/realizzazione-stampi\/\" \/>\n<meta property=\"og:site_name\" content=\"Nuovamenon\" \/>\n<meta property=\"article:modified_time\" content=\"2023-09-04T11:06:09+00:00\" \/>\n<meta name=\"twitter:card\" content=\"summary_large_image\" \/>\n<meta name=\"twitter:label1\" content=\"Gesch\u00e4tzte Lesezeit\" \/>\n\t<meta name=\"twitter:data1\" content=\"1\u00a0Minute\" \/>\n<script type=\"application\/ld+json\" class=\"yoast-schema-graph\">{\"@context\":\"https:\\\/\\\/schema.org\",\"@graph\":[{\"@type\":\"WebPage\",\"@id\":\"https:\\\/\\\/nuovamenon.com\\\/produzione\\\/realizzazione-stampi\\\/\",\"url\":\"https:\\\/\\\/nuovamenon.com\\\/produzione\\\/realizzazione-stampi\\\/\",\"name\":\"Realisierung von Gesenkformen \u2013 Nuova Menon\",\"isPartOf\":{\"@id\":\"https:\\\/\\\/nuovamenon.com\\\/de\\\/#website\"},\"datePublished\":\"2019-10-17T09:24:11+00:00\",\"dateModified\":\"2023-09-04T11:06:09+00:00\",\"description\":\"Nuova Menon entwirft und produziert Gesenkformen f\u00fcr die Komponentenfertigung. Ma\u00dfgeschneiderte, unternehmensintern hergestellte L\u00f6sungen f\u00fcr jede Anforderung.\",\"breadcrumb\":{\"@id\":\"https:\\\/\\\/nuovamenon.com\\\/produzione\\\/realizzazione-stampi\\\/#breadcrumb\"},\"inLanguage\":\"de\",\"potentialAction\":[{\"@type\":\"ReadAction\",\"target\":[\"https:\\\/\\\/nuovamenon.com\\\/produzione\\\/realizzazione-stampi\\\/\"]}]},{\"@type\":\"BreadcrumbList\",\"@id\":\"https:\\\/\\\/nuovamenon.com\\\/produzione\\\/realizzazione-stampi\\\/#breadcrumb\",\"itemListElement\":[{\"@type\":\"ListItem\",\"position\":1,\"name\":\"Home\",\"item\":\"https:\\\/\\\/nuovamenon.com\\\/de\\\/\"},{\"@type\":\"ListItem\",\"position\":2,\"name\":\"PRODUKTION\",\"item\":\"https:\\\/\\\/nuovamenon.com\\\/produzione\\\/\"},{\"@type\":\"ListItem\",\"position\":3,\"name\":\"REALISIERUNG VON GESENKFORMEN\"}]},{\"@type\":\"WebSite\",\"@id\":\"https:\\\/\\\/nuovamenon.com\\\/de\\\/#website\",\"url\":\"https:\\\/\\\/nuovamenon.com\\\/de\\\/\",\"name\":\"Nuovamenon\",\"description\":\"My WordPress Blog\",\"potentialAction\":[{\"@type\":\"SearchAction\",\"target\":{\"@type\":\"EntryPoint\",\"urlTemplate\":\"https:\\\/\\\/nuovamenon.com\\\/de\\\/?s={search_term_string}\"},\"query-input\":{\"@type\":\"PropertyValueSpecification\",\"valueRequired\":true,\"valueName\":\"search_term_string\"}}],\"inLanguage\":\"de\"}]}<\/script>\n<!-- \/ Yoast SEO plugin. -->","yoast_head_json":{"title":"Realisierung von Gesenkformen \u2013 Nuova Menon","description":"Nuova Menon entwirft und produziert Gesenkformen f\u00fcr die Komponentenfertigung. Ma\u00dfgeschneiderte, unternehmensintern hergestellte L\u00f6sungen f\u00fcr jede Anforderung.","robots":{"index":"index","follow":"follow","max-snippet":"max-snippet:-1","max-image-preview":"max-image-preview:large","max-video-preview":"max-video-preview:-1"},"canonical":"https:\/\/nuovamenon.com\/produzione\/realizzazione-stampi\/","og_locale":"de_DE","og_type":"article","og_title":"Realisierung von Gesenkformen \u2013 Nuova Menon","og_description":"Nuova Menon entwirft und produziert Gesenkformen f\u00fcr die Komponentenfertigung. Ma\u00dfgeschneiderte, unternehmensintern hergestellte L\u00f6sungen f\u00fcr jede Anforderung.","og_url":"https:\/\/nuovamenon.com\/produzione\/realizzazione-stampi\/","og_site_name":"Nuovamenon","article_modified_time":"2023-09-04T11:06:09+00:00","twitter_card":"summary_large_image","twitter_misc":{"Gesch\u00e4tzte Lesezeit":"1\u00a0Minute"},"schema":{"@context":"https:\/\/schema.org","@graph":[{"@type":"WebPage","@id":"https:\/\/nuovamenon.com\/produzione\/realizzazione-stampi\/","url":"https:\/\/nuovamenon.com\/produzione\/realizzazione-stampi\/","name":"Realisierung von Gesenkformen \u2013 Nuova Menon","isPartOf":{"@id":"https:\/\/nuovamenon.com\/de\/#website"},"datePublished":"2019-10-17T09:24:11+00:00","dateModified":"2023-09-04T11:06:09+00:00","description":"Nuova Menon entwirft und produziert Gesenkformen f\u00fcr die Komponentenfertigung. Ma\u00dfgeschneiderte, unternehmensintern hergestellte L\u00f6sungen f\u00fcr jede Anforderung.","breadcrumb":{"@id":"https:\/\/nuovamenon.com\/produzione\/realizzazione-stampi\/#breadcrumb"},"inLanguage":"de","potentialAction":[{"@type":"ReadAction","target":["https:\/\/nuovamenon.com\/produzione\/realizzazione-stampi\/"]}]},{"@type":"BreadcrumbList","@id":"https:\/\/nuovamenon.com\/produzione\/realizzazione-stampi\/#breadcrumb","itemListElement":[{"@type":"ListItem","position":1,"name":"Home","item":"https:\/\/nuovamenon.com\/de\/"},{"@type":"ListItem","position":2,"name":"PRODUKTION","item":"https:\/\/nuovamenon.com\/produzione\/"},{"@type":"ListItem","position":3,"name":"REALISIERUNG VON GESENKFORMEN"}]},{"@type":"WebSite","@id":"https:\/\/nuovamenon.com\/de\/#website","url":"https:\/\/nuovamenon.com\/de\/","name":"Nuovamenon","description":"My WordPress Blog","potentialAction":[{"@type":"SearchAction","target":{"@type":"EntryPoint","urlTemplate":"https:\/\/nuovamenon.com\/de\/?s={search_term_string}"},"query-input":{"@type":"PropertyValueSpecification","valueRequired":true,"valueName":"search_term_string"}}],"inLanguage":"de"}]}},"_links":{"self":[{"href":"https:\/\/nuovamenon.com\/de\/wp-json\/wp\/v2\/pages\/776","targetHints":{"allow":["GET"]}}],"collection":[{"href":"https:\/\/nuovamenon.com\/de\/wp-json\/wp\/v2\/pages"}],"about":[{"href":"https:\/\/nuovamenon.com\/de\/wp-json\/wp\/v2\/types\/page"}],"author":[{"embeddable":true,"href":"https:\/\/nuovamenon.com\/de\/wp-json\/wp\/v2\/users\/1"}],"replies":[{"embeddable":true,"href":"https:\/\/nuovamenon.com\/de\/wp-json\/wp\/v2\/comments?post=776"}],"version-history":[{"count":3,"href":"https:\/\/nuovamenon.com\/de\/wp-json\/wp\/v2\/pages\/776\/revisions"}],"predecessor-version":[{"id":2236,"href":"https:\/\/nuovamenon.com\/de\/wp-json\/wp\/v2\/pages\/776\/revisions\/2236"}],"up":[{"embeddable":true,"href":"https:\/\/nuovamenon.com\/de\/wp-json\/wp\/v2\/pages\/756"}],"wp:attachment":[{"href":"https:\/\/nuovamenon.com\/de\/wp-json\/wp\/v2\/media?parent=776"}],"curies":[{"name":"wp","href":"https:\/\/api.w.org\/{rel}","templated":true}]}}