{"id":785,"date":"2019-10-17T09:24:31","date_gmt":"2019-10-17T09:24:31","guid":{"rendered":"https:\/\/beta.nuovamenon.com\/produktion\/stampaggio-e-tranciatura\/"},"modified":"2023-09-04T11:08:41","modified_gmt":"2023-09-04T11:08:41","slug":"gesenkschmieden-und-entgraten","status":"publish","type":"page","link":"https:\/\/nuovamenon.com\/de\/produktion\/gesenkschmieden-und-entgraten\/","title":{"rendered":"GESENKSCHMIEDEN UND ENTGRATEN"},"content":{"rendered":"\n\t<section class=\"section\" id=\"section_1846032503\">\n\t\t<div class=\"section-bg fill\" >\n\t\t\t<img loading=\"lazy\" decoding=\"async\" width=\"1920\" height=\"985\" src=\"https:\/\/nuovamenon.com\/wp-content\/uploads\/2019\/10\/stampaggio_testa.jpg\" class=\"bg attachment-original size-original\" alt=\"\" \/>\t\t\t\t\t\t\n\t\t\t\n\n\t\t<\/div>\n\n\t\t\n\n\t\t<div class=\"section-content relative\">\n\t\t\t\n\n  <div class=\"banner has-hover\" id=\"banner-17799033\">\n          <div class=\"banner-inner fill\">\n        <div class=\"banner-bg fill\" >\n            <img loading=\"lazy\" decoding=\"async\" width=\"1920\" height=\"400\" src=\"https:\/\/nuovamenon.com\/wp-content\/uploads\/2019\/10\/sfumatura.png\" class=\"bg attachment-original size-original\" alt=\"\" \/>                                    \n                    <\/div>\n\t\t\n        <div class=\"banner-layers container\">\n            <div class=\"fill banner-link\"><\/div>            \n   <div id=\"text-box-790252023\" class=\"text-box banner-layer x50 md-x50 lg-x50 y0 md-y0 lg-y0 res-text\">\n                                <div class=\"text-box-content text dark\">\n              \n              <div class=\"text-inner text-center\">\n                  \n\t<div class=\"img has-hover x md-x lg-x y md-y lg-y\" id=\"image_1741399180\">\n\t\t\t\t\t\t\t\t<div class=\"img-inner image-cover dark\" style=\"padding-top:61px;\">\n\t\t\t<img loading=\"lazy\" decoding=\"async\" width=\"21\" height=\"61\" src=\"https:\/\/nuovamenon.com\/wp-content\/uploads\/2022\/02\/freccia2.png\" class=\"attachment-original size-original\" alt=\"\" \/>\t\t\t\t\t\t\n\t\t\t\t\t<\/div>\n\t\t\t\t\t\t\t\t\n<style>\n#image_1741399180 {\n  width: 2%;\n}\n<\/style>\n\t<\/div>\n\t\n<h4 class=\"titolettobanner\">GESENKSCHMIEDEN UND ENTGRATEN<\/h4>\n<h1 class=\"titolibanner\">Hochautomatisierte Prozesse <br \/>f\u00fcr maximale Pr\u00e4zision<\/h1>\n              <\/div>\n           <\/div>\n                            \n<style>\n#text-box-790252023 {\n  width: 81%;\n}\n#text-box-790252023 .text-box-content {\n  font-size: 100%;\n}\n<\/style>\n    <\/div>\n \n        <\/div>\n      <\/div>\n\n            \n<style>\n#banner-17799033 {\n  padding-top: 680px;\n  background-color: rgba(255, 255, 255, 0);\n}\n<\/style>\n  <\/div>\n\n\n\t\t<\/div>\n\n\t\t\n<style>\n#section_1846032503 {\n  padding-top: 0px;\n  padding-bottom: 0px;\n  min-height: 680px;\n}\n#section_1846032503 .section-bg img {\n  object-position: 29% 40%;\n}\n<\/style>\n\t<\/section>\n\t\n\n\t<section class=\"section\" id=\"section_2048913153\">\n\t\t<div class=\"section-bg fill\" >\n\t\t\t\t\t\t\t\t\t\n\t\t\t\n\n\t\t<\/div>\n\n\t\t\n\n\t\t<div class=\"section-content relative\">\n\t\t\t\n<div class=\"row align-middle align-center\"  id=\"row-2080833347\">\n\n\t<div id=\"col-30863783\" class=\"col medium-9 small-12 large-9\"  >\n\t\t\t\t<div class=\"col-inner text-center\"  >\n\t\t\t\n\t\t\t\n<h2 class=\"titolibanner\" style=\"text-align: center;\">Warmpressen von Messing, Aluminium, Kupfer und Stahl<\/h2>\n<p class=\"regular\" style=\"text-align: center;\">Die Phase des Warmpressens besteht aus drei Schritten: Zers\u00e4gen der Barren, Warmpressen und Entgraten. Diese Schritte werden durch Technologien und Software der neuesten Generation mit einem hohen Automatisierungsgrad verwaltet, um das Risiko auf Fehler auszuschlie\u00dfen und absolute Pr\u00e4zision und Zuverl\u00e4ssigkeit zu garantieren.<\/p>\n\t\t<\/div>\n\t\t\t\t\t<\/div>\n\n\t\n<\/div>\n\t\t<\/div>\n\n\t\t\n<style>\n#section_2048913153 {\n  padding-top: 60px;\n  padding-bottom: 60px;\n  min-height: 360px;\n}\n<\/style>\n\t<\/section>\n\t\n\n\t<section class=\"section\" id=\"section_1783727753\">\n\t\t<div class=\"section-bg fill\" >\n\t\t\t\t\t\t\t\t\t\n\t\t\t\n\n\t\t<\/div>\n\n\t\t\n\n\t\t<div class=\"section-content relative\">\n\t\t\t\n  <div class=\"banner-grid-wrapper\">\n  <div id=\"banner-grid-350890448\" class=\"banner-grid row row-grid row-collapse row-full-width\" data-packery-options=\"\">\n                      \n<div class=\"col grid-col small-12 large-6 grid-col-1-2\" ><div class=\"col-inner\">\n\n  <div class=\"banner has-hover\" id=\"banner-1501157575\">\n          <div class=\"banner-inner fill\">\n        <div class=\"banner-bg fill\" >\n            <img loading=\"lazy\" decoding=\"async\" width=\"960\" height=\"291\" src=\"https:\/\/nuovamenon.com\/wp-content\/uploads\/2019\/10\/stampaggio_1.jpg\" class=\"bg attachment-original size-original\" alt=\"\" \/>                                    \n                    <\/div>\n\t\t\n        <div class=\"banner-layers container\">\n            <div class=\"fill banner-link\"><\/div>            \n        <\/div>\n      <\/div>\n\n            \n<style>\n#banner-1501157575 {\n  padding-top: 500px;\n}\n#banner-1501157575 .banner-bg img {\n  object-position: 0% 48%;\n}\n<\/style>\n  <\/div>\n\n\n<\/div><\/div>\n<div class=\"col grid-col small-12 large-6 grid-col-1\" ><div class=\"col-inner\">\n\n  <div class=\"banner has-hover\" id=\"banner-500739493\">\n          <div class=\"banner-inner fill\">\n        <div class=\"banner-bg fill\" >\n            <img loading=\"lazy\" decoding=\"async\" width=\"960\" height=\"578\" src=\"https:\/\/nuovamenon.com\/wp-content\/uploads\/2019\/10\/stampaggio_2.jpg\" class=\"bg attachment-original size-original\" alt=\"\" \/>                                    \n                    <\/div>\n\t\t\n        <div class=\"banner-layers container\">\n            <div class=\"fill banner-link\"><\/div>            \n        <\/div>\n      <\/div>\n\n            \n<style>\n#banner-500739493 {\n  padding-top: 500px;\n}\n#banner-500739493 .banner-bg img {\n  object-position: 0% 58%;\n}\n<\/style>\n  <\/div>\n\n\n<\/div><\/div>\n<div class=\"col grid-col small-12 large-6 grid-col-1-2\" ><div class=\"col-inner\">\n\n  <div class=\"banner has-hover\" id=\"banner-1905580566\">\n          <div class=\"banner-inner fill\">\n        <div class=\"banner-bg fill\" >\n            <img loading=\"lazy\" decoding=\"async\" width=\"960\" height=\"289\" src=\"https:\/\/nuovamenon.com\/wp-content\/uploads\/2019\/10\/stampaggio_3.jpg\" class=\"bg attachment-original size-original\" alt=\"\" \/>                                    \n                    <\/div>\n\t\t\n        <div class=\"banner-layers container\">\n            <div class=\"fill banner-link\"><\/div>            \n        <\/div>\n      <\/div>\n\n            \n<style>\n#banner-1905580566 {\n  padding-top: 206px;\n  background-color: rgb(255,255,255);\n}\n<\/style>\n  <\/div>\n\n\n<\/div><\/div>\n            <\/div>\n    <style>\n    #banner-grid-350890448 .grid-col-1{height: 417px}\n    #banner-grid-350890448 .grid-col-1-2{height: 208.5px}\n    #banner-grid-350890448 .grid-col-1-3{height:139px}\n    #banner-grid-350890448 .grid-col-2-3{height: 278px}\n    #banner-grid-350890448 .grid-col-1-4{height: 104.25px}\n    #banner-grid-350890448 .grid-col-3-4{height: 312.75px}\n\n\n    \n    \n\n  <\/style>\n    <\/div>\n  \n\t\t<\/div>\n\n\t\t\n<style>\n#section_1783727753 {\n  padding-top: 0px;\n  padding-bottom: 0px;\n  min-height: 415px;\n}\n<\/style>\n\t<\/section>\n\t\n","protected":false},"excerpt":{"rendered":"","protected":false},"author":1,"featured_media":0,"parent":756,"menu_order":0,"comment_status":"closed","ping_status":"closed","template":"page-blank.php","meta":{"content-type":"","footnotes":""},"class_list":["post-785","page","type-page","status-publish","hentry"],"yoast_head":"<!-- This site is optimized with the Yoast SEO plugin v27.4 - https:\/\/yoast.com\/product\/yoast-seo-wordpress\/ -->\n<title>Warmpressen von Messing und Entgratung \u2013 Nuova Menon<\/title>\n<meta name=\"description\" content=\"Nuova Menon entwirft und produziert Warmpressteile f\u00fcr die Komponentenfertigung. Ma\u00dfgeschneiderte unternehmensintern hergestellte L\u00f6sungen f\u00fcr jede Anforderung.\" \/>\n<meta name=\"robots\" content=\"index, follow, max-snippet:-1, max-image-preview:large, max-video-preview:-1\" \/>\n<link rel=\"canonical\" href=\"https:\/\/nuovamenon.com\/produzione\/stampaggio\/\" \/>\n<meta property=\"og:locale\" content=\"de_DE\" \/>\n<meta property=\"og:type\" content=\"article\" \/>\n<meta property=\"og:title\" content=\"Warmpressen von Messing und Entgratung \u2013 Nuova Menon\" \/>\n<meta property=\"og:description\" content=\"Nuova Menon entwirft und produziert Warmpressteile f\u00fcr die Komponentenfertigung. Ma\u00dfgeschneiderte unternehmensintern hergestellte L\u00f6sungen f\u00fcr jede Anforderung.\" \/>\n<meta property=\"og:url\" content=\"https:\/\/nuovamenon.com\/produzione\/stampaggio\/\" \/>\n<meta property=\"og:site_name\" content=\"Nuovamenon\" \/>\n<meta property=\"article:modified_time\" content=\"2023-09-04T11:08:41+00:00\" \/>\n<meta name=\"twitter:card\" content=\"summary_large_image\" \/>\n<meta name=\"twitter:label1\" content=\"Gesch\u00e4tzte Lesezeit\" \/>\n\t<meta name=\"twitter:data1\" content=\"1\u00a0Minute\" \/>\n<script type=\"application\/ld+json\" class=\"yoast-schema-graph\">{\"@context\":\"https:\\\/\\\/schema.org\",\"@graph\":[{\"@type\":\"WebPage\",\"@id\":\"https:\\\/\\\/nuovamenon.com\\\/produzione\\\/stampaggio\\\/\",\"url\":\"https:\\\/\\\/nuovamenon.com\\\/produzione\\\/stampaggio\\\/\",\"name\":\"Warmpressen von Messing und Entgratung \u2013 Nuova Menon\",\"isPartOf\":{\"@id\":\"https:\\\/\\\/nuovamenon.com\\\/de\\\/#website\"},\"datePublished\":\"2019-10-17T09:24:31+00:00\",\"dateModified\":\"2023-09-04T11:08:41+00:00\",\"description\":\"Nuova Menon entwirft und produziert Warmpressteile f\u00fcr die Komponentenfertigung. Ma\u00dfgeschneiderte unternehmensintern hergestellte L\u00f6sungen f\u00fcr jede Anforderung.\",\"breadcrumb\":{\"@id\":\"https:\\\/\\\/nuovamenon.com\\\/produzione\\\/stampaggio\\\/#breadcrumb\"},\"inLanguage\":\"de\",\"potentialAction\":[{\"@type\":\"ReadAction\",\"target\":[\"https:\\\/\\\/nuovamenon.com\\\/produzione\\\/stampaggio\\\/\"]}]},{\"@type\":\"BreadcrumbList\",\"@id\":\"https:\\\/\\\/nuovamenon.com\\\/produzione\\\/stampaggio\\\/#breadcrumb\",\"itemListElement\":[{\"@type\":\"ListItem\",\"position\":1,\"name\":\"Home\",\"item\":\"https:\\\/\\\/nuovamenon.com\\\/de\\\/\"},{\"@type\":\"ListItem\",\"position\":2,\"name\":\"PRODUKTION\",\"item\":\"https:\\\/\\\/nuovamenon.com\\\/produzione\\\/\"},{\"@type\":\"ListItem\",\"position\":3,\"name\":\"GESENKSCHMIEDEN UND ENTGRATEN\"}]},{\"@type\":\"WebSite\",\"@id\":\"https:\\\/\\\/nuovamenon.com\\\/de\\\/#website\",\"url\":\"https:\\\/\\\/nuovamenon.com\\\/de\\\/\",\"name\":\"Nuovamenon\",\"description\":\"My WordPress Blog\",\"potentialAction\":[{\"@type\":\"SearchAction\",\"target\":{\"@type\":\"EntryPoint\",\"urlTemplate\":\"https:\\\/\\\/nuovamenon.com\\\/de\\\/?s={search_term_string}\"},\"query-input\":{\"@type\":\"PropertyValueSpecification\",\"valueRequired\":true,\"valueName\":\"search_term_string\"}}],\"inLanguage\":\"de\"}]}<\/script>\n<!-- \/ Yoast SEO plugin. -->","yoast_head_json":{"title":"Warmpressen von Messing und Entgratung \u2013 Nuova Menon","description":"Nuova Menon entwirft und produziert Warmpressteile f\u00fcr die Komponentenfertigung. Ma\u00dfgeschneiderte unternehmensintern hergestellte L\u00f6sungen f\u00fcr jede Anforderung.","robots":{"index":"index","follow":"follow","max-snippet":"max-snippet:-1","max-image-preview":"max-image-preview:large","max-video-preview":"max-video-preview:-1"},"canonical":"https:\/\/nuovamenon.com\/produzione\/stampaggio\/","og_locale":"de_DE","og_type":"article","og_title":"Warmpressen von Messing und Entgratung \u2013 Nuova Menon","og_description":"Nuova Menon entwirft und produziert Warmpressteile f\u00fcr die Komponentenfertigung. Ma\u00dfgeschneiderte unternehmensintern hergestellte L\u00f6sungen f\u00fcr jede Anforderung.","og_url":"https:\/\/nuovamenon.com\/produzione\/stampaggio\/","og_site_name":"Nuovamenon","article_modified_time":"2023-09-04T11:08:41+00:00","twitter_card":"summary_large_image","twitter_misc":{"Gesch\u00e4tzte Lesezeit":"1\u00a0Minute"},"schema":{"@context":"https:\/\/schema.org","@graph":[{"@type":"WebPage","@id":"https:\/\/nuovamenon.com\/produzione\/stampaggio\/","url":"https:\/\/nuovamenon.com\/produzione\/stampaggio\/","name":"Warmpressen von Messing und Entgratung \u2013 Nuova Menon","isPartOf":{"@id":"https:\/\/nuovamenon.com\/de\/#website"},"datePublished":"2019-10-17T09:24:31+00:00","dateModified":"2023-09-04T11:08:41+00:00","description":"Nuova Menon entwirft und produziert Warmpressteile f\u00fcr die Komponentenfertigung. Ma\u00dfgeschneiderte unternehmensintern hergestellte L\u00f6sungen f\u00fcr jede Anforderung.","breadcrumb":{"@id":"https:\/\/nuovamenon.com\/produzione\/stampaggio\/#breadcrumb"},"inLanguage":"de","potentialAction":[{"@type":"ReadAction","target":["https:\/\/nuovamenon.com\/produzione\/stampaggio\/"]}]},{"@type":"BreadcrumbList","@id":"https:\/\/nuovamenon.com\/produzione\/stampaggio\/#breadcrumb","itemListElement":[{"@type":"ListItem","position":1,"name":"Home","item":"https:\/\/nuovamenon.com\/de\/"},{"@type":"ListItem","position":2,"name":"PRODUKTION","item":"https:\/\/nuovamenon.com\/produzione\/"},{"@type":"ListItem","position":3,"name":"GESENKSCHMIEDEN UND ENTGRATEN"}]},{"@type":"WebSite","@id":"https:\/\/nuovamenon.com\/de\/#website","url":"https:\/\/nuovamenon.com\/de\/","name":"Nuovamenon","description":"My WordPress Blog","potentialAction":[{"@type":"SearchAction","target":{"@type":"EntryPoint","urlTemplate":"https:\/\/nuovamenon.com\/de\/?s={search_term_string}"},"query-input":{"@type":"PropertyValueSpecification","valueRequired":true,"valueName":"search_term_string"}}],"inLanguage":"de"}]}},"_links":{"self":[{"href":"https:\/\/nuovamenon.com\/de\/wp-json\/wp\/v2\/pages\/785","targetHints":{"allow":["GET"]}}],"collection":[{"href":"https:\/\/nuovamenon.com\/de\/wp-json\/wp\/v2\/pages"}],"about":[{"href":"https:\/\/nuovamenon.com\/de\/wp-json\/wp\/v2\/types\/page"}],"author":[{"embeddable":true,"href":"https:\/\/nuovamenon.com\/de\/wp-json\/wp\/v2\/users\/1"}],"replies":[{"embeddable":true,"href":"https:\/\/nuovamenon.com\/de\/wp-json\/wp\/v2\/comments?post=785"}],"version-history":[{"count":2,"href":"https:\/\/nuovamenon.com\/de\/wp-json\/wp\/v2\/pages\/785\/revisions"}],"predecessor-version":[{"id":2243,"href":"https:\/\/nuovamenon.com\/de\/wp-json\/wp\/v2\/pages\/785\/revisions\/2243"}],"up":[{"embeddable":true,"href":"https:\/\/nuovamenon.com\/de\/wp-json\/wp\/v2\/pages\/756"}],"wp:attachment":[{"href":"https:\/\/nuovamenon.com\/de\/wp-json\/wp\/v2\/media?parent=785"}],"curies":[{"name":"wp","href":"https:\/\/api.w.org\/{rel}","templated":true}]}}