{"id":807,"date":"2019-10-17T09:23:21","date_gmt":"2019-10-17T09:23:21","guid":{"rendered":"https:\/\/beta.nuovamenon.com\/lavora-con-noi\/"},"modified":"2024-07-01T13:45:55","modified_gmt":"2024-07-01T13:45:55","slug":"arbeiten-bei-nuova-menon","status":"publish","type":"page","link":"https:\/\/nuovamenon.com\/de\/arbeiten-bei-nuova-menon\/","title":{"rendered":"ARBEITEN BEI NUOVA MENON"},"content":{"rendered":"\n\t<section class=\"section\" id=\"section_1084233399\">\n\t\t<div class=\"section-bg fill\" >\n\t\t\t\t\t\t\t\t\t\n\t\t\t\n\n\t\t<\/div>\n\n\t\t\n\n\t\t<div class=\"section-content relative\">\n\t\t\t\n<div class=\"row\"  id=\"row-1674000854\">\n\n\t<div id=\"col-410955653\" class=\"col medium-6 small-12 large-6\"  >\n\t\t\t\t<div class=\"col-inner\"  >\n\t\t\t\n\t\t\t\n<h1 class=\"titologrigio\">WARUM NUOVA MENON W\u00c4HLEN?<\/h1>\n\t\t<\/div>\n\t\t\t\t\t<\/div>\n\n\t\n\n\t<div id=\"col-589320751\" class=\"col medium-5 small-12 large-5\"  >\n\t\t\t\t<div class=\"col-inner\"  >\n\t\t\t\n\t\t\t\n<p class=\"regular\"><strong>Menschen sind das gr\u00f6\u00dfte Kapital von Nuova Menon.<\/strong> Aus diesem Grund investieren wir in sie, indem wir zahlreiche Schulungs- und Entwicklungsm\u00f6glichkeiten, ma\u00dfgeschneiderte Karrierepl\u00e4ne und innovative und personalisierte Vorteile anbieten. <strong>Wir f\u00f6rdern eine solide und offene Unternehmenskultur, neue Wege, um stets im Wandel der Zeit zu arbeiten, und ein kollaboratives und motivierendes Arbeitsumfeld, das die berufliche und pers\u00f6nliche Weiterentwicklung f\u00f6rdert.<\/strong> Wir bieten unseren Mitarbeitern hervorragende Leistungen, mit dem Bewusstsein, dass ihr Wohlbefinden und ihre Zufriedenheit dem Erfolg und Wachstum des Unternehmens entsprechen.<\/p>\n\t\t<\/div>\n\t\t\t\t\t<\/div>\n\n\t\n<\/div>\n\t\t<\/div>\n\n\t\t\n<style>\n#section_1084233399 {\n  padding-top: 30px;\n  padding-bottom: 30px;\n  min-height: 560px;\n}\n<\/style>\n\t<\/section>\n\t\n\n\t<section class=\"section\" id=\"section_404062740\">\n\t\t<div class=\"section-bg fill\" >\n\t\t\t<img loading=\"lazy\" decoding=\"async\" width=\"1920\" height=\"711\" src=\"https:\/\/nuovamenon.com\/wp-content\/uploads\/2019\/10\/lavora_con_noi.jpg\" class=\"bg attachment-original size-original\" alt=\"\" \/>\t\t\t\t\t\t<div class=\"section-bg-overlay absolute fill\"><\/div>\n\t\t\t\n\n\t\t<\/div>\n\n\t\t\n\n\t\t<div class=\"section-content relative\">\n\t\t\t\n<div class=\"row\"  id=\"row-1277661084\">\n\n\t<div id=\"col-1662381721\" class=\"col medium-6 small-12 large-6\"  >\n\t\t\t\t<div class=\"col-inner\"  >\n\t\t\t\n\t\t\t\n\t\t<\/div>\n\t\t\t\t\t<\/div>\n\n\t\n\n\t<div id=\"col-134779226\" class=\"col medium-5 small-12 large-5\"  >\n\t\t\t\t<div class=\"col-inner\"  >\n\t\t\t\n\t\t\t\n<h2 class=\"titolibanner\" style=\"color: #e2ff00; text-align: left;\">Ein Unternehmen w\u00e4chst dank talentierter Menschen und dem Zusammentreffen von Leidenschaft und Arbeit<\/h2>\n\t\t<\/div>\n\t\t\t\t\t<\/div>\n\n\t\n<\/div>\n\t\t<\/div>\n\n\t\t\n<style>\n#section_404062740 {\n  padding-top: 30px;\n  padding-bottom: 30px;\n  min-height: 504px;\n}\n#section_404062740 .section-bg-overlay {\n  background-color: rgba(0, 0, 0, 0.3);\n}\n<\/style>\n\t<\/section>\n\t\n\n\t<section class=\"section\" id=\"section_2001585866\">\n\t\t<div class=\"section-bg fill\" >\n\t\t\t\t\t\t\t\t\t\n\t\t\t\n\n\t\t<\/div>\n\n\t\t\n\n\t\t<div class=\"section-content relative\">\n\t\t\t\n<div class=\"row align-center\"  id=\"row-871535277\">\n\n\t<div id=\"col-423223551\" class=\"col medium-10 small-12 large-10\"  >\n\t\t\t\t<div class=\"col-inner text-center\"  >\n\t\t\t\n\t\t\t\n<h3 style=\"text-align: center;\"><span style=\"font-size: 95%; color: #747c93;\">Senden Sie uns Ihre spontane Bewerbung. Ihr Lebenslauf wird in unsere Datenbank aufgenommen und wir k\u00f6nnen ihn in Bezug auf jede unserer neuen offenen Stellen einsehen.<\/span><\/h3>\n\t\t<\/div>\n\t\t\t\t\t<\/div>\n\n\t\n\n\t<div id=\"col-1395559062\" class=\"col small-12 large-12\"  >\n\t\t\t\t<div class=\"col-inner text-left\"  >\n\t\t\t\n\t\t\t\n\n<div class=\"wpcf7 no-js\" id=\"wpcf7-f2864-o1\" lang=\"it-IT\" dir=\"ltr\" data-wpcf7-id=\"2864\">\n<div class=\"screen-reader-response\"><p role=\"status\" aria-live=\"polite\" aria-atomic=\"true\"><\/p> <ul><\/ul><\/div>\n<form action=\"\/de\/wp-json\/wp\/v2\/pages\/807#wpcf7-f2864-o1\" method=\"post\" class=\"wpcf7-form init\" aria-label=\"Modulo di contatto\" enctype=\"multipart\/form-data\" novalidate=\"novalidate\" data-status=\"init\">\n<fieldset class=\"hidden-fields-container\"><input type=\"hidden\" name=\"_wpcf7\" value=\"2864\" \/><input type=\"hidden\" name=\"_wpcf7_version\" value=\"6.1.5\" \/><input type=\"hidden\" name=\"_wpcf7_locale\" value=\"it_IT\" \/><input type=\"hidden\" name=\"_wpcf7_unit_tag\" value=\"wpcf7-f2864-o1\" \/><input type=\"hidden\" name=\"_wpcf7_container_post\" value=\"0\" \/><input type=\"hidden\" name=\"_wpcf7_posted_data_hash\" value=\"\" \/>\n<\/fieldset>\n<p><div class=\"row row-small\"  id=\"row-280689749\">\n<\/p>\n<p>\n\t<div id=\"col-1999402569\" class=\"col medium-6 small-12 large-6\"  >\n\t\t\t\t<div class=\"col-inner\"  >\n\t\t\t\n\t\t\t\n<\/p>\n<p><span class=\"wpcf7-form-control-wrap\" data-name=\"nome\"><input size=\"40\" maxlength=\"400\" class=\"wpcf7-form-control wpcf7-text\" aria-invalid=\"false\" placeholder=\"NAME*\" value=\"\" type=\"text\" name=\"nome\" \/><\/span>\n<\/p>\n<p>\t\t<\/div>\n\t\t\t\t\t<\/div>\n\n\t<br \/>\n\n\t<div id=\"col-1882092912\" class=\"col medium-6 small-12 large-6\"  >\n\t\t\t\t<div class=\"col-inner\"  >\n\t\t\t\n\t\t\t<br \/>\n<span class=\"wpcf7-form-control-wrap\" data-name=\"cognome\"><input size=\"40\" maxlength=\"400\" class=\"wpcf7-form-control wpcf7-text\" aria-invalid=\"false\" placeholder=\"NACHNAME*\" value=\"\" type=\"text\" name=\"cognome\" \/><\/span>\n<\/p>\n<p>\t\t<\/div>\n\t\t\t\t\t<\/div>\n\n\t\n<\/p>\n<p><\/div>\n<\/p>\n<p><div class=\"row row-small\"  id=\"row-293546276\">\n<\/p>\n<p>\n\t<div id=\"col-1676918021\" class=\"col medium-6 small-12 large-6\"  >\n\t\t\t\t<div class=\"col-inner\"  >\n\t\t\t\n\t\t\t<br \/>\n<span class=\"wpcf7-form-control-wrap\" data-name=\"cellulare\"><input size=\"40\" maxlength=\"400\" class=\"wpcf7-form-control wpcf7-text\" aria-invalid=\"false\" placeholder=\"MOBIL-TELEFON\" value=\"\" type=\"text\" name=\"cellulare\" \/><\/span>\n<\/p>\n<p>\t\t<\/div>\n\t\t\t\t\t<\/div>\n\n\t<br \/>\n\n\t<div id=\"col-986337676\" class=\"col medium-6 small-12 large-6\"  >\n\t\t\t\t<div class=\"col-inner\"  >\n\t\t\t\n\t\t\t<br \/>\n<span class=\"wpcf7-form-control-wrap\" data-name=\"email\"><input size=\"40\" maxlength=\"400\" class=\"wpcf7-form-control wpcf7-email wpcf7-validates-as-required wpcf7-text wpcf7-validates-as-email\" aria-required=\"true\" aria-invalid=\"false\" placeholder=\"E-MAIL*\" value=\"\" type=\"email\" name=\"email\" \/><\/span>\n<\/p>\n<p>\t\t<\/div>\n\t\t\t\t\t<\/div>\n\n\t\n<\/p>\n<p><\/div>\n<\/p>\n<p><label> Bewerben Sie sich f\u00fcr die Stelle von (OPTIONAL - geben Sie die Stelle oder Abteilung an, f\u00fcr die Sie sich bewerben m\u00f6chten):<br \/>\n<span class=\"wpcf7-form-control-wrap\" data-name=\"posizione\"><input size=\"40\" maxlength=\"400\" class=\"wpcf7-form-control wpcf7-text\" aria-invalid=\"false\" placeholder=\"STELLENANGEBOT\" value=\"\" type=\"text\" name=\"posizione\" \/><\/span><\/label>\n<\/p>\n<p><label> Anschreiben (fakultativ, aber empfohlen)<br \/>\n<span class=\"wpcf7-form-control-wrap\" data-name=\"your-message\"><textarea cols=\"40\" rows=\"10\" maxlength=\"2000\" class=\"wpcf7-form-control wpcf7-textarea\" aria-invalid=\"false\" name=\"your-message\"><\/textarea><\/span><\/label>\n<\/p>\n<p><label> F\u00fcgen Sie Ihren Lebenslauf im PDF-, DOC- oder DOCX-Format bei (max. 4 MB) <span class=\"wpcf7-form-control-wrap\" data-name=\"allegato\"><input size=\"40\" class=\"wpcf7-form-control wpcf7-file\" accept=\".pdf,.doc,.docx\" aria-invalid=\"false\" type=\"file\" name=\"allegato\" \/><\/span><\/label>\n<\/p>\n<p><span style=\"font-weight:normal; font-size:0.75em;\">Um die Kontaktanfrage abschicken zu k\u00f6nnen, m\u00fcssen Sie die Datenschutzbestimmungen akzeptieren*<\/span>\n<\/p>\n<p><span class=\"wpcf7-form-control-wrap\" data-name=\"acceptance-603\"><span class=\"wpcf7-form-control wpcf7-acceptance\"><span class=\"wpcf7-list-item\"><label><input type=\"checkbox\" name=\"acceptance-603\" value=\"1\" aria-invalid=\"false\" \/><span class=\"wpcf7-list-item-label\"><span style=\"font-weight:normal; font-size:0.75em;\">Ich erkl\u00e4re, dass ich die Informationen unter diesem <a href=\"#\">link<\/a> gelesen habe, und erkl\u00e4re mich mit der Verarbeitung meiner personenbezogenen Daten zu den dort angegebenen Zwecken einverstanden.*<\/span><\/span><\/label><\/span><\/span><\/span>\n<\/p>\n<p><span class=\"wpcf7-form-control-wrap\" data-name=\"acceptance-603\"><span class=\"wpcf7-form-control wpcf7-acceptance optional\"><span class=\"wpcf7-list-item\"><label><input type=\"checkbox\" name=\"acceptance-603\" value=\"1\" aria-invalid=\"false\" \/><span class=\"wpcf7-list-item-label\"><span style=\"font-weight:normal; font-size:0.75em;\">Au\u00dferdem erkl\u00e4re ich mich mit der Verarbeitung und Weitergabe meiner personenbezogenen Daten zu Marketingzwecken einverstanden.<\/span><\/span><\/label><\/span><\/span><\/span>\n<\/p>\n<p><input class=\"wpcf7-form-control wpcf7-submit has-spinner\" type=\"submit\" value=\"Bewerbung einreichen\" \/>\n<\/p><div class=\"wpcf7-response-output\" aria-hidden=\"true\"><\/div>\n<\/form>\n<\/div>\n\n\t\t<\/div>\n\t\t\t\t\t<\/div>\n\n\t\n\n\t<div id=\"col-262614617\" class=\"col small-12 large-12\"  >\n\t\t\t\t<div class=\"col-inner\"  >\n\t\t\t\n\t\t\t\n<h3 style=\"text-align: center;\"><span style=\"font-size: 95%; color: #747c93;\">Oder konsultieren Sie eine der aktuell offenen Stellen.<\/span><\/h3>\n<p><span style=\"font-size: 120%;\"><strong><a href=\"#form\" data-product-name=\"Addetto allo Stampaggio\">Formgebungsbeauftragter<\/a><\/strong><\/span><\/p>\n<p>Es ist w\u00fcnschenswert, dass der Bewerber in einem Umkreis von 20 km um das Unternehmen wohnt.<br \/>Weitere Informationen zu den Aufgaben und Anforderungen werden w\u00e4hrend des Vorstellungsgespr\u00e4chs gegeben.<\/p>\n\t\t<\/div>\n\t\t\t\t\t<\/div>\n\n\t\n<\/div>\n\t\t<\/div>\n\n\t\t\n<style>\n#section_2001585866 {\n  padding-top: 30px;\n  padding-bottom: 30px;\n}\n<\/style>\n\t<\/section>\n\t\n","protected":false},"excerpt":{"rendered":"","protected":false},"author":1,"featured_media":0,"parent":0,"menu_order":0,"comment_status":"closed","ping_status":"closed","template":"page-blank.php","meta":{"content-type":"","footnotes":""},"class_list":["post-807","page","type-page","status-publish","hentry"],"yoast_head":"<!-- This site is optimized with the Yoast SEO plugin v27.5 - https:\/\/yoast.com\/product\/yoast-seo-wordpress\/ -->\n<title>ARBEITEN BEI NUOVA MENON - Nuovamenon<\/title>\n<meta name=\"robots\" content=\"index, follow, max-snippet:-1, max-image-preview:large, max-video-preview:-1\" \/>\n<link rel=\"canonical\" href=\"https:\/\/nuovamenon.com\/de\/arbeiten-bei-nuova-menon\/\" \/>\n<meta property=\"og:locale\" content=\"de_DE\" \/>\n<meta property=\"og:type\" content=\"article\" \/>\n<meta property=\"og:title\" content=\"ARBEITEN BEI NUOVA MENON - Nuovamenon\" \/>\n<meta property=\"og:url\" content=\"https:\/\/nuovamenon.com\/de\/arbeiten-bei-nuova-menon\/\" \/>\n<meta property=\"og:site_name\" content=\"Nuovamenon\" \/>\n<meta property=\"article:modified_time\" content=\"2024-07-01T13:45:55+00:00\" \/>\n<meta name=\"twitter:card\" content=\"summary_large_image\" \/>\n<meta name=\"twitter:label1\" content=\"Gesch\u00e4tzte Lesezeit\" \/>\n\t<meta name=\"twitter:data1\" content=\"2\u00a0Minuten\" \/>\n<script type=\"application\/ld+json\" class=\"yoast-schema-graph\">{\"@context\":\"https:\\\/\\\/schema.org\",\"@graph\":[{\"@type\":\"WebPage\",\"@id\":\"https:\\\/\\\/nuovamenon.com\\\/de\\\/arbeiten-bei-nuova-menon\\\/\",\"url\":\"https:\\\/\\\/nuovamenon.com\\\/de\\\/arbeiten-bei-nuova-menon\\\/\",\"name\":\"ARBEITEN BEI NUOVA MENON - Nuovamenon\",\"isPartOf\":{\"@id\":\"https:\\\/\\\/nuovamenon.com\\\/de\\\/#website\"},\"datePublished\":\"2019-10-17T09:23:21+00:00\",\"dateModified\":\"2024-07-01T13:45:55+00:00\",\"breadcrumb\":{\"@id\":\"https:\\\/\\\/nuovamenon.com\\\/de\\\/arbeiten-bei-nuova-menon\\\/#breadcrumb\"},\"inLanguage\":\"de\",\"potentialAction\":[{\"@type\":\"ReadAction\",\"target\":[\"https:\\\/\\\/nuovamenon.com\\\/de\\\/arbeiten-bei-nuova-menon\\\/\"]}]},{\"@type\":\"BreadcrumbList\",\"@id\":\"https:\\\/\\\/nuovamenon.com\\\/de\\\/arbeiten-bei-nuova-menon\\\/#breadcrumb\",\"itemListElement\":[{\"@type\":\"ListItem\",\"position\":1,\"name\":\"Home\",\"item\":\"https:\\\/\\\/nuovamenon.com\\\/de\\\/\"},{\"@type\":\"ListItem\",\"position\":2,\"name\":\"ARBEITEN BEI NUOVA MENON\"}]},{\"@type\":\"WebSite\",\"@id\":\"https:\\\/\\\/nuovamenon.com\\\/de\\\/#website\",\"url\":\"https:\\\/\\\/nuovamenon.com\\\/de\\\/\",\"name\":\"Nuovamenon\",\"description\":\"My WordPress Blog\",\"potentialAction\":[{\"@type\":\"SearchAction\",\"target\":{\"@type\":\"EntryPoint\",\"urlTemplate\":\"https:\\\/\\\/nuovamenon.com\\\/de\\\/?s={search_term_string}\"},\"query-input\":{\"@type\":\"PropertyValueSpecification\",\"valueRequired\":true,\"valueName\":\"search_term_string\"}}],\"inLanguage\":\"de\"}]}<\/script>\n<!-- \/ Yoast SEO plugin. -->","yoast_head_json":{"title":"ARBEITEN BEI NUOVA MENON - Nuovamenon","robots":{"index":"index","follow":"follow","max-snippet":"max-snippet:-1","max-image-preview":"max-image-preview:large","max-video-preview":"max-video-preview:-1"},"canonical":"https:\/\/nuovamenon.com\/de\/arbeiten-bei-nuova-menon\/","og_locale":"de_DE","og_type":"article","og_title":"ARBEITEN BEI NUOVA MENON - Nuovamenon","og_url":"https:\/\/nuovamenon.com\/de\/arbeiten-bei-nuova-menon\/","og_site_name":"Nuovamenon","article_modified_time":"2024-07-01T13:45:55+00:00","twitter_card":"summary_large_image","twitter_misc":{"Gesch\u00e4tzte Lesezeit":"2\u00a0Minuten"},"schema":{"@context":"https:\/\/schema.org","@graph":[{"@type":"WebPage","@id":"https:\/\/nuovamenon.com\/de\/arbeiten-bei-nuova-menon\/","url":"https:\/\/nuovamenon.com\/de\/arbeiten-bei-nuova-menon\/","name":"ARBEITEN BEI NUOVA MENON - Nuovamenon","isPartOf":{"@id":"https:\/\/nuovamenon.com\/de\/#website"},"datePublished":"2019-10-17T09:23:21+00:00","dateModified":"2024-07-01T13:45:55+00:00","breadcrumb":{"@id":"https:\/\/nuovamenon.com\/de\/arbeiten-bei-nuova-menon\/#breadcrumb"},"inLanguage":"de","potentialAction":[{"@type":"ReadAction","target":["https:\/\/nuovamenon.com\/de\/arbeiten-bei-nuova-menon\/"]}]},{"@type":"BreadcrumbList","@id":"https:\/\/nuovamenon.com\/de\/arbeiten-bei-nuova-menon\/#breadcrumb","itemListElement":[{"@type":"ListItem","position":1,"name":"Home","item":"https:\/\/nuovamenon.com\/de\/"},{"@type":"ListItem","position":2,"name":"ARBEITEN BEI NUOVA MENON"}]},{"@type":"WebSite","@id":"https:\/\/nuovamenon.com\/de\/#website","url":"https:\/\/nuovamenon.com\/de\/","name":"Nuovamenon","description":"My WordPress Blog","potentialAction":[{"@type":"SearchAction","target":{"@type":"EntryPoint","urlTemplate":"https:\/\/nuovamenon.com\/de\/?s={search_term_string}"},"query-input":{"@type":"PropertyValueSpecification","valueRequired":true,"valueName":"search_term_string"}}],"inLanguage":"de"}]}},"_links":{"self":[{"href":"https:\/\/nuovamenon.com\/de\/wp-json\/wp\/v2\/pages\/807","targetHints":{"allow":["GET"]}}],"collection":[{"href":"https:\/\/nuovamenon.com\/de\/wp-json\/wp\/v2\/pages"}],"about":[{"href":"https:\/\/nuovamenon.com\/de\/wp-json\/wp\/v2\/types\/page"}],"author":[{"embeddable":true,"href":"https:\/\/nuovamenon.com\/de\/wp-json\/wp\/v2\/users\/1"}],"replies":[{"embeddable":true,"href":"https:\/\/nuovamenon.com\/de\/wp-json\/wp\/v2\/comments?post=807"}],"version-history":[{"count":6,"href":"https:\/\/nuovamenon.com\/de\/wp-json\/wp\/v2\/pages\/807\/revisions"}],"predecessor-version":[{"id":2866,"href":"https:\/\/nuovamenon.com\/de\/wp-json\/wp\/v2\/pages\/807\/revisions\/2866"}],"wp:attachment":[{"href":"https:\/\/nuovamenon.com\/de\/wp-json\/wp\/v2\/media?parent=807"}],"curies":[{"name":"wp","href":"https:\/\/api.w.org\/{rel}","templated":true}]}}